{"id":189,"date":"2025-08-05T07:28:59","date_gmt":"2025-08-05T07:28:59","guid":{"rendered":"https:\/\/20bet.cafe\/at\/?page_id=189"},"modified":"2025-10-17T11:09:57","modified_gmt":"2025-10-17T11:09:57","slug":"casino","status":"publish","type":"page","link":"https:\/\/20bet.cafe\/at\/casino\/","title":{"rendered":"Kasino"},"content":{"rendered":"","protected":false},"excerpt":{"rendered":"","protected":false},"author":1,"featured_media":0,"parent":0,"menu_order":0,"comment_status":"closed","ping_status":"closed","template":"","meta":{"footnotes":""},"class_list":["post-189","page","type-page","status-publish","hentry"],"yoast_head":"<!-- This site is optimized with the Yoast SEO plugin v26.6 - https:\/\/yoast.com\/wordpress\/plugins\/seo\/ -->\n<title>20Bet \u00d6sterreich Kasino | Online-Gl\u00fccksspiele und helle Emotionen<\/title>\n<meta name=\"description\" content=\"Sind Sie auf der Suche nach Nervenkitzel und Aufregung beim Online-Gl\u00fccksspiel? Lesen Sie unsere Bewertung von 20Bet Kasino: Entdecken Sie die besten Slots und Tischspiele.\" \/>\n<meta name=\"robots\" content=\"index, follow, max-snippet:-1, max-image-preview:large, max-video-preview:-1\" \/>\n<meta property=\"og:locale\" content=\"de_DE\" \/>\n<meta property=\"og:type\" content=\"article\" \/>\n<meta property=\"og:title\" content=\"20Bet \u00d6sterreich Kasino | Online-Gl\u00fccksspiele und helle Emotionen\" \/>\n<meta property=\"og:description\" content=\"Sind Sie auf der Suche nach Nervenkitzel und Aufregung beim Online-Gl\u00fccksspiel? Lesen Sie unsere Bewertung von 20Bet Kasino: Entdecken Sie die besten Slots und Tischspiele.\" \/>\n<meta property=\"og:url\" content=\"https:\/\/20bet.cafe\/at\/casino\/\" \/>\n<meta property=\"og:site_name\" content=\"20bet Cafe at\" \/>\n<meta property=\"article:modified_time\" content=\"2025-10-17T11:09:57+00:00\" \/>\n<meta name=\"twitter:card\" content=\"summary_large_image\" \/>\n<script type=\"application\/ld+json\" class=\"yoast-schema-graph\">{\"@context\":\"https:\/\/schema.org\",\"@graph\":[{\"@type\":\"WebPage\",\"@id\":\"https:\/\/20bet.cafe\/at\/casino\/\",\"url\":\"https:\/\/20bet.cafe\/at\/casino\/\",\"name\":\"20Bet \u00d6sterreich Kasino | Online-Gl\u00fccksspiele und helle Emotionen\",\"isPartOf\":{\"@id\":\"https:\/\/20bet.cafe\/at\/#website\"},\"datePublished\":\"2025-08-05T07:28:59+00:00\",\"dateModified\":\"2025-10-17T11:09:57+00:00\",\"description\":\"Sind Sie auf der Suche nach Nervenkitzel und Aufregung beim Online-Gl\u00fccksspiel? Lesen Sie unsere Bewertung von 20Bet Kasino: Entdecken Sie die besten Slots und Tischspiele.\",\"breadcrumb\":{\"@id\":\"https:\/\/20bet.cafe\/at\/casino\/#breadcrumb\"},\"inLanguage\":\"de-AT\",\"potentialAction\":[{\"@type\":\"ReadAction\",\"target\":[\"https:\/\/20bet.cafe\/at\/casino\/\"]}]},{\"@type\":\"BreadcrumbList\",\"@id\":\"https:\/\/20bet.cafe\/at\/casino\/#breadcrumb\",\"itemListElement\":[{\"@type\":\"ListItem\",\"position\":1,\"name\":\"Home\",\"item\":\"https:\/\/20bet.cafe\/at\/\"},{\"@type\":\"ListItem\",\"position\":2,\"name\":\"Kasino\"}]},{\"@type\":\"WebSite\",\"@id\":\"https:\/\/20bet.cafe\/at\/#website\",\"url\":\"https:\/\/20bet.cafe\/at\/\",\"name\":\"20bet Cafe at\",\"description\":\"My WordPress Blog\",\"potentialAction\":[{\"@type\":\"SearchAction\",\"target\":{\"@type\":\"EntryPoint\",\"urlTemplate\":\"https:\/\/20bet.cafe\/at\/?s={search_term_string}\"},\"query-input\":{\"@type\":\"PropertyValueSpecification\",\"valueRequired\":true,\"valueName\":\"search_term_string\"}}],\"inLanguage\":\"de-AT\"}]}<\/script>\n<!-- \/ Yoast SEO plugin. -->","yoast_head_json":{"title":"20Bet \u00d6sterreich Kasino | Online-Gl\u00fccksspiele und helle Emotionen","description":"Sind Sie auf der Suche nach Nervenkitzel und Aufregung beim Online-Gl\u00fccksspiel? Lesen Sie unsere Bewertung von 20Bet Kasino: Entdecken Sie die besten Slots und Tischspiele.","robots":{"index":"index","follow":"follow","max-snippet":"max-snippet:-1","max-image-preview":"max-image-preview:large","max-video-preview":"max-video-preview:-1"},"og_locale":"de_DE","og_type":"article","og_title":"20Bet \u00d6sterreich Kasino | Online-Gl\u00fccksspiele und helle Emotionen","og_description":"Sind Sie auf der Suche nach Nervenkitzel und Aufregung beim Online-Gl\u00fccksspiel? Lesen Sie unsere Bewertung von 20Bet Kasino: Entdecken Sie die besten Slots und Tischspiele.","og_url":"https:\/\/20bet.cafe\/at\/casino\/","og_site_name":"20bet Cafe at","article_modified_time":"2025-10-17T11:09:57+00:00","twitter_card":"summary_large_image","schema":{"@context":"https:\/\/schema.org","@graph":[{"@type":"WebPage","@id":"https:\/\/20bet.cafe\/at\/casino\/","url":"https:\/\/20bet.cafe\/at\/casino\/","name":"20Bet \u00d6sterreich Kasino | Online-Gl\u00fccksspiele und helle Emotionen","isPartOf":{"@id":"https:\/\/20bet.cafe\/at\/#website"},"datePublished":"2025-08-05T07:28:59+00:00","dateModified":"2025-10-17T11:09:57+00:00","description":"Sind Sie auf der Suche nach Nervenkitzel und Aufregung beim Online-Gl\u00fccksspiel? Lesen Sie unsere Bewertung von 20Bet Kasino: Entdecken Sie die besten Slots und Tischspiele.","breadcrumb":{"@id":"https:\/\/20bet.cafe\/at\/casino\/#breadcrumb"},"inLanguage":"de-AT","potentialAction":[{"@type":"ReadAction","target":["https:\/\/20bet.cafe\/at\/casino\/"]}]},{"@type":"BreadcrumbList","@id":"https:\/\/20bet.cafe\/at\/casino\/#breadcrumb","itemListElement":[{"@type":"ListItem","position":1,"name":"Home","item":"https:\/\/20bet.cafe\/at\/"},{"@type":"ListItem","position":2,"name":"Kasino"}]},{"@type":"WebSite","@id":"https:\/\/20bet.cafe\/at\/#website","url":"https:\/\/20bet.cafe\/at\/","name":"20bet Cafe at","description":"My WordPress Blog","potentialAction":[{"@type":"SearchAction","target":{"@type":"EntryPoint","urlTemplate":"https:\/\/20bet.cafe\/at\/?s={search_term_string}"},"query-input":{"@type":"PropertyValueSpecification","valueRequired":true,"valueName":"search_term_string"}}],"inLanguage":"de-AT"}]}},"_links":{"self":[{"href":"https:\/\/20bet.cafe\/at\/wp-json\/wp\/v2\/pages\/189","targetHints":{"allow":["GET"]}}],"collection":[{"href":"https:\/\/20bet.cafe\/at\/wp-json\/wp\/v2\/pages"}],"about":[{"href":"https:\/\/20bet.cafe\/at\/wp-json\/wp\/v2\/types\/page"}],"author":[{"embeddable":true,"href":"https:\/\/20bet.cafe\/at\/wp-json\/wp\/v2\/users\/1"}],"replies":[{"embeddable":true,"href":"https:\/\/20bet.cafe\/at\/wp-json\/wp\/v2\/comments?post=189"}],"version-history":[{"count":16,"href":"https:\/\/20bet.cafe\/at\/wp-json\/wp\/v2\/pages\/189\/revisions"}],"predecessor-version":[{"id":577,"href":"https:\/\/20bet.cafe\/at\/wp-json\/wp\/v2\/pages\/189\/revisions\/577"}],"wp:attachment":[{"href":"https:\/\/20bet.cafe\/at\/wp-json\/wp\/v2\/media?parent=189"}],"curies":[{"name":"wp","href":"https:\/\/api.w.org\/{rel}","templated":true}]}}