{"id":225,"date":"2025-08-07T10:04:01","date_gmt":"2025-08-07T10:04:01","guid":{"rendered":"https:\/\/20bet.cafe\/at\/?page_id=225"},"modified":"2025-10-21T09:27:23","modified_gmt":"2025-10-21T09:27:23","slug":"bonus","status":"publish","type":"page","link":"https:\/\/20bet.cafe\/at\/bonus\/","title":{"rendered":"Bonus"},"content":{"rendered":"","protected":false},"excerpt":{"rendered":"","protected":false},"author":1,"featured_media":0,"parent":0,"menu_order":0,"comment_status":"closed","ping_status":"closed","template":"","meta":{"footnotes":""},"class_list":["post-225","page","type-page","status-publish","hentry"],"yoast_head":"<!-- This site is optimized with the Yoast SEO plugin v26.6 - https:\/\/yoast.com\/wordpress\/plugins\/seo\/ -->\n<title>Holen Sie sich 20Bet Bonus | Aktuelle Aktionen und Promo Codes<\/title>\n<meta name=\"description\" content=\"Erfahren Sie alles \u00fcber 20Bet \u00d6sterreich Boni im Jahr 2026! Willkommenspromotionen, Promo-Codes, Gratiswetten. Nutzen Sie die Vorteile und erh\u00f6hen Sie Ihre Gewinnchancen!\" \/>\n<meta name=\"robots\" content=\"index, follow, max-snippet:-1, max-image-preview:large, max-video-preview:-1\" \/>\n<meta property=\"og:locale\" content=\"de_DE\" \/>\n<meta property=\"og:type\" content=\"article\" \/>\n<meta property=\"og:title\" content=\"Holen Sie sich 20Bet Bonus | Aktuelle Aktionen und Promo Codes\" \/>\n<meta property=\"og:description\" content=\"Erfahren Sie alles \u00fcber 20Bet \u00d6sterreich Boni im Jahr 2026! Willkommenspromotionen, Promo-Codes, Gratiswetten. Nutzen Sie die Vorteile und erh\u00f6hen Sie Ihre Gewinnchancen!\" \/>\n<meta property=\"og:url\" content=\"https:\/\/20bet.cafe\/at\/bonus\/\" \/>\n<meta property=\"og:site_name\" content=\"20bet Cafe at\" \/>\n<meta property=\"article:modified_time\" content=\"2025-10-21T09:27:23+00:00\" \/>\n<meta name=\"twitter:card\" content=\"summary_large_image\" \/>\n<script type=\"application\/ld+json\" class=\"yoast-schema-graph\">{\"@context\":\"https:\/\/schema.org\",\"@graph\":[{\"@type\":\"WebPage\",\"@id\":\"https:\/\/20bet.cafe\/at\/bonus\/\",\"url\":\"https:\/\/20bet.cafe\/at\/bonus\/\",\"name\":\"Holen Sie sich 20Bet Bonus | Aktuelle Aktionen und Promo Codes\",\"isPartOf\":{\"@id\":\"https:\/\/20bet.cafe\/at\/#website\"},\"datePublished\":\"2025-08-07T10:04:01+00:00\",\"dateModified\":\"2025-10-21T09:27:23+00:00\",\"description\":\"Erfahren Sie alles \u00fcber 20Bet \u00d6sterreich Boni im Jahr 2026! Willkommenspromotionen, Promo-Codes, Gratiswetten. Nutzen Sie die Vorteile und erh\u00f6hen Sie Ihre Gewinnchancen!\",\"breadcrumb\":{\"@id\":\"https:\/\/20bet.cafe\/at\/bonus\/#breadcrumb\"},\"inLanguage\":\"de-AT\",\"potentialAction\":[{\"@type\":\"ReadAction\",\"target\":[\"https:\/\/20bet.cafe\/at\/bonus\/\"]}]},{\"@type\":\"BreadcrumbList\",\"@id\":\"https:\/\/20bet.cafe\/at\/bonus\/#breadcrumb\",\"itemListElement\":[{\"@type\":\"ListItem\",\"position\":1,\"name\":\"Home\",\"item\":\"https:\/\/20bet.cafe\/at\/\"},{\"@type\":\"ListItem\",\"position\":2,\"name\":\"Bonus\"}]},{\"@type\":\"WebSite\",\"@id\":\"https:\/\/20bet.cafe\/at\/#website\",\"url\":\"https:\/\/20bet.cafe\/at\/\",\"name\":\"20bet Cafe at\",\"description\":\"My WordPress Blog\",\"potentialAction\":[{\"@type\":\"SearchAction\",\"target\":{\"@type\":\"EntryPoint\",\"urlTemplate\":\"https:\/\/20bet.cafe\/at\/?s={search_term_string}\"},\"query-input\":{\"@type\":\"PropertyValueSpecification\",\"valueRequired\":true,\"valueName\":\"search_term_string\"}}],\"inLanguage\":\"de-AT\"}]}<\/script>\n<!-- \/ Yoast SEO plugin. -->","yoast_head_json":{"title":"Holen Sie sich 20Bet Bonus | Aktuelle Aktionen und Promo Codes","description":"Erfahren Sie alles \u00fcber 20Bet \u00d6sterreich Boni im Jahr 2026! Willkommenspromotionen, Promo-Codes, Gratiswetten. Nutzen Sie die Vorteile und erh\u00f6hen Sie Ihre Gewinnchancen!","robots":{"index":"index","follow":"follow","max-snippet":"max-snippet:-1","max-image-preview":"max-image-preview:large","max-video-preview":"max-video-preview:-1"},"og_locale":"de_DE","og_type":"article","og_title":"Holen Sie sich 20Bet Bonus | Aktuelle Aktionen und Promo Codes","og_description":"Erfahren Sie alles \u00fcber 20Bet \u00d6sterreich Boni im Jahr 2026! Willkommenspromotionen, Promo-Codes, Gratiswetten. Nutzen Sie die Vorteile und erh\u00f6hen Sie Ihre Gewinnchancen!","og_url":"https:\/\/20bet.cafe\/at\/bonus\/","og_site_name":"20bet Cafe at","article_modified_time":"2025-10-21T09:27:23+00:00","twitter_card":"summary_large_image","schema":{"@context":"https:\/\/schema.org","@graph":[{"@type":"WebPage","@id":"https:\/\/20bet.cafe\/at\/bonus\/","url":"https:\/\/20bet.cafe\/at\/bonus\/","name":"Holen Sie sich 20Bet Bonus | Aktuelle Aktionen und Promo Codes","isPartOf":{"@id":"https:\/\/20bet.cafe\/at\/#website"},"datePublished":"2025-08-07T10:04:01+00:00","dateModified":"2025-10-21T09:27:23+00:00","description":"Erfahren Sie alles \u00fcber 20Bet \u00d6sterreich Boni im Jahr 2026! Willkommenspromotionen, Promo-Codes, Gratiswetten. Nutzen Sie die Vorteile und erh\u00f6hen Sie Ihre Gewinnchancen!","breadcrumb":{"@id":"https:\/\/20bet.cafe\/at\/bonus\/#breadcrumb"},"inLanguage":"de-AT","potentialAction":[{"@type":"ReadAction","target":["https:\/\/20bet.cafe\/at\/bonus\/"]}]},{"@type":"BreadcrumbList","@id":"https:\/\/20bet.cafe\/at\/bonus\/#breadcrumb","itemListElement":[{"@type":"ListItem","position":1,"name":"Home","item":"https:\/\/20bet.cafe\/at\/"},{"@type":"ListItem","position":2,"name":"Bonus"}]},{"@type":"WebSite","@id":"https:\/\/20bet.cafe\/at\/#website","url":"https:\/\/20bet.cafe\/at\/","name":"20bet Cafe at","description":"My WordPress Blog","potentialAction":[{"@type":"SearchAction","target":{"@type":"EntryPoint","urlTemplate":"https:\/\/20bet.cafe\/at\/?s={search_term_string}"},"query-input":{"@type":"PropertyValueSpecification","valueRequired":true,"valueName":"search_term_string"}}],"inLanguage":"de-AT"}]}},"_links":{"self":[{"href":"https:\/\/20bet.cafe\/at\/wp-json\/wp\/v2\/pages\/225","targetHints":{"allow":["GET"]}}],"collection":[{"href":"https:\/\/20bet.cafe\/at\/wp-json\/wp\/v2\/pages"}],"about":[{"href":"https:\/\/20bet.cafe\/at\/wp-json\/wp\/v2\/types\/page"}],"author":[{"embeddable":true,"href":"https:\/\/20bet.cafe\/at\/wp-json\/wp\/v2\/users\/1"}],"replies":[{"embeddable":true,"href":"https:\/\/20bet.cafe\/at\/wp-json\/wp\/v2\/comments?post=225"}],"version-history":[{"count":22,"href":"https:\/\/20bet.cafe\/at\/wp-json\/wp\/v2\/pages\/225\/revisions"}],"predecessor-version":[{"id":578,"href":"https:\/\/20bet.cafe\/at\/wp-json\/wp\/v2\/pages\/225\/revisions\/578"}],"wp:attachment":[{"href":"https:\/\/20bet.cafe\/at\/wp-json\/wp\/v2\/media?parent=225"}],"curies":[{"name":"wp","href":"https:\/\/api.w.org\/{rel}","templated":true}]}}