{"id":258,"date":"2025-08-10T14:22:35","date_gmt":"2025-08-10T14:22:35","guid":{"rendered":"https:\/\/20bet.cafe\/br\/?page_id=258"},"modified":"2025-10-04T08:54:03","modified_gmt":"2025-10-04T08:54:03","slug":"registration","status":"publish","type":"page","link":"https:\/\/20bet.cafe\/br\/registration\/","title":{"rendered":"Registro"},"content":{"rendered":"","protected":false},"excerpt":{"rendered":"","protected":false},"author":1,"featured_media":0,"parent":0,"menu_order":0,"comment_status":"closed","ping_status":"closed","template":"","meta":{"footnotes":""},"class_list":["post-258","page","type-page","status-publish","hentry"],"yoast_head":"<!-- This site is optimized with the Yoast SEO plugin v26.6 - https:\/\/yoast.com\/wordpress\/plugins\/seo\/ -->\n<title>Registrando-se no 20Bet | Como criar uma conta e come\u00e7ar a jogar<\/title>\n<meta name=\"description\" content=\"Registro r\u00e1pido e f\u00e1cil na 20Bet Brasil! \u2705 Saiba como criar uma conta para ter acesso a centenas de jogos de azar, b\u00f4nus e pagamentos r\u00e1pidos.\" \/>\n<meta name=\"robots\" content=\"index, follow, max-snippet:-1, max-image-preview:large, max-video-preview:-1\" \/>\n<meta property=\"og:locale\" content=\"pt_BR\" \/>\n<meta property=\"og:type\" content=\"article\" \/>\n<meta property=\"og:title\" content=\"Registrando-se no 20Bet | Como criar uma conta e come\u00e7ar a jogar\" \/>\n<meta property=\"og:description\" content=\"Registro r\u00e1pido e f\u00e1cil na 20Bet Brasil! \u2705 Saiba como criar uma conta para ter acesso a centenas de jogos de azar, b\u00f4nus e pagamentos r\u00e1pidos.\" \/>\n<meta property=\"og:url\" content=\"https:\/\/20bet.cafe\/br\/registration\/\" \/>\n<meta property=\"og:site_name\" content=\"20Bet Cafe br\" \/>\n<meta property=\"article:modified_time\" content=\"2025-10-04T08:54:03+00:00\" \/>\n<meta name=\"twitter:card\" content=\"summary_large_image\" \/>\n<script type=\"application\/ld+json\" class=\"yoast-schema-graph\">{\"@context\":\"https:\/\/schema.org\",\"@graph\":[{\"@type\":\"WebPage\",\"@id\":\"https:\/\/20bet.cafe\/br\/registration\/\",\"url\":\"https:\/\/20bet.cafe\/br\/registration\/\",\"name\":\"Registrando-se no 20Bet | Como criar uma conta e come\u00e7ar a jogar\",\"isPartOf\":{\"@id\":\"https:\/\/20bet.cafe\/br\/#website\"},\"datePublished\":\"2025-08-10T14:22:35+00:00\",\"dateModified\":\"2025-10-04T08:54:03+00:00\",\"description\":\"Registro r\u00e1pido e f\u00e1cil na 20Bet Brasil! \u2705 Saiba como criar uma conta para ter acesso a centenas de jogos de azar, b\u00f4nus e pagamentos r\u00e1pidos.\",\"breadcrumb\":{\"@id\":\"https:\/\/20bet.cafe\/br\/registration\/#breadcrumb\"},\"inLanguage\":\"pt-BR\",\"potentialAction\":[{\"@type\":\"ReadAction\",\"target\":[\"https:\/\/20bet.cafe\/br\/registration\/\"]}]},{\"@type\":\"BreadcrumbList\",\"@id\":\"https:\/\/20bet.cafe\/br\/registration\/#breadcrumb\",\"itemListElement\":[{\"@type\":\"ListItem\",\"position\":1,\"name\":\"Home\",\"item\":\"https:\/\/20bet.cafe\/br\/\"},{\"@type\":\"ListItem\",\"position\":2,\"name\":\"Registro\"}]},{\"@type\":\"WebSite\",\"@id\":\"https:\/\/20bet.cafe\/br\/#website\",\"url\":\"https:\/\/20bet.cafe\/br\/\",\"name\":\"20Bet Cafe br\",\"description\":\"My WordPress Blog\",\"potentialAction\":[{\"@type\":\"SearchAction\",\"target\":{\"@type\":\"EntryPoint\",\"urlTemplate\":\"https:\/\/20bet.cafe\/br\/?s={search_term_string}\"},\"query-input\":{\"@type\":\"PropertyValueSpecification\",\"valueRequired\":true,\"valueName\":\"search_term_string\"}}],\"inLanguage\":\"pt-BR\"}]}<\/script>\n<!-- \/ Yoast SEO plugin. -->","yoast_head_json":{"title":"Registrando-se no 20Bet | Como criar uma conta e come\u00e7ar a jogar","description":"Registro r\u00e1pido e f\u00e1cil na 20Bet Brasil! \u2705 Saiba como criar uma conta para ter acesso a centenas de jogos de azar, b\u00f4nus e pagamentos r\u00e1pidos.","robots":{"index":"index","follow":"follow","max-snippet":"max-snippet:-1","max-image-preview":"max-image-preview:large","max-video-preview":"max-video-preview:-1"},"og_locale":"pt_BR","og_type":"article","og_title":"Registrando-se no 20Bet | Como criar uma conta e come\u00e7ar a jogar","og_description":"Registro r\u00e1pido e f\u00e1cil na 20Bet Brasil! \u2705 Saiba como criar uma conta para ter acesso a centenas de jogos de azar, b\u00f4nus e pagamentos r\u00e1pidos.","og_url":"https:\/\/20bet.cafe\/br\/registration\/","og_site_name":"20Bet Cafe br","article_modified_time":"2025-10-04T08:54:03+00:00","twitter_card":"summary_large_image","schema":{"@context":"https:\/\/schema.org","@graph":[{"@type":"WebPage","@id":"https:\/\/20bet.cafe\/br\/registration\/","url":"https:\/\/20bet.cafe\/br\/registration\/","name":"Registrando-se no 20Bet | Como criar uma conta e come\u00e7ar a jogar","isPartOf":{"@id":"https:\/\/20bet.cafe\/br\/#website"},"datePublished":"2025-08-10T14:22:35+00:00","dateModified":"2025-10-04T08:54:03+00:00","description":"Registro r\u00e1pido e f\u00e1cil na 20Bet Brasil! \u2705 Saiba como criar uma conta para ter acesso a centenas de jogos de azar, b\u00f4nus e pagamentos r\u00e1pidos.","breadcrumb":{"@id":"https:\/\/20bet.cafe\/br\/registration\/#breadcrumb"},"inLanguage":"pt-BR","potentialAction":[{"@type":"ReadAction","target":["https:\/\/20bet.cafe\/br\/registration\/"]}]},{"@type":"BreadcrumbList","@id":"https:\/\/20bet.cafe\/br\/registration\/#breadcrumb","itemListElement":[{"@type":"ListItem","position":1,"name":"Home","item":"https:\/\/20bet.cafe\/br\/"},{"@type":"ListItem","position":2,"name":"Registro"}]},{"@type":"WebSite","@id":"https:\/\/20bet.cafe\/br\/#website","url":"https:\/\/20bet.cafe\/br\/","name":"20Bet Cafe br","description":"My WordPress Blog","potentialAction":[{"@type":"SearchAction","target":{"@type":"EntryPoint","urlTemplate":"https:\/\/20bet.cafe\/br\/?s={search_term_string}"},"query-input":{"@type":"PropertyValueSpecification","valueRequired":true,"valueName":"search_term_string"}}],"inLanguage":"pt-BR"}]}},"_links":{"self":[{"href":"https:\/\/20bet.cafe\/br\/wp-json\/wp\/v2\/pages\/258","targetHints":{"allow":["GET"]}}],"collection":[{"href":"https:\/\/20bet.cafe\/br\/wp-json\/wp\/v2\/pages"}],"about":[{"href":"https:\/\/20bet.cafe\/br\/wp-json\/wp\/v2\/types\/page"}],"author":[{"embeddable":true,"href":"https:\/\/20bet.cafe\/br\/wp-json\/wp\/v2\/users\/1"}],"replies":[{"embeddable":true,"href":"https:\/\/20bet.cafe\/br\/wp-json\/wp\/v2\/comments?post=258"}],"version-history":[{"count":10,"href":"https:\/\/20bet.cafe\/br\/wp-json\/wp\/v2\/pages\/258\/revisions"}],"predecessor-version":[{"id":488,"href":"https:\/\/20bet.cafe\/br\/wp-json\/wp\/v2\/pages\/258\/revisions\/488"}],"wp:attachment":[{"href":"https:\/\/20bet.cafe\/br\/wp-json\/wp\/v2\/media?parent=258"}],"curies":[{"name":"wp","href":"https:\/\/api.w.org\/{rel}","templated":true}]}}