{"id":415,"date":"2025-09-03T15:13:18","date_gmt":"2025-09-03T15:13:18","guid":{"rendered":"https:\/\/20bet.cafe\/br\/?page_id=415"},"modified":"2025-10-04T08:54:53","modified_gmt":"2025-10-04T08:54:53","slug":"affiliate","status":"publish","type":"page","link":"https:\/\/20bet.cafe\/br\/affiliate\/","title":{"rendered":"Afiliada"},"content":{"rendered":"","protected":false},"excerpt":{"rendered":"","protected":false},"author":1,"featured_media":0,"parent":0,"menu_order":0,"comment_status":"closed","ping_status":"closed","template":"","meta":{"footnotes":""},"class_list":["post-415","page","type-page","status-publish","hentry"],"yoast_head":"<!-- This site is optimized with the Yoast SEO plugin v26.6 - https:\/\/yoast.com\/wordpress\/plugins\/seo\/ -->\n<title>20Bet Programa de Afiliados | Ganhe com apostas e cassinos<\/title>\n<meta name=\"description\" content=\"Programa de afiliados do 20Bet Brasil: termos de coopera\u00e7\u00e3o favor\u00e1veis, pagamentos est\u00e1veis e acesso a ferramentas poderosas para atrair jogadores para os cassinos on-line. Comece a ganhar dinheiro com o 20Bet hoje mesmo!\" \/>\n<meta name=\"robots\" content=\"index, follow, max-snippet:-1, max-image-preview:large, max-video-preview:-1\" \/>\n<meta property=\"og:locale\" content=\"pt_BR\" \/>\n<meta property=\"og:type\" content=\"article\" \/>\n<meta property=\"og:title\" content=\"20Bet Programa de Afiliados | Ganhe com apostas e cassinos\" \/>\n<meta property=\"og:description\" content=\"Programa de afiliados do 20Bet Brasil: termos de coopera\u00e7\u00e3o favor\u00e1veis, pagamentos est\u00e1veis e acesso a ferramentas poderosas para atrair jogadores para os cassinos on-line. Comece a ganhar dinheiro com o 20Bet hoje mesmo!\" \/>\n<meta property=\"og:url\" content=\"https:\/\/20bet.cafe\/br\/affiliate\/\" \/>\n<meta property=\"og:site_name\" content=\"20Bet Cafe br\" \/>\n<meta property=\"article:modified_time\" content=\"2025-10-04T08:54:53+00:00\" \/>\n<meta name=\"twitter:card\" content=\"summary_large_image\" \/>\n<script type=\"application\/ld+json\" class=\"yoast-schema-graph\">{\"@context\":\"https:\/\/schema.org\",\"@graph\":[{\"@type\":\"WebPage\",\"@id\":\"https:\/\/20bet.cafe\/br\/affiliate\/\",\"url\":\"https:\/\/20bet.cafe\/br\/affiliate\/\",\"name\":\"20Bet Programa de Afiliados | Ganhe com apostas e cassinos\",\"isPartOf\":{\"@id\":\"https:\/\/20bet.cafe\/br\/#website\"},\"datePublished\":\"2025-09-03T15:13:18+00:00\",\"dateModified\":\"2025-10-04T08:54:53+00:00\",\"description\":\"Programa de afiliados do 20Bet Brasil: termos de coopera\u00e7\u00e3o favor\u00e1veis, pagamentos est\u00e1veis e acesso a ferramentas poderosas para atrair jogadores para os cassinos on-line. Comece a ganhar dinheiro com o 20Bet hoje mesmo!\",\"breadcrumb\":{\"@id\":\"https:\/\/20bet.cafe\/br\/affiliate\/#breadcrumb\"},\"inLanguage\":\"pt-BR\",\"potentialAction\":[{\"@type\":\"ReadAction\",\"target\":[\"https:\/\/20bet.cafe\/br\/affiliate\/\"]}]},{\"@type\":\"BreadcrumbList\",\"@id\":\"https:\/\/20bet.cafe\/br\/affiliate\/#breadcrumb\",\"itemListElement\":[{\"@type\":\"ListItem\",\"position\":1,\"name\":\"Home\",\"item\":\"https:\/\/20bet.cafe\/br\/\"},{\"@type\":\"ListItem\",\"position\":2,\"name\":\"Afiliada\"}]},{\"@type\":\"WebSite\",\"@id\":\"https:\/\/20bet.cafe\/br\/#website\",\"url\":\"https:\/\/20bet.cafe\/br\/\",\"name\":\"20Bet Cafe br\",\"description\":\"My WordPress Blog\",\"potentialAction\":[{\"@type\":\"SearchAction\",\"target\":{\"@type\":\"EntryPoint\",\"urlTemplate\":\"https:\/\/20bet.cafe\/br\/?s={search_term_string}\"},\"query-input\":{\"@type\":\"PropertyValueSpecification\",\"valueRequired\":true,\"valueName\":\"search_term_string\"}}],\"inLanguage\":\"pt-BR\"}]}<\/script>\n<!-- \/ Yoast SEO plugin. -->","yoast_head_json":{"title":"20Bet Programa de Afiliados | Ganhe com apostas e cassinos","description":"Programa de afiliados do 20Bet Brasil: termos de coopera\u00e7\u00e3o favor\u00e1veis, pagamentos est\u00e1veis e acesso a ferramentas poderosas para atrair jogadores para os cassinos on-line. Comece a ganhar dinheiro com o 20Bet hoje mesmo!","robots":{"index":"index","follow":"follow","max-snippet":"max-snippet:-1","max-image-preview":"max-image-preview:large","max-video-preview":"max-video-preview:-1"},"og_locale":"pt_BR","og_type":"article","og_title":"20Bet Programa de Afiliados | Ganhe com apostas e cassinos","og_description":"Programa de afiliados do 20Bet Brasil: termos de coopera\u00e7\u00e3o favor\u00e1veis, pagamentos est\u00e1veis e acesso a ferramentas poderosas para atrair jogadores para os cassinos on-line. Comece a ganhar dinheiro com o 20Bet hoje mesmo!","og_url":"https:\/\/20bet.cafe\/br\/affiliate\/","og_site_name":"20Bet Cafe br","article_modified_time":"2025-10-04T08:54:53+00:00","twitter_card":"summary_large_image","schema":{"@context":"https:\/\/schema.org","@graph":[{"@type":"WebPage","@id":"https:\/\/20bet.cafe\/br\/affiliate\/","url":"https:\/\/20bet.cafe\/br\/affiliate\/","name":"20Bet Programa de Afiliados | Ganhe com apostas e cassinos","isPartOf":{"@id":"https:\/\/20bet.cafe\/br\/#website"},"datePublished":"2025-09-03T15:13:18+00:00","dateModified":"2025-10-04T08:54:53+00:00","description":"Programa de afiliados do 20Bet Brasil: termos de coopera\u00e7\u00e3o favor\u00e1veis, pagamentos est\u00e1veis e acesso a ferramentas poderosas para atrair jogadores para os cassinos on-line. Comece a ganhar dinheiro com o 20Bet hoje mesmo!","breadcrumb":{"@id":"https:\/\/20bet.cafe\/br\/affiliate\/#breadcrumb"},"inLanguage":"pt-BR","potentialAction":[{"@type":"ReadAction","target":["https:\/\/20bet.cafe\/br\/affiliate\/"]}]},{"@type":"BreadcrumbList","@id":"https:\/\/20bet.cafe\/br\/affiliate\/#breadcrumb","itemListElement":[{"@type":"ListItem","position":1,"name":"Home","item":"https:\/\/20bet.cafe\/br\/"},{"@type":"ListItem","position":2,"name":"Afiliada"}]},{"@type":"WebSite","@id":"https:\/\/20bet.cafe\/br\/#website","url":"https:\/\/20bet.cafe\/br\/","name":"20Bet Cafe br","description":"My WordPress Blog","potentialAction":[{"@type":"SearchAction","target":{"@type":"EntryPoint","urlTemplate":"https:\/\/20bet.cafe\/br\/?s={search_term_string}"},"query-input":{"@type":"PropertyValueSpecification","valueRequired":true,"valueName":"search_term_string"}}],"inLanguage":"pt-BR"}]}},"_links":{"self":[{"href":"https:\/\/20bet.cafe\/br\/wp-json\/wp\/v2\/pages\/415","targetHints":{"allow":["GET"]}}],"collection":[{"href":"https:\/\/20bet.cafe\/br\/wp-json\/wp\/v2\/pages"}],"about":[{"href":"https:\/\/20bet.cafe\/br\/wp-json\/wp\/v2\/types\/page"}],"author":[{"embeddable":true,"href":"https:\/\/20bet.cafe\/br\/wp-json\/wp\/v2\/users\/1"}],"replies":[{"embeddable":true,"href":"https:\/\/20bet.cafe\/br\/wp-json\/wp\/v2\/comments?post=415"}],"version-history":[{"count":5,"href":"https:\/\/20bet.cafe\/br\/wp-json\/wp\/v2\/pages\/415\/revisions"}],"predecessor-version":[{"id":480,"href":"https:\/\/20bet.cafe\/br\/wp-json\/wp\/v2\/pages\/415\/revisions\/480"}],"wp:attachment":[{"href":"https:\/\/20bet.cafe\/br\/wp-json\/wp\/v2\/media?parent=415"}],"curies":[{"name":"wp","href":"https:\/\/api.w.org\/{rel}","templated":true}]}}