{"id":429,"date":"2025-09-04T13:00:13","date_gmt":"2025-09-04T13:00:13","guid":{"rendered":"https:\/\/20bet.cafe\/br\/?page_id=429"},"modified":"2025-10-04T08:44:55","modified_gmt":"2025-10-04T08:44:55","slug":"first-deposit-casino","status":"publish","type":"page","link":"https:\/\/20bet.cafe\/br\/bonus\/first-deposit-casino\/","title":{"rendered":"B\u00f4nus de cassino no primeiro dep\u00f3sito"},"content":{"rendered":"","protected":false},"excerpt":{"rendered":"","protected":false},"author":1,"featured_media":0,"parent":225,"menu_order":0,"comment_status":"closed","ping_status":"closed","template":"","meta":{"footnotes":""},"class_list":["post-429","page","type-page","status-publish","hentry"],"yoast_head":"<!-- This site is optimized with the Yoast SEO plugin v26.6 - https:\/\/yoast.com\/wordpress\/plugins\/seo\/ -->\n<title>20Bet Casino B\u00f4nus de Boas-Vindas \u1409 100% no primeiro dep\u00f3sito<\/title>\n<meta name=\"description\" content=\"Ganhe um b\u00f4nus de 100% no seu primeiro dep\u00f3sito de at\u00e9 R$ 750 + 120 rodadas gr\u00e1tis no 20Bet Casino! Saiba como fazer um dep\u00f3sito e aproveite as ofertas exclusivas para novos jogadores.\" \/>\n<meta name=\"robots\" content=\"index, follow, max-snippet:-1, max-image-preview:large, max-video-preview:-1\" \/>\n<meta property=\"og:locale\" content=\"pt_BR\" \/>\n<meta property=\"og:type\" content=\"article\" \/>\n<meta property=\"og:title\" content=\"20Bet Casino B\u00f4nus de Boas-Vindas \u1409 100% no primeiro dep\u00f3sito\" \/>\n<meta property=\"og:description\" content=\"Ganhe um b\u00f4nus de 100% no seu primeiro dep\u00f3sito de at\u00e9 R$ 750 + 120 rodadas gr\u00e1tis no 20Bet Casino! Saiba como fazer um dep\u00f3sito e aproveite as ofertas exclusivas para novos jogadores.\" \/>\n<meta property=\"og:url\" content=\"https:\/\/20bet.cafe\/br\/bonus\/first-deposit-casino\/\" \/>\n<meta property=\"og:site_name\" content=\"20Bet Cafe br\" \/>\n<meta property=\"article:modified_time\" content=\"2025-10-04T08:44:55+00:00\" \/>\n<meta name=\"twitter:card\" content=\"summary_large_image\" \/>\n<script type=\"application\/ld+json\" class=\"yoast-schema-graph\">{\"@context\":\"https:\/\/schema.org\",\"@graph\":[{\"@type\":\"WebPage\",\"@id\":\"https:\/\/20bet.cafe\/br\/bonus\/first-deposit-casino\/\",\"url\":\"https:\/\/20bet.cafe\/br\/bonus\/first-deposit-casino\/\",\"name\":\"20Bet Casino B\u00f4nus de Boas-Vindas \u1409 100% no primeiro dep\u00f3sito\",\"isPartOf\":{\"@id\":\"https:\/\/20bet.cafe\/br\/#website\"},\"datePublished\":\"2025-09-04T13:00:13+00:00\",\"dateModified\":\"2025-10-04T08:44:55+00:00\",\"description\":\"Ganhe um b\u00f4nus de 100% no seu primeiro dep\u00f3sito de at\u00e9 R$ 750 + 120 rodadas gr\u00e1tis no 20Bet Casino! Saiba como fazer um dep\u00f3sito e aproveite as ofertas exclusivas para novos jogadores.\",\"breadcrumb\":{\"@id\":\"https:\/\/20bet.cafe\/br\/bonus\/first-deposit-casino\/#breadcrumb\"},\"inLanguage\":\"pt-BR\",\"potentialAction\":[{\"@type\":\"ReadAction\",\"target\":[\"https:\/\/20bet.cafe\/br\/bonus\/first-deposit-casino\/\"]}]},{\"@type\":\"BreadcrumbList\",\"@id\":\"https:\/\/20bet.cafe\/br\/bonus\/first-deposit-casino\/#breadcrumb\",\"itemListElement\":[{\"@type\":\"ListItem\",\"position\":1,\"name\":\"Home\",\"item\":\"https:\/\/20bet.cafe\/br\/\"},{\"@type\":\"ListItem\",\"position\":2,\"name\":\"B\u00f4nus\",\"item\":\"https:\/\/20bet.cafe\/br\/bonus\/\"},{\"@type\":\"ListItem\",\"position\":3,\"name\":\"B\u00f4nus de cassino no primeiro dep\u00f3sito\"}]},{\"@type\":\"WebSite\",\"@id\":\"https:\/\/20bet.cafe\/br\/#website\",\"url\":\"https:\/\/20bet.cafe\/br\/\",\"name\":\"20Bet Cafe br\",\"description\":\"My WordPress Blog\",\"potentialAction\":[{\"@type\":\"SearchAction\",\"target\":{\"@type\":\"EntryPoint\",\"urlTemplate\":\"https:\/\/20bet.cafe\/br\/?s={search_term_string}\"},\"query-input\":{\"@type\":\"PropertyValueSpecification\",\"valueRequired\":true,\"valueName\":\"search_term_string\"}}],\"inLanguage\":\"pt-BR\"}]}<\/script>\n<!-- \/ Yoast SEO plugin. -->","yoast_head_json":{"title":"20Bet Casino B\u00f4nus de Boas-Vindas \u1409 100% no primeiro dep\u00f3sito","description":"Ganhe um b\u00f4nus de 100% no seu primeiro dep\u00f3sito de at\u00e9 R$ 750 + 120 rodadas gr\u00e1tis no 20Bet Casino! Saiba como fazer um dep\u00f3sito e aproveite as ofertas exclusivas para novos jogadores.","robots":{"index":"index","follow":"follow","max-snippet":"max-snippet:-1","max-image-preview":"max-image-preview:large","max-video-preview":"max-video-preview:-1"},"og_locale":"pt_BR","og_type":"article","og_title":"20Bet Casino B\u00f4nus de Boas-Vindas \u1409 100% no primeiro dep\u00f3sito","og_description":"Ganhe um b\u00f4nus de 100% no seu primeiro dep\u00f3sito de at\u00e9 R$ 750 + 120 rodadas gr\u00e1tis no 20Bet Casino! Saiba como fazer um dep\u00f3sito e aproveite as ofertas exclusivas para novos jogadores.","og_url":"https:\/\/20bet.cafe\/br\/bonus\/first-deposit-casino\/","og_site_name":"20Bet Cafe br","article_modified_time":"2025-10-04T08:44:55+00:00","twitter_card":"summary_large_image","schema":{"@context":"https:\/\/schema.org","@graph":[{"@type":"WebPage","@id":"https:\/\/20bet.cafe\/br\/bonus\/first-deposit-casino\/","url":"https:\/\/20bet.cafe\/br\/bonus\/first-deposit-casino\/","name":"20Bet Casino B\u00f4nus de Boas-Vindas \u1409 100% no primeiro dep\u00f3sito","isPartOf":{"@id":"https:\/\/20bet.cafe\/br\/#website"},"datePublished":"2025-09-04T13:00:13+00:00","dateModified":"2025-10-04T08:44:55+00:00","description":"Ganhe um b\u00f4nus de 100% no seu primeiro dep\u00f3sito de at\u00e9 R$ 750 + 120 rodadas gr\u00e1tis no 20Bet Casino! Saiba como fazer um dep\u00f3sito e aproveite as ofertas exclusivas para novos jogadores.","breadcrumb":{"@id":"https:\/\/20bet.cafe\/br\/bonus\/first-deposit-casino\/#breadcrumb"},"inLanguage":"pt-BR","potentialAction":[{"@type":"ReadAction","target":["https:\/\/20bet.cafe\/br\/bonus\/first-deposit-casino\/"]}]},{"@type":"BreadcrumbList","@id":"https:\/\/20bet.cafe\/br\/bonus\/first-deposit-casino\/#breadcrumb","itemListElement":[{"@type":"ListItem","position":1,"name":"Home","item":"https:\/\/20bet.cafe\/br\/"},{"@type":"ListItem","position":2,"name":"B\u00f4nus","item":"https:\/\/20bet.cafe\/br\/bonus\/"},{"@type":"ListItem","position":3,"name":"B\u00f4nus de cassino no primeiro dep\u00f3sito"}]},{"@type":"WebSite","@id":"https:\/\/20bet.cafe\/br\/#website","url":"https:\/\/20bet.cafe\/br\/","name":"20Bet Cafe br","description":"My WordPress Blog","potentialAction":[{"@type":"SearchAction","target":{"@type":"EntryPoint","urlTemplate":"https:\/\/20bet.cafe\/br\/?s={search_term_string}"},"query-input":{"@type":"PropertyValueSpecification","valueRequired":true,"valueName":"search_term_string"}}],"inLanguage":"pt-BR"}]}},"_links":{"self":[{"href":"https:\/\/20bet.cafe\/br\/wp-json\/wp\/v2\/pages\/429","targetHints":{"allow":["GET"]}}],"collection":[{"href":"https:\/\/20bet.cafe\/br\/wp-json\/wp\/v2\/pages"}],"about":[{"href":"https:\/\/20bet.cafe\/br\/wp-json\/wp\/v2\/types\/page"}],"author":[{"embeddable":true,"href":"https:\/\/20bet.cafe\/br\/wp-json\/wp\/v2\/users\/1"}],"replies":[{"embeddable":true,"href":"https:\/\/20bet.cafe\/br\/wp-json\/wp\/v2\/comments?post=429"}],"version-history":[{"count":5,"href":"https:\/\/20bet.cafe\/br\/wp-json\/wp\/v2\/pages\/429\/revisions"}],"predecessor-version":[{"id":493,"href":"https:\/\/20bet.cafe\/br\/wp-json\/wp\/v2\/pages\/429\/revisions\/493"}],"up":[{"embeddable":true,"href":"https:\/\/20bet.cafe\/br\/wp-json\/wp\/v2\/pages\/225"}],"wp:attachment":[{"href":"https:\/\/20bet.cafe\/br\/wp-json\/wp\/v2\/media?parent=429"}],"curies":[{"name":"wp","href":"https:\/\/api.w.org\/{rel}","templated":true}]}}