{"id":441,"date":"2025-09-04T13:41:50","date_gmt":"2025-09-04T13:41:50","guid":{"rendered":"https:\/\/20bet.cafe\/br\/?page_id=441"},"modified":"2025-10-04T08:45:16","modified_gmt":"2025-10-04T08:45:16","slug":"first-deposit-sport","status":"publish","type":"page","link":"https:\/\/20bet.cafe\/br\/bonus\/first-deposit-sport\/","title":{"rendered":"B\u00f4nus esportivo no primeiro dep\u00f3sito"},"content":{"rendered":"","protected":false},"excerpt":{"rendered":"","protected":false},"author":1,"featured_media":0,"parent":225,"menu_order":0,"comment_status":"closed","ping_status":"closed","template":"","meta":{"footnotes":""},"class_list":["post-441","page","type-page","status-publish","hentry"],"yoast_head":"<!-- This site is optimized with the Yoast SEO plugin v26.6 - https:\/\/yoast.com\/wordpress\/plugins\/seo\/ -->\n<title>20Bet Sports B\u00f4nus de primeiro dep\u00f3sito \u1409 100% at\u00e9 630 BRL!<\/title>\n<meta name=\"description\" content=\"Ganhe um b\u00f4nus de 100% no seu primeiro dep\u00f3sito de at\u00e9 R$ 630 na 20Bet para apostas esportivas! Saiba como ativar a oferta para iniciar sua jornada nas apostas esportivas. Participe do nosso guia e boa sorte em suas apostas!\" \/>\n<meta name=\"robots\" content=\"index, follow, max-snippet:-1, max-image-preview:large, max-video-preview:-1\" \/>\n<meta property=\"og:locale\" content=\"pt_BR\" \/>\n<meta property=\"og:type\" content=\"article\" \/>\n<meta property=\"og:title\" content=\"20Bet Sports B\u00f4nus de primeiro dep\u00f3sito \u1409 100% at\u00e9 630 BRL!\" \/>\n<meta property=\"og:description\" content=\"Ganhe um b\u00f4nus de 100% no seu primeiro dep\u00f3sito de at\u00e9 R$ 630 na 20Bet para apostas esportivas! Saiba como ativar a oferta para iniciar sua jornada nas apostas esportivas. Participe do nosso guia e boa sorte em suas apostas!\" \/>\n<meta property=\"og:url\" content=\"https:\/\/20bet.cafe\/br\/bonus\/first-deposit-sport\/\" \/>\n<meta property=\"og:site_name\" content=\"20Bet Cafe br\" \/>\n<meta property=\"article:modified_time\" content=\"2025-10-04T08:45:16+00:00\" \/>\n<meta name=\"twitter:card\" content=\"summary_large_image\" \/>\n<script type=\"application\/ld+json\" class=\"yoast-schema-graph\">{\"@context\":\"https:\/\/schema.org\",\"@graph\":[{\"@type\":\"WebPage\",\"@id\":\"https:\/\/20bet.cafe\/br\/bonus\/first-deposit-sport\/\",\"url\":\"https:\/\/20bet.cafe\/br\/bonus\/first-deposit-sport\/\",\"name\":\"20Bet Sports B\u00f4nus de primeiro dep\u00f3sito \u1409 100% at\u00e9 630 BRL!\",\"isPartOf\":{\"@id\":\"https:\/\/20bet.cafe\/br\/#website\"},\"datePublished\":\"2025-09-04T13:41:50+00:00\",\"dateModified\":\"2025-10-04T08:45:16+00:00\",\"description\":\"Ganhe um b\u00f4nus de 100% no seu primeiro dep\u00f3sito de at\u00e9 R$ 630 na 20Bet para apostas esportivas! Saiba como ativar a oferta para iniciar sua jornada nas apostas esportivas. Participe do nosso guia e boa sorte em suas apostas!\",\"breadcrumb\":{\"@id\":\"https:\/\/20bet.cafe\/br\/bonus\/first-deposit-sport\/#breadcrumb\"},\"inLanguage\":\"pt-BR\",\"potentialAction\":[{\"@type\":\"ReadAction\",\"target\":[\"https:\/\/20bet.cafe\/br\/bonus\/first-deposit-sport\/\"]}]},{\"@type\":\"BreadcrumbList\",\"@id\":\"https:\/\/20bet.cafe\/br\/bonus\/first-deposit-sport\/#breadcrumb\",\"itemListElement\":[{\"@type\":\"ListItem\",\"position\":1,\"name\":\"Home\",\"item\":\"https:\/\/20bet.cafe\/br\/\"},{\"@type\":\"ListItem\",\"position\":2,\"name\":\"B\u00f4nus\",\"item\":\"https:\/\/20bet.cafe\/br\/bonus\/\"},{\"@type\":\"ListItem\",\"position\":3,\"name\":\"B\u00f4nus esportivo no primeiro dep\u00f3sito\"}]},{\"@type\":\"WebSite\",\"@id\":\"https:\/\/20bet.cafe\/br\/#website\",\"url\":\"https:\/\/20bet.cafe\/br\/\",\"name\":\"20Bet Cafe br\",\"description\":\"My WordPress Blog\",\"potentialAction\":[{\"@type\":\"SearchAction\",\"target\":{\"@type\":\"EntryPoint\",\"urlTemplate\":\"https:\/\/20bet.cafe\/br\/?s={search_term_string}\"},\"query-input\":{\"@type\":\"PropertyValueSpecification\",\"valueRequired\":true,\"valueName\":\"search_term_string\"}}],\"inLanguage\":\"pt-BR\"}]}<\/script>\n<!-- \/ Yoast SEO plugin. -->","yoast_head_json":{"title":"20Bet Sports B\u00f4nus de primeiro dep\u00f3sito \u1409 100% at\u00e9 630 BRL!","description":"Ganhe um b\u00f4nus de 100% no seu primeiro dep\u00f3sito de at\u00e9 R$ 630 na 20Bet para apostas esportivas! Saiba como ativar a oferta para iniciar sua jornada nas apostas esportivas. Participe do nosso guia e boa sorte em suas apostas!","robots":{"index":"index","follow":"follow","max-snippet":"max-snippet:-1","max-image-preview":"max-image-preview:large","max-video-preview":"max-video-preview:-1"},"og_locale":"pt_BR","og_type":"article","og_title":"20Bet Sports B\u00f4nus de primeiro dep\u00f3sito \u1409 100% at\u00e9 630 BRL!","og_description":"Ganhe um b\u00f4nus de 100% no seu primeiro dep\u00f3sito de at\u00e9 R$ 630 na 20Bet para apostas esportivas! Saiba como ativar a oferta para iniciar sua jornada nas apostas esportivas. Participe do nosso guia e boa sorte em suas apostas!","og_url":"https:\/\/20bet.cafe\/br\/bonus\/first-deposit-sport\/","og_site_name":"20Bet Cafe br","article_modified_time":"2025-10-04T08:45:16+00:00","twitter_card":"summary_large_image","schema":{"@context":"https:\/\/schema.org","@graph":[{"@type":"WebPage","@id":"https:\/\/20bet.cafe\/br\/bonus\/first-deposit-sport\/","url":"https:\/\/20bet.cafe\/br\/bonus\/first-deposit-sport\/","name":"20Bet Sports B\u00f4nus de primeiro dep\u00f3sito \u1409 100% at\u00e9 630 BRL!","isPartOf":{"@id":"https:\/\/20bet.cafe\/br\/#website"},"datePublished":"2025-09-04T13:41:50+00:00","dateModified":"2025-10-04T08:45:16+00:00","description":"Ganhe um b\u00f4nus de 100% no seu primeiro dep\u00f3sito de at\u00e9 R$ 630 na 20Bet para apostas esportivas! Saiba como ativar a oferta para iniciar sua jornada nas apostas esportivas. Participe do nosso guia e boa sorte em suas apostas!","breadcrumb":{"@id":"https:\/\/20bet.cafe\/br\/bonus\/first-deposit-sport\/#breadcrumb"},"inLanguage":"pt-BR","potentialAction":[{"@type":"ReadAction","target":["https:\/\/20bet.cafe\/br\/bonus\/first-deposit-sport\/"]}]},{"@type":"BreadcrumbList","@id":"https:\/\/20bet.cafe\/br\/bonus\/first-deposit-sport\/#breadcrumb","itemListElement":[{"@type":"ListItem","position":1,"name":"Home","item":"https:\/\/20bet.cafe\/br\/"},{"@type":"ListItem","position":2,"name":"B\u00f4nus","item":"https:\/\/20bet.cafe\/br\/bonus\/"},{"@type":"ListItem","position":3,"name":"B\u00f4nus esportivo no primeiro dep\u00f3sito"}]},{"@type":"WebSite","@id":"https:\/\/20bet.cafe\/br\/#website","url":"https:\/\/20bet.cafe\/br\/","name":"20Bet Cafe br","description":"My WordPress Blog","potentialAction":[{"@type":"SearchAction","target":{"@type":"EntryPoint","urlTemplate":"https:\/\/20bet.cafe\/br\/?s={search_term_string}"},"query-input":{"@type":"PropertyValueSpecification","valueRequired":true,"valueName":"search_term_string"}}],"inLanguage":"pt-BR"}]}},"_links":{"self":[{"href":"https:\/\/20bet.cafe\/br\/wp-json\/wp\/v2\/pages\/441","targetHints":{"allow":["GET"]}}],"collection":[{"href":"https:\/\/20bet.cafe\/br\/wp-json\/wp\/v2\/pages"}],"about":[{"href":"https:\/\/20bet.cafe\/br\/wp-json\/wp\/v2\/types\/page"}],"author":[{"embeddable":true,"href":"https:\/\/20bet.cafe\/br\/wp-json\/wp\/v2\/users\/1"}],"replies":[{"embeddable":true,"href":"https:\/\/20bet.cafe\/br\/wp-json\/wp\/v2\/comments?post=441"}],"version-history":[{"count":5,"href":"https:\/\/20bet.cafe\/br\/wp-json\/wp\/v2\/pages\/441\/revisions"}],"predecessor-version":[{"id":495,"href":"https:\/\/20bet.cafe\/br\/wp-json\/wp\/v2\/pages\/441\/revisions\/495"}],"up":[{"embeddable":true,"href":"https:\/\/20bet.cafe\/br\/wp-json\/wp\/v2\/pages\/225"}],"wp:attachment":[{"href":"https:\/\/20bet.cafe\/br\/wp-json\/wp\/v2\/media?parent=441"}],"curies":[{"name":"wp","href":"https:\/\/api.w.org\/{rel}","templated":true}]}}