{"id":225,"date":"2025-08-07T10:04:01","date_gmt":"2025-08-07T10:04:01","guid":{"rendered":"https:\/\/20bet.cafe\/cs\/?page_id=225"},"modified":"2025-09-23T10:38:08","modified_gmt":"2025-09-23T10:38:08","slug":"bonus","status":"publish","type":"page","link":"https:\/\/20bet.cafe\/cs\/bonus\/","title":{"rendered":"Bonus"},"content":{"rendered":"","protected":false},"excerpt":{"rendered":"","protected":false},"author":1,"featured_media":0,"parent":0,"menu_order":0,"comment_status":"closed","ping_status":"closed","template":"","meta":{"footnotes":""},"class_list":["post-225","page","type-page","status-publish","hentry"],"yoast_head":"<!-- This site is optimized with the Yoast SEO plugin v26.6 - https:\/\/yoast.com\/wordpress\/plugins\/seo\/ -->\n<title>Z\u00edskejte bonus 20Bet | Aktu\u00e1ln\u00ed akce a promo k\u00f3dy<\/title>\n<meta name=\"description\" content=\"Zjist\u011bte v\u0161e o bonusech 20Bet v roce 2025! Uv\u00edtac\u00ed akce, promo k\u00f3dy, s\u00e1zky zdarma. Vyu\u017eijte v\u00fdhody a zvy\u0161te sv\u00e9 \u0161ance na v\u00fdhru!\" \/>\n<meta name=\"robots\" content=\"index, follow, max-snippet:-1, max-image-preview:large, max-video-preview:-1\" \/>\n<meta property=\"og:locale\" content=\"cs_CZ\" \/>\n<meta property=\"og:type\" content=\"article\" \/>\n<meta property=\"og:title\" content=\"Z\u00edskejte bonus 20Bet | Aktu\u00e1ln\u00ed akce a promo k\u00f3dy\" \/>\n<meta property=\"og:description\" content=\"Zjist\u011bte v\u0161e o bonusech 20Bet v roce 2025! Uv\u00edtac\u00ed akce, promo k\u00f3dy, s\u00e1zky zdarma. Vyu\u017eijte v\u00fdhody a zvy\u0161te sv\u00e9 \u0161ance na v\u00fdhru!\" \/>\n<meta property=\"og:url\" content=\"https:\/\/20bet.cafe\/cs\/bonus\/\" \/>\n<meta property=\"og:site_name\" content=\"20Bet Cafe cs\" \/>\n<meta property=\"article:modified_time\" content=\"2025-09-23T10:38:08+00:00\" \/>\n<meta name=\"twitter:card\" content=\"summary_large_image\" \/>\n<script type=\"application\/ld+json\" class=\"yoast-schema-graph\">{\"@context\":\"https:\/\/schema.org\",\"@graph\":[{\"@type\":\"WebPage\",\"@id\":\"https:\/\/20bet.cafe\/cs\/bonus\/\",\"url\":\"https:\/\/20bet.cafe\/cs\/bonus\/\",\"name\":\"Z\u00edskejte bonus 20Bet | Aktu\u00e1ln\u00ed akce a promo k\u00f3dy\",\"isPartOf\":{\"@id\":\"https:\/\/20bet.cafe\/cs\/#website\"},\"datePublished\":\"2025-08-07T10:04:01+00:00\",\"dateModified\":\"2025-09-23T10:38:08+00:00\",\"description\":\"Zjist\u011bte v\u0161e o bonusech 20Bet v roce 2025! Uv\u00edtac\u00ed akce, promo k\u00f3dy, s\u00e1zky zdarma. Vyu\u017eijte v\u00fdhody a zvy\u0161te sv\u00e9 \u0161ance na v\u00fdhru!\",\"breadcrumb\":{\"@id\":\"https:\/\/20bet.cafe\/cs\/bonus\/#breadcrumb\"},\"inLanguage\":\"cs\",\"potentialAction\":[{\"@type\":\"ReadAction\",\"target\":[\"https:\/\/20bet.cafe\/cs\/bonus\/\"]}]},{\"@type\":\"BreadcrumbList\",\"@id\":\"https:\/\/20bet.cafe\/cs\/bonus\/#breadcrumb\",\"itemListElement\":[{\"@type\":\"ListItem\",\"position\":1,\"name\":\"Home\",\"item\":\"https:\/\/20bet.cafe\/cs\/\"},{\"@type\":\"ListItem\",\"position\":2,\"name\":\"Bonus\"}]},{\"@type\":\"WebSite\",\"@id\":\"https:\/\/20bet.cafe\/cs\/#website\",\"url\":\"https:\/\/20bet.cafe\/cs\/\",\"name\":\"20Bet Cafe cs\",\"description\":\"My WordPress Blog\",\"potentialAction\":[{\"@type\":\"SearchAction\",\"target\":{\"@type\":\"EntryPoint\",\"urlTemplate\":\"https:\/\/20bet.cafe\/cs\/?s={search_term_string}\"},\"query-input\":{\"@type\":\"PropertyValueSpecification\",\"valueRequired\":true,\"valueName\":\"search_term_string\"}}],\"inLanguage\":\"cs\"}]}<\/script>\n<!-- \/ Yoast SEO plugin. -->","yoast_head_json":{"title":"Z\u00edskejte bonus 20Bet | Aktu\u00e1ln\u00ed akce a promo k\u00f3dy","description":"Zjist\u011bte v\u0161e o bonusech 20Bet v roce 2025! Uv\u00edtac\u00ed akce, promo k\u00f3dy, s\u00e1zky zdarma. Vyu\u017eijte v\u00fdhody a zvy\u0161te sv\u00e9 \u0161ance na v\u00fdhru!","robots":{"index":"index","follow":"follow","max-snippet":"max-snippet:-1","max-image-preview":"max-image-preview:large","max-video-preview":"max-video-preview:-1"},"og_locale":"cs_CZ","og_type":"article","og_title":"Z\u00edskejte bonus 20Bet | Aktu\u00e1ln\u00ed akce a promo k\u00f3dy","og_description":"Zjist\u011bte v\u0161e o bonusech 20Bet v roce 2025! Uv\u00edtac\u00ed akce, promo k\u00f3dy, s\u00e1zky zdarma. Vyu\u017eijte v\u00fdhody a zvy\u0161te sv\u00e9 \u0161ance na v\u00fdhru!","og_url":"https:\/\/20bet.cafe\/cs\/bonus\/","og_site_name":"20Bet Cafe cs","article_modified_time":"2025-09-23T10:38:08+00:00","twitter_card":"summary_large_image","schema":{"@context":"https:\/\/schema.org","@graph":[{"@type":"WebPage","@id":"https:\/\/20bet.cafe\/cs\/bonus\/","url":"https:\/\/20bet.cafe\/cs\/bonus\/","name":"Z\u00edskejte bonus 20Bet | Aktu\u00e1ln\u00ed akce a promo k\u00f3dy","isPartOf":{"@id":"https:\/\/20bet.cafe\/cs\/#website"},"datePublished":"2025-08-07T10:04:01+00:00","dateModified":"2025-09-23T10:38:08+00:00","description":"Zjist\u011bte v\u0161e o bonusech 20Bet v roce 2025! Uv\u00edtac\u00ed akce, promo k\u00f3dy, s\u00e1zky zdarma. Vyu\u017eijte v\u00fdhody a zvy\u0161te sv\u00e9 \u0161ance na v\u00fdhru!","breadcrumb":{"@id":"https:\/\/20bet.cafe\/cs\/bonus\/#breadcrumb"},"inLanguage":"cs","potentialAction":[{"@type":"ReadAction","target":["https:\/\/20bet.cafe\/cs\/bonus\/"]}]},{"@type":"BreadcrumbList","@id":"https:\/\/20bet.cafe\/cs\/bonus\/#breadcrumb","itemListElement":[{"@type":"ListItem","position":1,"name":"Home","item":"https:\/\/20bet.cafe\/cs\/"},{"@type":"ListItem","position":2,"name":"Bonus"}]},{"@type":"WebSite","@id":"https:\/\/20bet.cafe\/cs\/#website","url":"https:\/\/20bet.cafe\/cs\/","name":"20Bet Cafe cs","description":"My WordPress Blog","potentialAction":[{"@type":"SearchAction","target":{"@type":"EntryPoint","urlTemplate":"https:\/\/20bet.cafe\/cs\/?s={search_term_string}"},"query-input":{"@type":"PropertyValueSpecification","valueRequired":true,"valueName":"search_term_string"}}],"inLanguage":"cs"}]}},"_links":{"self":[{"href":"https:\/\/20bet.cafe\/cs\/wp-json\/wp\/v2\/pages\/225","targetHints":{"allow":["GET"]}}],"collection":[{"href":"https:\/\/20bet.cafe\/cs\/wp-json\/wp\/v2\/pages"}],"about":[{"href":"https:\/\/20bet.cafe\/cs\/wp-json\/wp\/v2\/types\/page"}],"author":[{"embeddable":true,"href":"https:\/\/20bet.cafe\/cs\/wp-json\/wp\/v2\/users\/1"}],"replies":[{"embeddable":true,"href":"https:\/\/20bet.cafe\/cs\/wp-json\/wp\/v2\/comments?post=225"}],"version-history":[{"count":14,"href":"https:\/\/20bet.cafe\/cs\/wp-json\/wp\/v2\/pages\/225\/revisions"}],"predecessor-version":[{"id":489,"href":"https:\/\/20bet.cafe\/cs\/wp-json\/wp\/v2\/pages\/225\/revisions\/489"}],"wp:attachment":[{"href":"https:\/\/20bet.cafe\/cs\/wp-json\/wp\/v2\/media?parent=225"}],"curies":[{"name":"wp","href":"https:\/\/api.w.org\/{rel}","templated":true}]}}