{"id":258,"date":"2025-08-10T14:22:35","date_gmt":"2025-08-10T14:22:35","guid":{"rendered":"https:\/\/20bet.cafe\/cs\/?page_id=258"},"modified":"2025-10-18T09:16:58","modified_gmt":"2025-10-18T09:16:58","slug":"registration","status":"publish","type":"page","link":"https:\/\/20bet.cafe\/cs\/registration\/","title":{"rendered":"Registrace"},"content":{"rendered":"","protected":false},"excerpt":{"rendered":"","protected":false},"author":1,"featured_media":0,"parent":0,"menu_order":0,"comment_status":"closed","ping_status":"closed","template":"","meta":{"footnotes":""},"class_list":["post-258","page","type-page","status-publish","hentry"],"yoast_head":"<!-- This site is optimized with the Yoast SEO plugin v26.6 - https:\/\/yoast.com\/wordpress\/plugins\/seo\/ -->\n<title>Registrace na 20Bet 2025 | Jak si vytvo\u0159it \u00fa\u010det a za\u010d\u00edt hr\u00e1t<\/title>\n<meta name=\"description\" content=\"Rychl\u00e1 a snadn\u00e1 registrace na 20Bet! \u2705 Nau\u010dte se, jak si vytvo\u0159it \u00fa\u010det, abyste z\u00edskali p\u0159\u00edstup ke stovk\u00e1m hazardn\u00edch her, bonus\u016fm a rychl\u00fdm v\u00fdplat\u00e1m.\" \/>\n<meta name=\"robots\" content=\"index, follow, max-snippet:-1, max-image-preview:large, max-video-preview:-1\" \/>\n<meta property=\"og:locale\" content=\"cs_CZ\" \/>\n<meta property=\"og:type\" content=\"article\" \/>\n<meta property=\"og:title\" content=\"Registrace na 20Bet 2025 | Jak si vytvo\u0159it \u00fa\u010det a za\u010d\u00edt hr\u00e1t\" \/>\n<meta property=\"og:description\" content=\"Rychl\u00e1 a snadn\u00e1 registrace na 20Bet! \u2705 Nau\u010dte se, jak si vytvo\u0159it \u00fa\u010det, abyste z\u00edskali p\u0159\u00edstup ke stovk\u00e1m hazardn\u00edch her, bonus\u016fm a rychl\u00fdm v\u00fdplat\u00e1m.\" \/>\n<meta property=\"og:url\" content=\"https:\/\/20bet.cafe\/cs\/registration\/\" \/>\n<meta property=\"og:site_name\" content=\"20Bet Cafe cs\" \/>\n<meta property=\"article:modified_time\" content=\"2025-10-18T09:16:58+00:00\" \/>\n<meta name=\"twitter:card\" content=\"summary_large_image\" \/>\n<script type=\"application\/ld+json\" class=\"yoast-schema-graph\">{\"@context\":\"https:\/\/schema.org\",\"@graph\":[{\"@type\":\"WebPage\",\"@id\":\"https:\/\/20bet.cafe\/cs\/registration\/\",\"url\":\"https:\/\/20bet.cafe\/cs\/registration\/\",\"name\":\"Registrace na 20Bet 2025 | Jak si vytvo\u0159it \u00fa\u010det a za\u010d\u00edt hr\u00e1t\",\"isPartOf\":{\"@id\":\"https:\/\/20bet.cafe\/cs\/#website\"},\"datePublished\":\"2025-08-10T14:22:35+00:00\",\"dateModified\":\"2025-10-18T09:16:58+00:00\",\"description\":\"Rychl\u00e1 a snadn\u00e1 registrace na 20Bet! \u2705 Nau\u010dte se, jak si vytvo\u0159it \u00fa\u010det, abyste z\u00edskali p\u0159\u00edstup ke stovk\u00e1m hazardn\u00edch her, bonus\u016fm a rychl\u00fdm v\u00fdplat\u00e1m.\",\"breadcrumb\":{\"@id\":\"https:\/\/20bet.cafe\/cs\/registration\/#breadcrumb\"},\"inLanguage\":\"cs\",\"potentialAction\":[{\"@type\":\"ReadAction\",\"target\":[\"https:\/\/20bet.cafe\/cs\/registration\/\"]}]},{\"@type\":\"BreadcrumbList\",\"@id\":\"https:\/\/20bet.cafe\/cs\/registration\/#breadcrumb\",\"itemListElement\":[{\"@type\":\"ListItem\",\"position\":1,\"name\":\"Home\",\"item\":\"https:\/\/20bet.cafe\/cs\/\"},{\"@type\":\"ListItem\",\"position\":2,\"name\":\"Registrace\"}]},{\"@type\":\"WebSite\",\"@id\":\"https:\/\/20bet.cafe\/cs\/#website\",\"url\":\"https:\/\/20bet.cafe\/cs\/\",\"name\":\"20Bet Cafe cs\",\"description\":\"My WordPress Blog\",\"potentialAction\":[{\"@type\":\"SearchAction\",\"target\":{\"@type\":\"EntryPoint\",\"urlTemplate\":\"https:\/\/20bet.cafe\/cs\/?s={search_term_string}\"},\"query-input\":{\"@type\":\"PropertyValueSpecification\",\"valueRequired\":true,\"valueName\":\"search_term_string\"}}],\"inLanguage\":\"cs\"}]}<\/script>\n<!-- \/ Yoast SEO plugin. -->","yoast_head_json":{"title":"Registrace na 20Bet 2025 | Jak si vytvo\u0159it \u00fa\u010det a za\u010d\u00edt hr\u00e1t","description":"Rychl\u00e1 a snadn\u00e1 registrace na 20Bet! \u2705 Nau\u010dte se, jak si vytvo\u0159it \u00fa\u010det, abyste z\u00edskali p\u0159\u00edstup ke stovk\u00e1m hazardn\u00edch her, bonus\u016fm a rychl\u00fdm v\u00fdplat\u00e1m.","robots":{"index":"index","follow":"follow","max-snippet":"max-snippet:-1","max-image-preview":"max-image-preview:large","max-video-preview":"max-video-preview:-1"},"og_locale":"cs_CZ","og_type":"article","og_title":"Registrace na 20Bet 2025 | Jak si vytvo\u0159it \u00fa\u010det a za\u010d\u00edt hr\u00e1t","og_description":"Rychl\u00e1 a snadn\u00e1 registrace na 20Bet! \u2705 Nau\u010dte se, jak si vytvo\u0159it \u00fa\u010det, abyste z\u00edskali p\u0159\u00edstup ke stovk\u00e1m hazardn\u00edch her, bonus\u016fm a rychl\u00fdm v\u00fdplat\u00e1m.","og_url":"https:\/\/20bet.cafe\/cs\/registration\/","og_site_name":"20Bet Cafe cs","article_modified_time":"2025-10-18T09:16:58+00:00","twitter_card":"summary_large_image","schema":{"@context":"https:\/\/schema.org","@graph":[{"@type":"WebPage","@id":"https:\/\/20bet.cafe\/cs\/registration\/","url":"https:\/\/20bet.cafe\/cs\/registration\/","name":"Registrace na 20Bet 2025 | Jak si vytvo\u0159it \u00fa\u010det a za\u010d\u00edt hr\u00e1t","isPartOf":{"@id":"https:\/\/20bet.cafe\/cs\/#website"},"datePublished":"2025-08-10T14:22:35+00:00","dateModified":"2025-10-18T09:16:58+00:00","description":"Rychl\u00e1 a snadn\u00e1 registrace na 20Bet! \u2705 Nau\u010dte se, jak si vytvo\u0159it \u00fa\u010det, abyste z\u00edskali p\u0159\u00edstup ke stovk\u00e1m hazardn\u00edch her, bonus\u016fm a rychl\u00fdm v\u00fdplat\u00e1m.","breadcrumb":{"@id":"https:\/\/20bet.cafe\/cs\/registration\/#breadcrumb"},"inLanguage":"cs","potentialAction":[{"@type":"ReadAction","target":["https:\/\/20bet.cafe\/cs\/registration\/"]}]},{"@type":"BreadcrumbList","@id":"https:\/\/20bet.cafe\/cs\/registration\/#breadcrumb","itemListElement":[{"@type":"ListItem","position":1,"name":"Home","item":"https:\/\/20bet.cafe\/cs\/"},{"@type":"ListItem","position":2,"name":"Registrace"}]},{"@type":"WebSite","@id":"https:\/\/20bet.cafe\/cs\/#website","url":"https:\/\/20bet.cafe\/cs\/","name":"20Bet Cafe cs","description":"My WordPress Blog","potentialAction":[{"@type":"SearchAction","target":{"@type":"EntryPoint","urlTemplate":"https:\/\/20bet.cafe\/cs\/?s={search_term_string}"},"query-input":{"@type":"PropertyValueSpecification","valueRequired":true,"valueName":"search_term_string"}}],"inLanguage":"cs"}]}},"_links":{"self":[{"href":"https:\/\/20bet.cafe\/cs\/wp-json\/wp\/v2\/pages\/258","targetHints":{"allow":["GET"]}}],"collection":[{"href":"https:\/\/20bet.cafe\/cs\/wp-json\/wp\/v2\/pages"}],"about":[{"href":"https:\/\/20bet.cafe\/cs\/wp-json\/wp\/v2\/types\/page"}],"author":[{"embeddable":true,"href":"https:\/\/20bet.cafe\/cs\/wp-json\/wp\/v2\/users\/1"}],"replies":[{"embeddable":true,"href":"https:\/\/20bet.cafe\/cs\/wp-json\/wp\/v2\/comments?post=258"}],"version-history":[{"count":11,"href":"https:\/\/20bet.cafe\/cs\/wp-json\/wp\/v2\/pages\/258\/revisions"}],"predecessor-version":[{"id":509,"href":"https:\/\/20bet.cafe\/cs\/wp-json\/wp\/v2\/pages\/258\/revisions\/509"}],"wp:attachment":[{"href":"https:\/\/20bet.cafe\/cs\/wp-json\/wp\/v2\/media?parent=258"}],"curies":[{"name":"wp","href":"https:\/\/api.w.org\/{rel}","templated":true}]}}