{"id":429,"date":"2025-09-04T13:00:13","date_gmt":"2025-09-04T13:00:13","guid":{"rendered":"https:\/\/20bet.cafe\/cs\/?page_id=429"},"modified":"2025-09-23T10:48:02","modified_gmt":"2025-09-23T10:48:02","slug":"first-deposit-casino","status":"publish","type":"page","link":"https:\/\/20bet.cafe\/cs\/bonus\/first-deposit-casino\/","title":{"rendered":"Bonus za prvn\u00ed vklad v kasinu"},"content":{"rendered":"","protected":false},"excerpt":{"rendered":"","protected":false},"author":1,"featured_media":0,"parent":225,"menu_order":0,"comment_status":"closed","ping_status":"closed","template":"","meta":{"footnotes":""},"class_list":["post-429","page","type-page","status-publish","hentry"],"yoast_head":"<!-- This site is optimized with the Yoast SEO plugin v26.6 - https:\/\/yoast.com\/wordpress\/plugins\/seo\/ -->\n<title>V\u00edtejte v kasinu 20Bet \u1409 Z\u00edskejte 100 % k prvn\u00edmu vkladu<\/title>\n<meta name=\"description\" content=\"Z\u00edskejte 100% bonus k prvn\u00edmu vkladu a\u017e do v\u00fd\u0161e 3 000 K\u010d + 120 rozto\u010den\u00ed zdarma v kasinu 20Bet! Zjist\u011bte, jak prov\u00e9st vklad a vyu\u017e\u00edt exkluzivn\u00ed nab\u00eddky pro nov\u00e9 hr\u00e1\u010de.\" \/>\n<meta name=\"robots\" content=\"index, follow, max-snippet:-1, max-image-preview:large, max-video-preview:-1\" \/>\n<meta property=\"og:locale\" content=\"cs_CZ\" \/>\n<meta property=\"og:type\" content=\"article\" \/>\n<meta property=\"og:title\" content=\"V\u00edtejte v kasinu 20Bet \u1409 Z\u00edskejte 100 % k prvn\u00edmu vkladu\" \/>\n<meta property=\"og:description\" content=\"Z\u00edskejte 100% bonus k prvn\u00edmu vkladu a\u017e do v\u00fd\u0161e 3 000 K\u010d + 120 rozto\u010den\u00ed zdarma v kasinu 20Bet! Zjist\u011bte, jak prov\u00e9st vklad a vyu\u017e\u00edt exkluzivn\u00ed nab\u00eddky pro nov\u00e9 hr\u00e1\u010de.\" \/>\n<meta property=\"og:url\" content=\"https:\/\/20bet.cafe\/cs\/bonus\/first-deposit-casino\/\" \/>\n<meta property=\"og:site_name\" content=\"20Bet Cafe cs\" \/>\n<meta property=\"article:modified_time\" content=\"2025-09-23T10:48:02+00:00\" \/>\n<meta name=\"twitter:card\" content=\"summary_large_image\" \/>\n<script type=\"application\/ld+json\" class=\"yoast-schema-graph\">{\"@context\":\"https:\/\/schema.org\",\"@graph\":[{\"@type\":\"WebPage\",\"@id\":\"https:\/\/20bet.cafe\/cs\/bonus\/first-deposit-casino\/\",\"url\":\"https:\/\/20bet.cafe\/cs\/bonus\/first-deposit-casino\/\",\"name\":\"V\u00edtejte v kasinu 20Bet \u1409 Z\u00edskejte 100 % k prvn\u00edmu vkladu\",\"isPartOf\":{\"@id\":\"https:\/\/20bet.cafe\/cs\/#website\"},\"datePublished\":\"2025-09-04T13:00:13+00:00\",\"dateModified\":\"2025-09-23T10:48:02+00:00\",\"description\":\"Z\u00edskejte 100% bonus k prvn\u00edmu vkladu a\u017e do v\u00fd\u0161e 3 000 K\u010d + 120 rozto\u010den\u00ed zdarma v kasinu 20Bet! Zjist\u011bte, jak prov\u00e9st vklad a vyu\u017e\u00edt exkluzivn\u00ed nab\u00eddky pro nov\u00e9 hr\u00e1\u010de.\",\"breadcrumb\":{\"@id\":\"https:\/\/20bet.cafe\/cs\/bonus\/first-deposit-casino\/#breadcrumb\"},\"inLanguage\":\"cs\",\"potentialAction\":[{\"@type\":\"ReadAction\",\"target\":[\"https:\/\/20bet.cafe\/cs\/bonus\/first-deposit-casino\/\"]}]},{\"@type\":\"BreadcrumbList\",\"@id\":\"https:\/\/20bet.cafe\/cs\/bonus\/first-deposit-casino\/#breadcrumb\",\"itemListElement\":[{\"@type\":\"ListItem\",\"position\":1,\"name\":\"Home\",\"item\":\"https:\/\/20bet.cafe\/cs\/\"},{\"@type\":\"ListItem\",\"position\":2,\"name\":\"Bonus\",\"item\":\"https:\/\/20bet.cafe\/cs\/bonus\/\"},{\"@type\":\"ListItem\",\"position\":3,\"name\":\"Bonus za prvn\u00ed vklad v kasinu\"}]},{\"@type\":\"WebSite\",\"@id\":\"https:\/\/20bet.cafe\/cs\/#website\",\"url\":\"https:\/\/20bet.cafe\/cs\/\",\"name\":\"20Bet Cafe cs\",\"description\":\"My WordPress Blog\",\"potentialAction\":[{\"@type\":\"SearchAction\",\"target\":{\"@type\":\"EntryPoint\",\"urlTemplate\":\"https:\/\/20bet.cafe\/cs\/?s={search_term_string}\"},\"query-input\":{\"@type\":\"PropertyValueSpecification\",\"valueRequired\":true,\"valueName\":\"search_term_string\"}}],\"inLanguage\":\"cs\"}]}<\/script>\n<!-- \/ Yoast SEO plugin. -->","yoast_head_json":{"title":"V\u00edtejte v kasinu 20Bet \u1409 Z\u00edskejte 100 % k prvn\u00edmu vkladu","description":"Z\u00edskejte 100% bonus k prvn\u00edmu vkladu a\u017e do v\u00fd\u0161e 3 000 K\u010d + 120 rozto\u010den\u00ed zdarma v kasinu 20Bet! Zjist\u011bte, jak prov\u00e9st vklad a vyu\u017e\u00edt exkluzivn\u00ed nab\u00eddky pro nov\u00e9 hr\u00e1\u010de.","robots":{"index":"index","follow":"follow","max-snippet":"max-snippet:-1","max-image-preview":"max-image-preview:large","max-video-preview":"max-video-preview:-1"},"og_locale":"cs_CZ","og_type":"article","og_title":"V\u00edtejte v kasinu 20Bet \u1409 Z\u00edskejte 100 % k prvn\u00edmu vkladu","og_description":"Z\u00edskejte 100% bonus k prvn\u00edmu vkladu a\u017e do v\u00fd\u0161e 3 000 K\u010d + 120 rozto\u010den\u00ed zdarma v kasinu 20Bet! Zjist\u011bte, jak prov\u00e9st vklad a vyu\u017e\u00edt exkluzivn\u00ed nab\u00eddky pro nov\u00e9 hr\u00e1\u010de.","og_url":"https:\/\/20bet.cafe\/cs\/bonus\/first-deposit-casino\/","og_site_name":"20Bet Cafe cs","article_modified_time":"2025-09-23T10:48:02+00:00","twitter_card":"summary_large_image","schema":{"@context":"https:\/\/schema.org","@graph":[{"@type":"WebPage","@id":"https:\/\/20bet.cafe\/cs\/bonus\/first-deposit-casino\/","url":"https:\/\/20bet.cafe\/cs\/bonus\/first-deposit-casino\/","name":"V\u00edtejte v kasinu 20Bet \u1409 Z\u00edskejte 100 % k prvn\u00edmu vkladu","isPartOf":{"@id":"https:\/\/20bet.cafe\/cs\/#website"},"datePublished":"2025-09-04T13:00:13+00:00","dateModified":"2025-09-23T10:48:02+00:00","description":"Z\u00edskejte 100% bonus k prvn\u00edmu vkladu a\u017e do v\u00fd\u0161e 3 000 K\u010d + 120 rozto\u010den\u00ed zdarma v kasinu 20Bet! Zjist\u011bte, jak prov\u00e9st vklad a vyu\u017e\u00edt exkluzivn\u00ed nab\u00eddky pro nov\u00e9 hr\u00e1\u010de.","breadcrumb":{"@id":"https:\/\/20bet.cafe\/cs\/bonus\/first-deposit-casino\/#breadcrumb"},"inLanguage":"cs","potentialAction":[{"@type":"ReadAction","target":["https:\/\/20bet.cafe\/cs\/bonus\/first-deposit-casino\/"]}]},{"@type":"BreadcrumbList","@id":"https:\/\/20bet.cafe\/cs\/bonus\/first-deposit-casino\/#breadcrumb","itemListElement":[{"@type":"ListItem","position":1,"name":"Home","item":"https:\/\/20bet.cafe\/cs\/"},{"@type":"ListItem","position":2,"name":"Bonus","item":"https:\/\/20bet.cafe\/cs\/bonus\/"},{"@type":"ListItem","position":3,"name":"Bonus za prvn\u00ed vklad v kasinu"}]},{"@type":"WebSite","@id":"https:\/\/20bet.cafe\/cs\/#website","url":"https:\/\/20bet.cafe\/cs\/","name":"20Bet Cafe cs","description":"My WordPress Blog","potentialAction":[{"@type":"SearchAction","target":{"@type":"EntryPoint","urlTemplate":"https:\/\/20bet.cafe\/cs\/?s={search_term_string}"},"query-input":{"@type":"PropertyValueSpecification","valueRequired":true,"valueName":"search_term_string"}}],"inLanguage":"cs"}]}},"_links":{"self":[{"href":"https:\/\/20bet.cafe\/cs\/wp-json\/wp\/v2\/pages\/429","targetHints":{"allow":["GET"]}}],"collection":[{"href":"https:\/\/20bet.cafe\/cs\/wp-json\/wp\/v2\/pages"}],"about":[{"href":"https:\/\/20bet.cafe\/cs\/wp-json\/wp\/v2\/types\/page"}],"author":[{"embeddable":true,"href":"https:\/\/20bet.cafe\/cs\/wp-json\/wp\/v2\/users\/1"}],"replies":[{"embeddable":true,"href":"https:\/\/20bet.cafe\/cs\/wp-json\/wp\/v2\/comments?post=429"}],"version-history":[{"count":5,"href":"https:\/\/20bet.cafe\/cs\/wp-json\/wp\/v2\/pages\/429\/revisions"}],"predecessor-version":[{"id":491,"href":"https:\/\/20bet.cafe\/cs\/wp-json\/wp\/v2\/pages\/429\/revisions\/491"}],"up":[{"embeddable":true,"href":"https:\/\/20bet.cafe\/cs\/wp-json\/wp\/v2\/pages\/225"}],"wp:attachment":[{"href":"https:\/\/20bet.cafe\/cs\/wp-json\/wp\/v2\/media?parent=429"}],"curies":[{"name":"wp","href":"https:\/\/api.w.org\/{rel}","templated":true}]}}