{"id":445,"date":"2025-09-04T14:12:51","date_gmt":"2025-09-04T14:12:51","guid":{"rendered":"https:\/\/20bet.cafe\/cs\/?page_id=445"},"modified":"2025-10-18T08:54:55","modified_gmt":"2025-10-18T08:54:55","slug":"reload-casino","status":"publish","type":"page","link":"https:\/\/20bet.cafe\/cs\/bonus\/reload-casino\/","title":{"rendered":"Nab\u00edjen\u00ed kasina"},"content":{"rendered":"","protected":false},"excerpt":{"rendered":"","protected":false},"author":1,"featured_media":0,"parent":225,"menu_order":0,"comment_status":"closed","ping_status":"closed","template":"","meta":{"footnotes":""},"class_list":["post-445","page","type-page","status-publish","hentry"],"yoast_head":"<!-- This site is optimized with the Yoast SEO plugin v26.6 - https:\/\/yoast.com\/wordpress\/plugins\/seo\/ -->\n<title>20Bet p\u00e1te\u010dn\u00ed bonus za dobit\u00ed | 50 % na vklady a\u017e do v\u00fd\u0161e 2500 K\u010d<\/title>\n<meta name=\"description\" content=\"Ka\u017ed\u00fd p\u00e1tek v kasinu 20Bet z\u00edsk\u00e1te k va\u0161emu vkladu 50% bonus a\u017e do v\u00fd\u0161e 2 500 K\u010d. Zjist\u011bte, jak nab\u00eddku aktivovat, a u\u017eijte si hran\u00ed s dal\u0161\u00edmi prost\u0159edky!\" \/>\n<meta name=\"robots\" content=\"index, follow, max-snippet:-1, max-image-preview:large, max-video-preview:-1\" \/>\n<meta property=\"og:locale\" content=\"cs_CZ\" \/>\n<meta property=\"og:type\" content=\"article\" \/>\n<meta property=\"og:title\" content=\"20Bet p\u00e1te\u010dn\u00ed bonus za dobit\u00ed | 50 % na vklady a\u017e do v\u00fd\u0161e 2500 K\u010d\" \/>\n<meta property=\"og:description\" content=\"Ka\u017ed\u00fd p\u00e1tek v kasinu 20Bet z\u00edsk\u00e1te k va\u0161emu vkladu 50% bonus a\u017e do v\u00fd\u0161e 2 500 K\u010d. Zjist\u011bte, jak nab\u00eddku aktivovat, a u\u017eijte si hran\u00ed s dal\u0161\u00edmi prost\u0159edky!\" \/>\n<meta property=\"og:url\" content=\"https:\/\/20bet.cafe\/cs\/bonus\/reload-casino\/\" \/>\n<meta property=\"og:site_name\" content=\"20Bet Cafe cs\" \/>\n<meta property=\"article:modified_time\" content=\"2025-10-18T08:54:55+00:00\" \/>\n<meta name=\"twitter:card\" content=\"summary_large_image\" \/>\n<script type=\"application\/ld+json\" class=\"yoast-schema-graph\">{\"@context\":\"https:\/\/schema.org\",\"@graph\":[{\"@type\":\"WebPage\",\"@id\":\"https:\/\/20bet.cafe\/cs\/bonus\/reload-casino\/\",\"url\":\"https:\/\/20bet.cafe\/cs\/bonus\/reload-casino\/\",\"name\":\"20Bet p\u00e1te\u010dn\u00ed bonus za dobit\u00ed | 50 % na vklady a\u017e do v\u00fd\u0161e 2500 K\u010d\",\"isPartOf\":{\"@id\":\"https:\/\/20bet.cafe\/cs\/#website\"},\"datePublished\":\"2025-09-04T14:12:51+00:00\",\"dateModified\":\"2025-10-18T08:54:55+00:00\",\"description\":\"Ka\u017ed\u00fd p\u00e1tek v kasinu 20Bet z\u00edsk\u00e1te k va\u0161emu vkladu 50% bonus a\u017e do v\u00fd\u0161e 2 500 K\u010d. Zjist\u011bte, jak nab\u00eddku aktivovat, a u\u017eijte si hran\u00ed s dal\u0161\u00edmi prost\u0159edky!\",\"breadcrumb\":{\"@id\":\"https:\/\/20bet.cafe\/cs\/bonus\/reload-casino\/#breadcrumb\"},\"inLanguage\":\"cs\",\"potentialAction\":[{\"@type\":\"ReadAction\",\"target\":[\"https:\/\/20bet.cafe\/cs\/bonus\/reload-casino\/\"]}]},{\"@type\":\"BreadcrumbList\",\"@id\":\"https:\/\/20bet.cafe\/cs\/bonus\/reload-casino\/#breadcrumb\",\"itemListElement\":[{\"@type\":\"ListItem\",\"position\":1,\"name\":\"Home\",\"item\":\"https:\/\/20bet.cafe\/cs\/\"},{\"@type\":\"ListItem\",\"position\":2,\"name\":\"Bonus\",\"item\":\"https:\/\/20bet.cafe\/cs\/bonus\/\"},{\"@type\":\"ListItem\",\"position\":3,\"name\":\"Nab\u00edjen\u00ed kasina\"}]},{\"@type\":\"WebSite\",\"@id\":\"https:\/\/20bet.cafe\/cs\/#website\",\"url\":\"https:\/\/20bet.cafe\/cs\/\",\"name\":\"20Bet Cafe cs\",\"description\":\"My WordPress Blog\",\"potentialAction\":[{\"@type\":\"SearchAction\",\"target\":{\"@type\":\"EntryPoint\",\"urlTemplate\":\"https:\/\/20bet.cafe\/cs\/?s={search_term_string}\"},\"query-input\":{\"@type\":\"PropertyValueSpecification\",\"valueRequired\":true,\"valueName\":\"search_term_string\"}}],\"inLanguage\":\"cs\"}]}<\/script>\n<!-- \/ Yoast SEO plugin. -->","yoast_head_json":{"title":"20Bet p\u00e1te\u010dn\u00ed bonus za dobit\u00ed | 50 % na vklady a\u017e do v\u00fd\u0161e 2500 K\u010d","description":"Ka\u017ed\u00fd p\u00e1tek v kasinu 20Bet z\u00edsk\u00e1te k va\u0161emu vkladu 50% bonus a\u017e do v\u00fd\u0161e 2 500 K\u010d. Zjist\u011bte, jak nab\u00eddku aktivovat, a u\u017eijte si hran\u00ed s dal\u0161\u00edmi prost\u0159edky!","robots":{"index":"index","follow":"follow","max-snippet":"max-snippet:-1","max-image-preview":"max-image-preview:large","max-video-preview":"max-video-preview:-1"},"og_locale":"cs_CZ","og_type":"article","og_title":"20Bet p\u00e1te\u010dn\u00ed bonus za dobit\u00ed | 50 % na vklady a\u017e do v\u00fd\u0161e 2500 K\u010d","og_description":"Ka\u017ed\u00fd p\u00e1tek v kasinu 20Bet z\u00edsk\u00e1te k va\u0161emu vkladu 50% bonus a\u017e do v\u00fd\u0161e 2 500 K\u010d. Zjist\u011bte, jak nab\u00eddku aktivovat, a u\u017eijte si hran\u00ed s dal\u0161\u00edmi prost\u0159edky!","og_url":"https:\/\/20bet.cafe\/cs\/bonus\/reload-casino\/","og_site_name":"20Bet Cafe cs","article_modified_time":"2025-10-18T08:54:55+00:00","twitter_card":"summary_large_image","schema":{"@context":"https:\/\/schema.org","@graph":[{"@type":"WebPage","@id":"https:\/\/20bet.cafe\/cs\/bonus\/reload-casino\/","url":"https:\/\/20bet.cafe\/cs\/bonus\/reload-casino\/","name":"20Bet p\u00e1te\u010dn\u00ed bonus za dobit\u00ed | 50 % na vklady a\u017e do v\u00fd\u0161e 2500 K\u010d","isPartOf":{"@id":"https:\/\/20bet.cafe\/cs\/#website"},"datePublished":"2025-09-04T14:12:51+00:00","dateModified":"2025-10-18T08:54:55+00:00","description":"Ka\u017ed\u00fd p\u00e1tek v kasinu 20Bet z\u00edsk\u00e1te k va\u0161emu vkladu 50% bonus a\u017e do v\u00fd\u0161e 2 500 K\u010d. Zjist\u011bte, jak nab\u00eddku aktivovat, a u\u017eijte si hran\u00ed s dal\u0161\u00edmi prost\u0159edky!","breadcrumb":{"@id":"https:\/\/20bet.cafe\/cs\/bonus\/reload-casino\/#breadcrumb"},"inLanguage":"cs","potentialAction":[{"@type":"ReadAction","target":["https:\/\/20bet.cafe\/cs\/bonus\/reload-casino\/"]}]},{"@type":"BreadcrumbList","@id":"https:\/\/20bet.cafe\/cs\/bonus\/reload-casino\/#breadcrumb","itemListElement":[{"@type":"ListItem","position":1,"name":"Home","item":"https:\/\/20bet.cafe\/cs\/"},{"@type":"ListItem","position":2,"name":"Bonus","item":"https:\/\/20bet.cafe\/cs\/bonus\/"},{"@type":"ListItem","position":3,"name":"Nab\u00edjen\u00ed kasina"}]},{"@type":"WebSite","@id":"https:\/\/20bet.cafe\/cs\/#website","url":"https:\/\/20bet.cafe\/cs\/","name":"20Bet Cafe cs","description":"My WordPress Blog","potentialAction":[{"@type":"SearchAction","target":{"@type":"EntryPoint","urlTemplate":"https:\/\/20bet.cafe\/cs\/?s={search_term_string}"},"query-input":{"@type":"PropertyValueSpecification","valueRequired":true,"valueName":"search_term_string"}}],"inLanguage":"cs"}]}},"_links":{"self":[{"href":"https:\/\/20bet.cafe\/cs\/wp-json\/wp\/v2\/pages\/445","targetHints":{"allow":["GET"]}}],"collection":[{"href":"https:\/\/20bet.cafe\/cs\/wp-json\/wp\/v2\/pages"}],"about":[{"href":"https:\/\/20bet.cafe\/cs\/wp-json\/wp\/v2\/types\/page"}],"author":[{"embeddable":true,"href":"https:\/\/20bet.cafe\/cs\/wp-json\/wp\/v2\/users\/1"}],"replies":[{"embeddable":true,"href":"https:\/\/20bet.cafe\/cs\/wp-json\/wp\/v2\/comments?post=445"}],"version-history":[{"count":4,"href":"https:\/\/20bet.cafe\/cs\/wp-json\/wp\/v2\/pages\/445\/revisions"}],"predecessor-version":[{"id":495,"href":"https:\/\/20bet.cafe\/cs\/wp-json\/wp\/v2\/pages\/445\/revisions\/495"}],"up":[{"embeddable":true,"href":"https:\/\/20bet.cafe\/cs\/wp-json\/wp\/v2\/pages\/225"}],"wp:attachment":[{"href":"https:\/\/20bet.cafe\/cs\/wp-json\/wp\/v2\/media?parent=445"}],"curies":[{"name":"wp","href":"https:\/\/api.w.org\/{rel}","templated":true}]}}