{"id":448,"date":"2025-09-04T14:22:49","date_gmt":"2025-09-04T14:22:49","guid":{"rendered":"https:\/\/20bet.cafe\/cs\/?page_id=448"},"modified":"2025-10-18T08:55:44","modified_gmt":"2025-10-18T08:55:44","slug":"saturday-reload","status":"publish","type":"page","link":"https:\/\/20bet.cafe\/cs\/bonus\/saturday-reload\/","title":{"rendered":"Sobotn\u00ed na\u010d\u00edt\u00e1n\u00ed"},"content":{"rendered":"","protected":false},"excerpt":{"rendered":"","protected":false},"author":1,"featured_media":0,"parent":225,"menu_order":0,"comment_status":"closed","ping_status":"closed","template":"","meta":{"footnotes":""},"class_list":["post-448","page","type-page","status-publish","hentry"],"yoast_head":"<!-- This site is optimized with the Yoast SEO plugin v26.6 - https:\/\/yoast.com\/wordpress\/plugins\/seo\/ -->\n<title>Sobotn\u00ed bonus za dobit\u00ed sportovn\u00edch s\u00e1zek 20Bet \u1409 Zvy\u0161te bankroll<\/title>\n<meta name=\"description\" content=\"Ka\u017edou sobotu v 20Bet z\u00edsk\u00e1te 100% bonus za dobit\u00ed sv\u00e9ho vkladu! Zjist\u011bte, jak aktivovat tuto nab\u00eddku a zv\u00fd\u0161it sv\u00e9 \u0161ance na v\u00fdhru ve sportovn\u00edch s\u00e1zk\u00e1ch.\" \/>\n<meta name=\"robots\" content=\"index, follow, max-snippet:-1, max-image-preview:large, max-video-preview:-1\" \/>\n<meta property=\"og:locale\" content=\"cs_CZ\" \/>\n<meta property=\"og:type\" content=\"article\" \/>\n<meta property=\"og:title\" content=\"Sobotn\u00ed bonus za dobit\u00ed sportovn\u00edch s\u00e1zek 20Bet \u1409 Zvy\u0161te bankroll\" \/>\n<meta property=\"og:description\" content=\"Ka\u017edou sobotu v 20Bet z\u00edsk\u00e1te 100% bonus za dobit\u00ed sv\u00e9ho vkladu! Zjist\u011bte, jak aktivovat tuto nab\u00eddku a zv\u00fd\u0161it sv\u00e9 \u0161ance na v\u00fdhru ve sportovn\u00edch s\u00e1zk\u00e1ch.\" \/>\n<meta property=\"og:url\" content=\"https:\/\/20bet.cafe\/cs\/bonus\/saturday-reload\/\" \/>\n<meta property=\"og:site_name\" content=\"20Bet Cafe cs\" \/>\n<meta property=\"article:modified_time\" content=\"2025-10-18T08:55:44+00:00\" \/>\n<meta name=\"twitter:card\" content=\"summary_large_image\" \/>\n<script type=\"application\/ld+json\" class=\"yoast-schema-graph\">{\"@context\":\"https:\/\/schema.org\",\"@graph\":[{\"@type\":\"WebPage\",\"@id\":\"https:\/\/20bet.cafe\/cs\/bonus\/saturday-reload\/\",\"url\":\"https:\/\/20bet.cafe\/cs\/bonus\/saturday-reload\/\",\"name\":\"Sobotn\u00ed bonus za dobit\u00ed sportovn\u00edch s\u00e1zek 20Bet \u1409 Zvy\u0161te bankroll\",\"isPartOf\":{\"@id\":\"https:\/\/20bet.cafe\/cs\/#website\"},\"datePublished\":\"2025-09-04T14:22:49+00:00\",\"dateModified\":\"2025-10-18T08:55:44+00:00\",\"description\":\"Ka\u017edou sobotu v 20Bet z\u00edsk\u00e1te 100% bonus za dobit\u00ed sv\u00e9ho vkladu! Zjist\u011bte, jak aktivovat tuto nab\u00eddku a zv\u00fd\u0161it sv\u00e9 \u0161ance na v\u00fdhru ve sportovn\u00edch s\u00e1zk\u00e1ch.\",\"breadcrumb\":{\"@id\":\"https:\/\/20bet.cafe\/cs\/bonus\/saturday-reload\/#breadcrumb\"},\"inLanguage\":\"cs\",\"potentialAction\":[{\"@type\":\"ReadAction\",\"target\":[\"https:\/\/20bet.cafe\/cs\/bonus\/saturday-reload\/\"]}]},{\"@type\":\"BreadcrumbList\",\"@id\":\"https:\/\/20bet.cafe\/cs\/bonus\/saturday-reload\/#breadcrumb\",\"itemListElement\":[{\"@type\":\"ListItem\",\"position\":1,\"name\":\"Home\",\"item\":\"https:\/\/20bet.cafe\/cs\/\"},{\"@type\":\"ListItem\",\"position\":2,\"name\":\"Bonus\",\"item\":\"https:\/\/20bet.cafe\/cs\/bonus\/\"},{\"@type\":\"ListItem\",\"position\":3,\"name\":\"Sobotn\u00ed na\u010d\u00edt\u00e1n\u00ed\"}]},{\"@type\":\"WebSite\",\"@id\":\"https:\/\/20bet.cafe\/cs\/#website\",\"url\":\"https:\/\/20bet.cafe\/cs\/\",\"name\":\"20Bet Cafe cs\",\"description\":\"My WordPress Blog\",\"potentialAction\":[{\"@type\":\"SearchAction\",\"target\":{\"@type\":\"EntryPoint\",\"urlTemplate\":\"https:\/\/20bet.cafe\/cs\/?s={search_term_string}\"},\"query-input\":{\"@type\":\"PropertyValueSpecification\",\"valueRequired\":true,\"valueName\":\"search_term_string\"}}],\"inLanguage\":\"cs\"}]}<\/script>\n<!-- \/ Yoast SEO plugin. -->","yoast_head_json":{"title":"Sobotn\u00ed bonus za dobit\u00ed sportovn\u00edch s\u00e1zek 20Bet \u1409 Zvy\u0161te bankroll","description":"Ka\u017edou sobotu v 20Bet z\u00edsk\u00e1te 100% bonus za dobit\u00ed sv\u00e9ho vkladu! Zjist\u011bte, jak aktivovat tuto nab\u00eddku a zv\u00fd\u0161it sv\u00e9 \u0161ance na v\u00fdhru ve sportovn\u00edch s\u00e1zk\u00e1ch.","robots":{"index":"index","follow":"follow","max-snippet":"max-snippet:-1","max-image-preview":"max-image-preview:large","max-video-preview":"max-video-preview:-1"},"og_locale":"cs_CZ","og_type":"article","og_title":"Sobotn\u00ed bonus za dobit\u00ed sportovn\u00edch s\u00e1zek 20Bet \u1409 Zvy\u0161te bankroll","og_description":"Ka\u017edou sobotu v 20Bet z\u00edsk\u00e1te 100% bonus za dobit\u00ed sv\u00e9ho vkladu! Zjist\u011bte, jak aktivovat tuto nab\u00eddku a zv\u00fd\u0161it sv\u00e9 \u0161ance na v\u00fdhru ve sportovn\u00edch s\u00e1zk\u00e1ch.","og_url":"https:\/\/20bet.cafe\/cs\/bonus\/saturday-reload\/","og_site_name":"20Bet Cafe cs","article_modified_time":"2025-10-18T08:55:44+00:00","twitter_card":"summary_large_image","schema":{"@context":"https:\/\/schema.org","@graph":[{"@type":"WebPage","@id":"https:\/\/20bet.cafe\/cs\/bonus\/saturday-reload\/","url":"https:\/\/20bet.cafe\/cs\/bonus\/saturday-reload\/","name":"Sobotn\u00ed bonus za dobit\u00ed sportovn\u00edch s\u00e1zek 20Bet \u1409 Zvy\u0161te bankroll","isPartOf":{"@id":"https:\/\/20bet.cafe\/cs\/#website"},"datePublished":"2025-09-04T14:22:49+00:00","dateModified":"2025-10-18T08:55:44+00:00","description":"Ka\u017edou sobotu v 20Bet z\u00edsk\u00e1te 100% bonus za dobit\u00ed sv\u00e9ho vkladu! Zjist\u011bte, jak aktivovat tuto nab\u00eddku a zv\u00fd\u0161it sv\u00e9 \u0161ance na v\u00fdhru ve sportovn\u00edch s\u00e1zk\u00e1ch.","breadcrumb":{"@id":"https:\/\/20bet.cafe\/cs\/bonus\/saturday-reload\/#breadcrumb"},"inLanguage":"cs","potentialAction":[{"@type":"ReadAction","target":["https:\/\/20bet.cafe\/cs\/bonus\/saturday-reload\/"]}]},{"@type":"BreadcrumbList","@id":"https:\/\/20bet.cafe\/cs\/bonus\/saturday-reload\/#breadcrumb","itemListElement":[{"@type":"ListItem","position":1,"name":"Home","item":"https:\/\/20bet.cafe\/cs\/"},{"@type":"ListItem","position":2,"name":"Bonus","item":"https:\/\/20bet.cafe\/cs\/bonus\/"},{"@type":"ListItem","position":3,"name":"Sobotn\u00ed na\u010d\u00edt\u00e1n\u00ed"}]},{"@type":"WebSite","@id":"https:\/\/20bet.cafe\/cs\/#website","url":"https:\/\/20bet.cafe\/cs\/","name":"20Bet Cafe cs","description":"My WordPress Blog","potentialAction":[{"@type":"SearchAction","target":{"@type":"EntryPoint","urlTemplate":"https:\/\/20bet.cafe\/cs\/?s={search_term_string}"},"query-input":{"@type":"PropertyValueSpecification","valueRequired":true,"valueName":"search_term_string"}}],"inLanguage":"cs"}]}},"_links":{"self":[{"href":"https:\/\/20bet.cafe\/cs\/wp-json\/wp\/v2\/pages\/448","targetHints":{"allow":["GET"]}}],"collection":[{"href":"https:\/\/20bet.cafe\/cs\/wp-json\/wp\/v2\/pages"}],"about":[{"href":"https:\/\/20bet.cafe\/cs\/wp-json\/wp\/v2\/types\/page"}],"author":[{"embeddable":true,"href":"https:\/\/20bet.cafe\/cs\/wp-json\/wp\/v2\/users\/1"}],"replies":[{"embeddable":true,"href":"https:\/\/20bet.cafe\/cs\/wp-json\/wp\/v2\/comments?post=448"}],"version-history":[{"count":5,"href":"https:\/\/20bet.cafe\/cs\/wp-json\/wp\/v2\/pages\/448\/revisions"}],"predecessor-version":[{"id":497,"href":"https:\/\/20bet.cafe\/cs\/wp-json\/wp\/v2\/pages\/448\/revisions\/497"}],"up":[{"embeddable":true,"href":"https:\/\/20bet.cafe\/cs\/wp-json\/wp\/v2\/pages\/225"}],"wp:attachment":[{"href":"https:\/\/20bet.cafe\/cs\/wp-json\/wp\/v2\/media?parent=448"}],"curies":[{"name":"wp","href":"https:\/\/api.w.org\/{rel}","templated":true}]}}