{"id":207,"date":"2025-08-06T05:08:23","date_gmt":"2025-08-06T05:08:23","guid":{"rendered":"https:\/\/20bet.cafe\/de\/?page_id=207"},"modified":"2025-09-10T13:39:48","modified_gmt":"2025-09-10T13:39:48","slug":"app","status":"publish","type":"page","link":"https:\/\/20bet.cafe\/de\/app\/","title":{"rendered":"App"},"content":{"rendered":"","protected":false},"excerpt":{"rendered":"","protected":false},"author":1,"featured_media":0,"parent":0,"menu_order":0,"comment_status":"closed","ping_status":"closed","template":"","meta":{"footnotes":""},"class_list":["post-207","page","type-page","status-publish","hentry"],"yoast_head":"<!-- This site is optimized with the Yoast SEO plugin v26.6 - https:\/\/yoast.com\/wordpress\/plugins\/seo\/ -->\n<title>20Bet: Laden Sie die App f\u00fcr Android und iOS herunter<\/title>\n<meta name=\"description\" content=\"\ud83d\udcf1 Erfahren Sie, wie Sie die offizielle 20Bet-App auf Android und iOS herunterladen und installieren k\u00f6nnen. Genie\u00dfen Sie v\u00f6llige Freiheit von Ihrem Mobiltelefon aus.\" \/>\n<meta name=\"robots\" content=\"index, follow, max-snippet:-1, max-image-preview:large, max-video-preview:-1\" \/>\n<meta property=\"og:locale\" content=\"de_DE\" \/>\n<meta property=\"og:type\" content=\"article\" \/>\n<meta property=\"og:title\" content=\"20Bet: Laden Sie die App f\u00fcr Android und iOS herunter\" \/>\n<meta property=\"og:description\" content=\"\ud83d\udcf1 Erfahren Sie, wie Sie die offizielle 20Bet-App auf Android und iOS herunterladen und installieren k\u00f6nnen. Genie\u00dfen Sie v\u00f6llige Freiheit von Ihrem Mobiltelefon aus.\" \/>\n<meta property=\"og:url\" content=\"https:\/\/20bet.cafe\/de\/app\/\" \/>\n<meta property=\"og:site_name\" content=\"20Bet Cafe de\" \/>\n<meta property=\"article:modified_time\" content=\"2025-09-10T13:39:48+00:00\" \/>\n<meta name=\"twitter:card\" content=\"summary_large_image\" \/>\n<script type=\"application\/ld+json\" class=\"yoast-schema-graph\">{\"@context\":\"https:\/\/schema.org\",\"@graph\":[{\"@type\":\"WebPage\",\"@id\":\"https:\/\/20bet.cafe\/de\/app\/\",\"url\":\"https:\/\/20bet.cafe\/de\/app\/\",\"name\":\"20Bet: Laden Sie die App f\u00fcr Android und iOS herunter\",\"isPartOf\":{\"@id\":\"https:\/\/20bet.cafe\/de\/#website\"},\"datePublished\":\"2025-08-06T05:08:23+00:00\",\"dateModified\":\"2025-09-10T13:39:48+00:00\",\"description\":\"\ud83d\udcf1 Erfahren Sie, wie Sie die offizielle 20Bet-App auf Android und iOS herunterladen und installieren k\u00f6nnen. Genie\u00dfen Sie v\u00f6llige Freiheit von Ihrem Mobiltelefon aus.\",\"breadcrumb\":{\"@id\":\"https:\/\/20bet.cafe\/de\/app\/#breadcrumb\"},\"inLanguage\":\"de\",\"potentialAction\":[{\"@type\":\"ReadAction\",\"target\":[\"https:\/\/20bet.cafe\/de\/app\/\"]}]},{\"@type\":\"BreadcrumbList\",\"@id\":\"https:\/\/20bet.cafe\/de\/app\/#breadcrumb\",\"itemListElement\":[{\"@type\":\"ListItem\",\"position\":1,\"name\":\"Home\",\"item\":\"https:\/\/20bet.cafe\/de\/\"},{\"@type\":\"ListItem\",\"position\":2,\"name\":\"App\"}]},{\"@type\":\"WebSite\",\"@id\":\"https:\/\/20bet.cafe\/de\/#website\",\"url\":\"https:\/\/20bet.cafe\/de\/\",\"name\":\"20Bet Cafe de\",\"description\":\"My WordPress Blog\",\"potentialAction\":[{\"@type\":\"SearchAction\",\"target\":{\"@type\":\"EntryPoint\",\"urlTemplate\":\"https:\/\/20bet.cafe\/de\/?s={search_term_string}\"},\"query-input\":{\"@type\":\"PropertyValueSpecification\",\"valueRequired\":true,\"valueName\":\"search_term_string\"}}],\"inLanguage\":\"de\"}]}<\/script>\n<!-- \/ Yoast SEO plugin. -->","yoast_head_json":{"title":"20Bet: Laden Sie die App f\u00fcr Android und iOS herunter","description":"\ud83d\udcf1 Erfahren Sie, wie Sie die offizielle 20Bet-App auf Android und iOS herunterladen und installieren k\u00f6nnen. Genie\u00dfen Sie v\u00f6llige Freiheit von Ihrem Mobiltelefon aus.","robots":{"index":"index","follow":"follow","max-snippet":"max-snippet:-1","max-image-preview":"max-image-preview:large","max-video-preview":"max-video-preview:-1"},"og_locale":"de_DE","og_type":"article","og_title":"20Bet: Laden Sie die App f\u00fcr Android und iOS herunter","og_description":"\ud83d\udcf1 Erfahren Sie, wie Sie die offizielle 20Bet-App auf Android und iOS herunterladen und installieren k\u00f6nnen. Genie\u00dfen Sie v\u00f6llige Freiheit von Ihrem Mobiltelefon aus.","og_url":"https:\/\/20bet.cafe\/de\/app\/","og_site_name":"20Bet Cafe de","article_modified_time":"2025-09-10T13:39:48+00:00","twitter_card":"summary_large_image","schema":{"@context":"https:\/\/schema.org","@graph":[{"@type":"WebPage","@id":"https:\/\/20bet.cafe\/de\/app\/","url":"https:\/\/20bet.cafe\/de\/app\/","name":"20Bet: Laden Sie die App f\u00fcr Android und iOS herunter","isPartOf":{"@id":"https:\/\/20bet.cafe\/de\/#website"},"datePublished":"2025-08-06T05:08:23+00:00","dateModified":"2025-09-10T13:39:48+00:00","description":"\ud83d\udcf1 Erfahren Sie, wie Sie die offizielle 20Bet-App auf Android und iOS herunterladen und installieren k\u00f6nnen. Genie\u00dfen Sie v\u00f6llige Freiheit von Ihrem Mobiltelefon aus.","breadcrumb":{"@id":"https:\/\/20bet.cafe\/de\/app\/#breadcrumb"},"inLanguage":"de","potentialAction":[{"@type":"ReadAction","target":["https:\/\/20bet.cafe\/de\/app\/"]}]},{"@type":"BreadcrumbList","@id":"https:\/\/20bet.cafe\/de\/app\/#breadcrumb","itemListElement":[{"@type":"ListItem","position":1,"name":"Home","item":"https:\/\/20bet.cafe\/de\/"},{"@type":"ListItem","position":2,"name":"App"}]},{"@type":"WebSite","@id":"https:\/\/20bet.cafe\/de\/#website","url":"https:\/\/20bet.cafe\/de\/","name":"20Bet Cafe de","description":"My WordPress Blog","potentialAction":[{"@type":"SearchAction","target":{"@type":"EntryPoint","urlTemplate":"https:\/\/20bet.cafe\/de\/?s={search_term_string}"},"query-input":{"@type":"PropertyValueSpecification","valueRequired":true,"valueName":"search_term_string"}}],"inLanguage":"de"}]}},"_links":{"self":[{"href":"https:\/\/20bet.cafe\/de\/wp-json\/wp\/v2\/pages\/207","targetHints":{"allow":["GET"]}}],"collection":[{"href":"https:\/\/20bet.cafe\/de\/wp-json\/wp\/v2\/pages"}],"about":[{"href":"https:\/\/20bet.cafe\/de\/wp-json\/wp\/v2\/types\/page"}],"author":[{"embeddable":true,"href":"https:\/\/20bet.cafe\/de\/wp-json\/wp\/v2\/users\/1"}],"replies":[{"embeddable":true,"href":"https:\/\/20bet.cafe\/de\/wp-json\/wp\/v2\/comments?post=207"}],"version-history":[{"count":9,"href":"https:\/\/20bet.cafe\/de\/wp-json\/wp\/v2\/pages\/207\/revisions"}],"predecessor-version":[{"id":480,"href":"https:\/\/20bet.cafe\/de\/wp-json\/wp\/v2\/pages\/207\/revisions\/480"}],"wp:attachment":[{"href":"https:\/\/20bet.cafe\/de\/wp-json\/wp\/v2\/media?parent=207"}],"curies":[{"name":"wp","href":"https:\/\/api.w.org\/{rel}","templated":true}]}}