{"id":441,"date":"2025-09-04T13:41:50","date_gmt":"2025-09-04T13:41:50","guid":{"rendered":"https:\/\/20bet.cafe\/de\/?page_id=441"},"modified":"2025-10-18T07:07:02","modified_gmt":"2025-10-18T07:07:02","slug":"first-deposit-sport","status":"publish","type":"page","link":"https:\/\/20bet.cafe\/de\/bonus\/first-deposit-sport\/","title":{"rendered":"Erste Einzahlung Sportbonus"},"content":{"rendered":"","protected":false},"excerpt":{"rendered":"","protected":false},"author":1,"featured_media":0,"parent":225,"menu_order":0,"comment_status":"closed","ping_status":"closed","template":"","meta":{"footnotes":""},"class_list":["post-441","page","type-page","status-publish","hentry"],"yoast_head":"<!-- This site is optimized with the Yoast SEO plugin v26.6 - https:\/\/yoast.com\/wordpress\/plugins\/seo\/ -->\n<title>20Bet Sports Ersteinzahlungsbonus \u1409 100 % bis zu 100 \u20ac erhalten<\/title>\n<meta name=\"description\" content=\"Erhalten Sie einen 100 % Bonus auf Ihre erste Einzahlung bis zu 100 \u20ac bei 20Bet f\u00fcr Sportwetten! Erfahren Sie, wie Sie das Angebot aktivieren k\u00f6nnen, um Ihre Reise in die Welt der Sportwetten zu beginnen. Folgen Sie unserem Leitfaden und viel Gl\u00fcck bei Ihren Wetten!\" \/>\n<meta name=\"robots\" content=\"index, follow, max-snippet:-1, max-image-preview:large, max-video-preview:-1\" \/>\n<meta property=\"og:locale\" content=\"de_DE\" \/>\n<meta property=\"og:type\" content=\"article\" \/>\n<meta property=\"og:title\" content=\"20Bet Sports Ersteinzahlungsbonus \u1409 100 % bis zu 100 \u20ac erhalten\" \/>\n<meta property=\"og:description\" content=\"Erhalten Sie einen 100 % Bonus auf Ihre erste Einzahlung bis zu 100 \u20ac bei 20Bet f\u00fcr Sportwetten! Erfahren Sie, wie Sie das Angebot aktivieren k\u00f6nnen, um Ihre Reise in die Welt der Sportwetten zu beginnen. Folgen Sie unserem Leitfaden und viel Gl\u00fcck bei Ihren Wetten!\" \/>\n<meta property=\"og:url\" content=\"https:\/\/20bet.cafe\/de\/bonus\/first-deposit-sport\/\" \/>\n<meta property=\"og:site_name\" content=\"20Bet Cafe de\" \/>\n<meta property=\"article:modified_time\" content=\"2025-10-18T07:07:02+00:00\" \/>\n<meta name=\"twitter:card\" content=\"summary_large_image\" \/>\n<script type=\"application\/ld+json\" class=\"yoast-schema-graph\">{\"@context\":\"https:\/\/schema.org\",\"@graph\":[{\"@type\":\"WebPage\",\"@id\":\"https:\/\/20bet.cafe\/de\/bonus\/first-deposit-sport\/\",\"url\":\"https:\/\/20bet.cafe\/de\/bonus\/first-deposit-sport\/\",\"name\":\"20Bet Sports Ersteinzahlungsbonus \u1409 100 % bis zu 100 \u20ac erhalten\",\"isPartOf\":{\"@id\":\"https:\/\/20bet.cafe\/de\/#website\"},\"datePublished\":\"2025-09-04T13:41:50+00:00\",\"dateModified\":\"2025-10-18T07:07:02+00:00\",\"description\":\"Erhalten Sie einen 100 % Bonus auf Ihre erste Einzahlung bis zu 100 \u20ac bei 20Bet f\u00fcr Sportwetten! Erfahren Sie, wie Sie das Angebot aktivieren k\u00f6nnen, um Ihre Reise in die Welt der Sportwetten zu beginnen. Folgen Sie unserem Leitfaden und viel Gl\u00fcck bei Ihren Wetten!\",\"breadcrumb\":{\"@id\":\"https:\/\/20bet.cafe\/de\/bonus\/first-deposit-sport\/#breadcrumb\"},\"inLanguage\":\"de\",\"potentialAction\":[{\"@type\":\"ReadAction\",\"target\":[\"https:\/\/20bet.cafe\/de\/bonus\/first-deposit-sport\/\"]}]},{\"@type\":\"BreadcrumbList\",\"@id\":\"https:\/\/20bet.cafe\/de\/bonus\/first-deposit-sport\/#breadcrumb\",\"itemListElement\":[{\"@type\":\"ListItem\",\"position\":1,\"name\":\"Home\",\"item\":\"https:\/\/20bet.cafe\/de\/\"},{\"@type\":\"ListItem\",\"position\":2,\"name\":\"Bonus\",\"item\":\"https:\/\/20bet.cafe\/de\/bonus\/\"},{\"@type\":\"ListItem\",\"position\":3,\"name\":\"Erste Einzahlung Sportbonus\"}]},{\"@type\":\"WebSite\",\"@id\":\"https:\/\/20bet.cafe\/de\/#website\",\"url\":\"https:\/\/20bet.cafe\/de\/\",\"name\":\"20Bet Cafe de\",\"description\":\"My WordPress Blog\",\"potentialAction\":[{\"@type\":\"SearchAction\",\"target\":{\"@type\":\"EntryPoint\",\"urlTemplate\":\"https:\/\/20bet.cafe\/de\/?s={search_term_string}\"},\"query-input\":{\"@type\":\"PropertyValueSpecification\",\"valueRequired\":true,\"valueName\":\"search_term_string\"}}],\"inLanguage\":\"de\"}]}<\/script>\n<!-- \/ Yoast SEO plugin. -->","yoast_head_json":{"title":"20Bet Sports Ersteinzahlungsbonus \u1409 100 % bis zu 100 \u20ac erhalten","description":"Erhalten Sie einen 100 % Bonus auf Ihre erste Einzahlung bis zu 100 \u20ac bei 20Bet f\u00fcr Sportwetten! Erfahren Sie, wie Sie das Angebot aktivieren k\u00f6nnen, um Ihre Reise in die Welt der Sportwetten zu beginnen. Folgen Sie unserem Leitfaden und viel Gl\u00fcck bei Ihren Wetten!","robots":{"index":"index","follow":"follow","max-snippet":"max-snippet:-1","max-image-preview":"max-image-preview:large","max-video-preview":"max-video-preview:-1"},"og_locale":"de_DE","og_type":"article","og_title":"20Bet Sports Ersteinzahlungsbonus \u1409 100 % bis zu 100 \u20ac erhalten","og_description":"Erhalten Sie einen 100 % Bonus auf Ihre erste Einzahlung bis zu 100 \u20ac bei 20Bet f\u00fcr Sportwetten! Erfahren Sie, wie Sie das Angebot aktivieren k\u00f6nnen, um Ihre Reise in die Welt der Sportwetten zu beginnen. Folgen Sie unserem Leitfaden und viel Gl\u00fcck bei Ihren Wetten!","og_url":"https:\/\/20bet.cafe\/de\/bonus\/first-deposit-sport\/","og_site_name":"20Bet Cafe de","article_modified_time":"2025-10-18T07:07:02+00:00","twitter_card":"summary_large_image","schema":{"@context":"https:\/\/schema.org","@graph":[{"@type":"WebPage","@id":"https:\/\/20bet.cafe\/de\/bonus\/first-deposit-sport\/","url":"https:\/\/20bet.cafe\/de\/bonus\/first-deposit-sport\/","name":"20Bet Sports Ersteinzahlungsbonus \u1409 100 % bis zu 100 \u20ac erhalten","isPartOf":{"@id":"https:\/\/20bet.cafe\/de\/#website"},"datePublished":"2025-09-04T13:41:50+00:00","dateModified":"2025-10-18T07:07:02+00:00","description":"Erhalten Sie einen 100 % Bonus auf Ihre erste Einzahlung bis zu 100 \u20ac bei 20Bet f\u00fcr Sportwetten! Erfahren Sie, wie Sie das Angebot aktivieren k\u00f6nnen, um Ihre Reise in die Welt der Sportwetten zu beginnen. Folgen Sie unserem Leitfaden und viel Gl\u00fcck bei Ihren Wetten!","breadcrumb":{"@id":"https:\/\/20bet.cafe\/de\/bonus\/first-deposit-sport\/#breadcrumb"},"inLanguage":"de","potentialAction":[{"@type":"ReadAction","target":["https:\/\/20bet.cafe\/de\/bonus\/first-deposit-sport\/"]}]},{"@type":"BreadcrumbList","@id":"https:\/\/20bet.cafe\/de\/bonus\/first-deposit-sport\/#breadcrumb","itemListElement":[{"@type":"ListItem","position":1,"name":"Home","item":"https:\/\/20bet.cafe\/de\/"},{"@type":"ListItem","position":2,"name":"Bonus","item":"https:\/\/20bet.cafe\/de\/bonus\/"},{"@type":"ListItem","position":3,"name":"Erste Einzahlung Sportbonus"}]},{"@type":"WebSite","@id":"https:\/\/20bet.cafe\/de\/#website","url":"https:\/\/20bet.cafe\/de\/","name":"20Bet Cafe de","description":"My WordPress Blog","potentialAction":[{"@type":"SearchAction","target":{"@type":"EntryPoint","urlTemplate":"https:\/\/20bet.cafe\/de\/?s={search_term_string}"},"query-input":{"@type":"PropertyValueSpecification","valueRequired":true,"valueName":"search_term_string"}}],"inLanguage":"de"}]}},"_links":{"self":[{"href":"https:\/\/20bet.cafe\/de\/wp-json\/wp\/v2\/pages\/441","targetHints":{"allow":["GET"]}}],"collection":[{"href":"https:\/\/20bet.cafe\/de\/wp-json\/wp\/v2\/pages"}],"about":[{"href":"https:\/\/20bet.cafe\/de\/wp-json\/wp\/v2\/types\/page"}],"author":[{"embeddable":true,"href":"https:\/\/20bet.cafe\/de\/wp-json\/wp\/v2\/users\/1"}],"replies":[{"embeddable":true,"href":"https:\/\/20bet.cafe\/de\/wp-json\/wp\/v2\/comments?post=441"}],"version-history":[{"count":5,"href":"https:\/\/20bet.cafe\/de\/wp-json\/wp\/v2\/pages\/441\/revisions"}],"predecessor-version":[{"id":485,"href":"https:\/\/20bet.cafe\/de\/wp-json\/wp\/v2\/pages\/441\/revisions\/485"}],"up":[{"embeddable":true,"href":"https:\/\/20bet.cafe\/de\/wp-json\/wp\/v2\/pages\/225"}],"wp:attachment":[{"href":"https:\/\/20bet.cafe\/de\/wp-json\/wp\/v2\/media?parent=441"}],"curies":[{"name":"wp","href":"https:\/\/api.w.org\/{rel}","templated":true}]}}