{"id":2,"date":"2023-05-18T17:18:34","date_gmt":"2023-05-18T17:18:34","guid":{"rendered":"https:\/\/20bet.cafe\/hu\/?page_id=2"},"modified":"2026-01-12T14:03:13","modified_gmt":"2026-01-12T14:03:13","slug":"sample-page","status":"publish","type":"page","link":"https:\/\/20bet.cafe\/hu\/","title":{"rendered":"Otthon"},"content":{"rendered":"","protected":false},"excerpt":{"rendered":"","protected":false},"author":1,"featured_media":0,"parent":0,"menu_order":0,"comment_status":"closed","ping_status":"open","template":"","meta":{"footnotes":""},"class_list":["post-2","page","type-page","status-publish","hentry"],"yoast_head":"<!-- This site is optimized with the Yoast SEO plugin v26.6 - https:\/\/yoast.com\/wordpress\/plugins\/seo\/ -->\n<title>20Bet Magyarorsz\u00e1g \u2013 Sportfogad\u00e1s, \u00c9l\u0151 Fogad\u00e1s &amp; Szorz\u00f3k \u2014 2026<\/title>\n<meta name=\"description\" content=\"20 Bet sportfogad\u00e1st k\u00edn\u00e1l HU j\u00e1t\u00e9kosoknak kedvez\u0151 szorz\u00f3kkal, \u00e9l\u0151 fogad\u00e1si lehet\u0151s\u00e9gekkel, r\u00e9szletes meccselemz\u00e9sekkel \u00e9s tippekkel.\" \/>\n<meta name=\"robots\" content=\"index, follow, max-snippet:-1, max-image-preview:large, max-video-preview:-1\" \/>\n<meta property=\"og:locale\" content=\"hu_HU\" \/>\n<meta property=\"og:type\" content=\"article\" \/>\n<meta property=\"og:title\" content=\"20Bet Magyarorsz\u00e1g \u2013 Sportfogad\u00e1s, \u00c9l\u0151 Fogad\u00e1s &amp; Szorz\u00f3k \u2014 2026\" \/>\n<meta property=\"og:description\" content=\"20 Bet sportfogad\u00e1st k\u00edn\u00e1l HU j\u00e1t\u00e9kosoknak kedvez\u0151 szorz\u00f3kkal, \u00e9l\u0151 fogad\u00e1si lehet\u0151s\u00e9gekkel, r\u00e9szletes meccselemz\u00e9sekkel \u00e9s tippekkel.\" \/>\n<meta property=\"og:url\" content=\"https:\/\/20bet.cafe\/hu\/\" \/>\n<meta property=\"og:site_name\" content=\"20Bet Cafe hu\" \/>\n<meta property=\"article:modified_time\" content=\"2026-01-12T14:03:13+00:00\" \/>\n<meta name=\"twitter:card\" content=\"summary_large_image\" \/>\n<script type=\"application\/ld+json\" class=\"yoast-schema-graph\">{\"@context\":\"https:\/\/schema.org\",\"@graph\":[{\"@type\":\"WebPage\",\"@id\":\"https:\/\/20bet.cafe\/hu\/\",\"url\":\"https:\/\/20bet.cafe\/hu\/\",\"name\":\"20Bet Magyarorsz\u00e1g \u2013 Sportfogad\u00e1s, \u00c9l\u0151 Fogad\u00e1s & Szorz\u00f3k \u2014 2026\",\"isPartOf\":{\"@id\":\"https:\/\/20bet.cafe\/hu\/#website\"},\"datePublished\":\"2023-05-18T17:18:34+00:00\",\"dateModified\":\"2026-01-12T14:03:13+00:00\",\"description\":\"20 Bet sportfogad\u00e1st k\u00edn\u00e1l HU j\u00e1t\u00e9kosoknak kedvez\u0151 szorz\u00f3kkal, \u00e9l\u0151 fogad\u00e1si lehet\u0151s\u00e9gekkel, r\u00e9szletes meccselemz\u00e9sekkel \u00e9s tippekkel.\",\"breadcrumb\":{\"@id\":\"https:\/\/20bet.cafe\/hu\/#breadcrumb\"},\"inLanguage\":\"hu\",\"potentialAction\":[{\"@type\":\"ReadAction\",\"target\":[\"https:\/\/20bet.cafe\/hu\/\"]}]},{\"@type\":\"BreadcrumbList\",\"@id\":\"https:\/\/20bet.cafe\/hu\/#breadcrumb\",\"itemListElement\":[{\"@type\":\"ListItem\",\"position\":1,\"name\":\"Home\",\"item\":\"https:\/\/20bet.cafe\/hu\/\"},{\"@type\":\"ListItem\",\"position\":2,\"name\":\"Otthon\"}]},{\"@type\":\"WebSite\",\"@id\":\"https:\/\/20bet.cafe\/hu\/#website\",\"url\":\"https:\/\/20bet.cafe\/hu\/\",\"name\":\"20Bet Cafe hu\",\"description\":\"My WordPress Blog\",\"potentialAction\":[{\"@type\":\"SearchAction\",\"target\":{\"@type\":\"EntryPoint\",\"urlTemplate\":\"https:\/\/20bet.cafe\/hu\/?s={search_term_string}\"},\"query-input\":{\"@type\":\"PropertyValueSpecification\",\"valueRequired\":true,\"valueName\":\"search_term_string\"}}],\"inLanguage\":\"hu\"}]}<\/script>\n<!-- \/ Yoast SEO plugin. -->","yoast_head_json":{"title":"20Bet Magyarorsz\u00e1g \u2013 Sportfogad\u00e1s, \u00c9l\u0151 Fogad\u00e1s & Szorz\u00f3k \u2014 2026","description":"20 Bet sportfogad\u00e1st k\u00edn\u00e1l HU j\u00e1t\u00e9kosoknak kedvez\u0151 szorz\u00f3kkal, \u00e9l\u0151 fogad\u00e1si lehet\u0151s\u00e9gekkel, r\u00e9szletes meccselemz\u00e9sekkel \u00e9s tippekkel.","robots":{"index":"index","follow":"follow","max-snippet":"max-snippet:-1","max-image-preview":"max-image-preview:large","max-video-preview":"max-video-preview:-1"},"og_locale":"hu_HU","og_type":"article","og_title":"20Bet Magyarorsz\u00e1g \u2013 Sportfogad\u00e1s, \u00c9l\u0151 Fogad\u00e1s & Szorz\u00f3k \u2014 2026","og_description":"20 Bet sportfogad\u00e1st k\u00edn\u00e1l HU j\u00e1t\u00e9kosoknak kedvez\u0151 szorz\u00f3kkal, \u00e9l\u0151 fogad\u00e1si lehet\u0151s\u00e9gekkel, r\u00e9szletes meccselemz\u00e9sekkel \u00e9s tippekkel.","og_url":"https:\/\/20bet.cafe\/hu\/","og_site_name":"20Bet Cafe hu","article_modified_time":"2026-01-12T14:03:13+00:00","twitter_card":"summary_large_image","schema":{"@context":"https:\/\/schema.org","@graph":[{"@type":"WebPage","@id":"https:\/\/20bet.cafe\/hu\/","url":"https:\/\/20bet.cafe\/hu\/","name":"20Bet Magyarorsz\u00e1g \u2013 Sportfogad\u00e1s, \u00c9l\u0151 Fogad\u00e1s & Szorz\u00f3k \u2014 2026","isPartOf":{"@id":"https:\/\/20bet.cafe\/hu\/#website"},"datePublished":"2023-05-18T17:18:34+00:00","dateModified":"2026-01-12T14:03:13+00:00","description":"20 Bet sportfogad\u00e1st k\u00edn\u00e1l HU j\u00e1t\u00e9kosoknak kedvez\u0151 szorz\u00f3kkal, \u00e9l\u0151 fogad\u00e1si lehet\u0151s\u00e9gekkel, r\u00e9szletes meccselemz\u00e9sekkel \u00e9s tippekkel.","breadcrumb":{"@id":"https:\/\/20bet.cafe\/hu\/#breadcrumb"},"inLanguage":"hu","potentialAction":[{"@type":"ReadAction","target":["https:\/\/20bet.cafe\/hu\/"]}]},{"@type":"BreadcrumbList","@id":"https:\/\/20bet.cafe\/hu\/#breadcrumb","itemListElement":[{"@type":"ListItem","position":1,"name":"Home","item":"https:\/\/20bet.cafe\/hu\/"},{"@type":"ListItem","position":2,"name":"Otthon"}]},{"@type":"WebSite","@id":"https:\/\/20bet.cafe\/hu\/#website","url":"https:\/\/20bet.cafe\/hu\/","name":"20Bet Cafe hu","description":"My WordPress Blog","potentialAction":[{"@type":"SearchAction","target":{"@type":"EntryPoint","urlTemplate":"https:\/\/20bet.cafe\/hu\/?s={search_term_string}"},"query-input":{"@type":"PropertyValueSpecification","valueRequired":true,"valueName":"search_term_string"}}],"inLanguage":"hu"}]}},"_links":{"self":[{"href":"https:\/\/20bet.cafe\/hu\/wp-json\/wp\/v2\/pages\/2","targetHints":{"allow":["GET"]}}],"collection":[{"href":"https:\/\/20bet.cafe\/hu\/wp-json\/wp\/v2\/pages"}],"about":[{"href":"https:\/\/20bet.cafe\/hu\/wp-json\/wp\/v2\/types\/page"}],"author":[{"embeddable":true,"href":"https:\/\/20bet.cafe\/hu\/wp-json\/wp\/v2\/users\/1"}],"replies":[{"embeddable":true,"href":"https:\/\/20bet.cafe\/hu\/wp-json\/wp\/v2\/comments?post=2"}],"version-history":[{"count":30,"href":"https:\/\/20bet.cafe\/hu\/wp-json\/wp\/v2\/pages\/2\/revisions"}],"predecessor-version":[{"id":508,"href":"https:\/\/20bet.cafe\/hu\/wp-json\/wp\/v2\/pages\/2\/revisions\/508"}],"wp:attachment":[{"href":"https:\/\/20bet.cafe\/hu\/wp-json\/wp\/v2\/media?parent=2"}],"curies":[{"name":"wp","href":"https:\/\/api.w.org\/{rel}","templated":true}]}}