{"id":225,"date":"2025-08-07T10:04:01","date_gmt":"2025-08-07T10:04:01","guid":{"rendered":"https:\/\/20bet.cafe\/hu\/?page_id=225"},"modified":"2025-09-25T13:23:14","modified_gmt":"2025-09-25T13:23:14","slug":"bonus","status":"publish","type":"page","link":"https:\/\/20bet.cafe\/hu\/bonus\/","title":{"rendered":"B\u00f3nusz"},"content":{"rendered":"","protected":false},"excerpt":{"rendered":"","protected":false},"author":1,"featured_media":0,"parent":0,"menu_order":0,"comment_status":"closed","ping_status":"closed","template":"","meta":{"footnotes":""},"class_list":["post-225","page","type-page","status-publish","hentry"],"yoast_head":"<!-- This site is optimized with the Yoast SEO plugin v26.6 - https:\/\/yoast.com\/wordpress\/plugins\/seo\/ -->\n<title>Szerezzen 20Bet b\u00f3nuszt | Aktu\u00e1lis prom\u00f3ci\u00f3k \u00e9s prom\u00f3ci\u00f3s k\u00f3dok<\/title>\n<meta name=\"description\" content=\"Tudjon meg mindent a 20Bet b\u00f3nuszokr\u00f3l 2025-ben! \u00dcdv\u00f6zl\u0151 prom\u00f3ci\u00f3k, prom\u00f3ci\u00f3s k\u00f3dok, ingyenes fogad\u00e1sok. Haszn\u00e1lja ki az el\u0151ny\u00f6ket \u00e9s n\u00f6velje nyer\u00e9si es\u00e9lyeit!\" \/>\n<meta name=\"robots\" content=\"index, follow, max-snippet:-1, max-image-preview:large, max-video-preview:-1\" \/>\n<meta property=\"og:locale\" content=\"hu_HU\" \/>\n<meta property=\"og:type\" content=\"article\" \/>\n<meta property=\"og:title\" content=\"Szerezzen 20Bet b\u00f3nuszt | Aktu\u00e1lis prom\u00f3ci\u00f3k \u00e9s prom\u00f3ci\u00f3s k\u00f3dok\" \/>\n<meta property=\"og:description\" content=\"Tudjon meg mindent a 20Bet b\u00f3nuszokr\u00f3l 2025-ben! \u00dcdv\u00f6zl\u0151 prom\u00f3ci\u00f3k, prom\u00f3ci\u00f3s k\u00f3dok, ingyenes fogad\u00e1sok. Haszn\u00e1lja ki az el\u0151ny\u00f6ket \u00e9s n\u00f6velje nyer\u00e9si es\u00e9lyeit!\" \/>\n<meta property=\"og:url\" content=\"https:\/\/20bet.cafe\/hu\/bonus\/\" \/>\n<meta property=\"og:site_name\" content=\"20Bet Cafe hu\" \/>\n<meta property=\"article:modified_time\" content=\"2025-09-25T13:23:14+00:00\" \/>\n<meta name=\"twitter:card\" content=\"summary_large_image\" \/>\n<script type=\"application\/ld+json\" class=\"yoast-schema-graph\">{\"@context\":\"https:\/\/schema.org\",\"@graph\":[{\"@type\":\"WebPage\",\"@id\":\"https:\/\/20bet.cafe\/hu\/bonus\/\",\"url\":\"https:\/\/20bet.cafe\/hu\/bonus\/\",\"name\":\"Szerezzen 20Bet b\u00f3nuszt | Aktu\u00e1lis prom\u00f3ci\u00f3k \u00e9s prom\u00f3ci\u00f3s k\u00f3dok\",\"isPartOf\":{\"@id\":\"https:\/\/20bet.cafe\/hu\/#website\"},\"datePublished\":\"2025-08-07T10:04:01+00:00\",\"dateModified\":\"2025-09-25T13:23:14+00:00\",\"description\":\"Tudjon meg mindent a 20Bet b\u00f3nuszokr\u00f3l 2025-ben! \u00dcdv\u00f6zl\u0151 prom\u00f3ci\u00f3k, prom\u00f3ci\u00f3s k\u00f3dok, ingyenes fogad\u00e1sok. Haszn\u00e1lja ki az el\u0151ny\u00f6ket \u00e9s n\u00f6velje nyer\u00e9si es\u00e9lyeit!\",\"breadcrumb\":{\"@id\":\"https:\/\/20bet.cafe\/hu\/bonus\/#breadcrumb\"},\"inLanguage\":\"hu\",\"potentialAction\":[{\"@type\":\"ReadAction\",\"target\":[\"https:\/\/20bet.cafe\/hu\/bonus\/\"]}]},{\"@type\":\"BreadcrumbList\",\"@id\":\"https:\/\/20bet.cafe\/hu\/bonus\/#breadcrumb\",\"itemListElement\":[{\"@type\":\"ListItem\",\"position\":1,\"name\":\"Home\",\"item\":\"https:\/\/20bet.cafe\/hu\/\"},{\"@type\":\"ListItem\",\"position\":2,\"name\":\"B\u00f3nusz\"}]},{\"@type\":\"WebSite\",\"@id\":\"https:\/\/20bet.cafe\/hu\/#website\",\"url\":\"https:\/\/20bet.cafe\/hu\/\",\"name\":\"20Bet Cafe hu\",\"description\":\"My WordPress Blog\",\"potentialAction\":[{\"@type\":\"SearchAction\",\"target\":{\"@type\":\"EntryPoint\",\"urlTemplate\":\"https:\/\/20bet.cafe\/hu\/?s={search_term_string}\"},\"query-input\":{\"@type\":\"PropertyValueSpecification\",\"valueRequired\":true,\"valueName\":\"search_term_string\"}}],\"inLanguage\":\"hu\"}]}<\/script>\n<!-- \/ Yoast SEO plugin. -->","yoast_head_json":{"title":"Szerezzen 20Bet b\u00f3nuszt | Aktu\u00e1lis prom\u00f3ci\u00f3k \u00e9s prom\u00f3ci\u00f3s k\u00f3dok","description":"Tudjon meg mindent a 20Bet b\u00f3nuszokr\u00f3l 2025-ben! \u00dcdv\u00f6zl\u0151 prom\u00f3ci\u00f3k, prom\u00f3ci\u00f3s k\u00f3dok, ingyenes fogad\u00e1sok. Haszn\u00e1lja ki az el\u0151ny\u00f6ket \u00e9s n\u00f6velje nyer\u00e9si es\u00e9lyeit!","robots":{"index":"index","follow":"follow","max-snippet":"max-snippet:-1","max-image-preview":"max-image-preview:large","max-video-preview":"max-video-preview:-1"},"og_locale":"hu_HU","og_type":"article","og_title":"Szerezzen 20Bet b\u00f3nuszt | Aktu\u00e1lis prom\u00f3ci\u00f3k \u00e9s prom\u00f3ci\u00f3s k\u00f3dok","og_description":"Tudjon meg mindent a 20Bet b\u00f3nuszokr\u00f3l 2025-ben! \u00dcdv\u00f6zl\u0151 prom\u00f3ci\u00f3k, prom\u00f3ci\u00f3s k\u00f3dok, ingyenes fogad\u00e1sok. Haszn\u00e1lja ki az el\u0151ny\u00f6ket \u00e9s n\u00f6velje nyer\u00e9si es\u00e9lyeit!","og_url":"https:\/\/20bet.cafe\/hu\/bonus\/","og_site_name":"20Bet Cafe hu","article_modified_time":"2025-09-25T13:23:14+00:00","twitter_card":"summary_large_image","schema":{"@context":"https:\/\/schema.org","@graph":[{"@type":"WebPage","@id":"https:\/\/20bet.cafe\/hu\/bonus\/","url":"https:\/\/20bet.cafe\/hu\/bonus\/","name":"Szerezzen 20Bet b\u00f3nuszt | Aktu\u00e1lis prom\u00f3ci\u00f3k \u00e9s prom\u00f3ci\u00f3s k\u00f3dok","isPartOf":{"@id":"https:\/\/20bet.cafe\/hu\/#website"},"datePublished":"2025-08-07T10:04:01+00:00","dateModified":"2025-09-25T13:23:14+00:00","description":"Tudjon meg mindent a 20Bet b\u00f3nuszokr\u00f3l 2025-ben! \u00dcdv\u00f6zl\u0151 prom\u00f3ci\u00f3k, prom\u00f3ci\u00f3s k\u00f3dok, ingyenes fogad\u00e1sok. Haszn\u00e1lja ki az el\u0151ny\u00f6ket \u00e9s n\u00f6velje nyer\u00e9si es\u00e9lyeit!","breadcrumb":{"@id":"https:\/\/20bet.cafe\/hu\/bonus\/#breadcrumb"},"inLanguage":"hu","potentialAction":[{"@type":"ReadAction","target":["https:\/\/20bet.cafe\/hu\/bonus\/"]}]},{"@type":"BreadcrumbList","@id":"https:\/\/20bet.cafe\/hu\/bonus\/#breadcrumb","itemListElement":[{"@type":"ListItem","position":1,"name":"Home","item":"https:\/\/20bet.cafe\/hu\/"},{"@type":"ListItem","position":2,"name":"B\u00f3nusz"}]},{"@type":"WebSite","@id":"https:\/\/20bet.cafe\/hu\/#website","url":"https:\/\/20bet.cafe\/hu\/","name":"20Bet Cafe hu","description":"My WordPress Blog","potentialAction":[{"@type":"SearchAction","target":{"@type":"EntryPoint","urlTemplate":"https:\/\/20bet.cafe\/hu\/?s={search_term_string}"},"query-input":{"@type":"PropertyValueSpecification","valueRequired":true,"valueName":"search_term_string"}}],"inLanguage":"hu"}]}},"_links":{"self":[{"href":"https:\/\/20bet.cafe\/hu\/wp-json\/wp\/v2\/pages\/225","targetHints":{"allow":["GET"]}}],"collection":[{"href":"https:\/\/20bet.cafe\/hu\/wp-json\/wp\/v2\/pages"}],"about":[{"href":"https:\/\/20bet.cafe\/hu\/wp-json\/wp\/v2\/types\/page"}],"author":[{"embeddable":true,"href":"https:\/\/20bet.cafe\/hu\/wp-json\/wp\/v2\/users\/1"}],"replies":[{"embeddable":true,"href":"https:\/\/20bet.cafe\/hu\/wp-json\/wp\/v2\/comments?post=225"}],"version-history":[{"count":15,"href":"https:\/\/20bet.cafe\/hu\/wp-json\/wp\/v2\/pages\/225\/revisions"}],"predecessor-version":[{"id":489,"href":"https:\/\/20bet.cafe\/hu\/wp-json\/wp\/v2\/pages\/225\/revisions\/489"}],"wp:attachment":[{"href":"https:\/\/20bet.cafe\/hu\/wp-json\/wp\/v2\/media?parent=225"}],"curies":[{"name":"wp","href":"https:\/\/api.w.org\/{rel}","templated":true}]}}