{"id":245,"date":"2025-08-08T09:15:07","date_gmt":"2025-08-08T09:15:07","guid":{"rendered":"https:\/\/20bet.cafe\/hu\/?page_id=245"},"modified":"2025-10-18T19:20:34","modified_gmt":"2025-10-18T19:20:34","slug":"login","status":"publish","type":"page","link":"https:\/\/20bet.cafe\/hu\/login\/","title":{"rendered":"Bejelentkez\u00e9s"},"content":{"rendered":"","protected":false},"excerpt":{"rendered":"","protected":false},"author":1,"featured_media":0,"parent":0,"menu_order":0,"comment_status":"closed","ping_status":"closed","template":"","meta":{"footnotes":""},"class_list":["post-245","page","type-page","status-publish","hentry"],"yoast_head":"<!-- This site is optimized with the Yoast SEO plugin v26.6 - https:\/\/yoast.com\/wordpress\/plugins\/seo\/ -->\n<title>20Bet Bejelentkez\u00e9s: K\u00f6nny\u0171 hozz\u00e1f\u00e9r\u00e9s a fi\u00f3khoz<\/title>\n<meta name=\"description\" content=\"20Bet bejelentkez\u00e9s: tudd meg, milyen egyszer\u0171 bejelentkezni a weboldalra vagy az alkalmaz\u00e1sba. Utas\u00edt\u00e1sok az enged\u00e9lyez\u00e9shez, az egyenleg szinkroniz\u00e1l\u00e1s\u00e1hoz \u00e9s a b\u00f3nuszokhoz.\" \/>\n<meta name=\"robots\" content=\"index, follow, max-snippet:-1, max-image-preview:large, max-video-preview:-1\" \/>\n<meta property=\"og:locale\" content=\"hu_HU\" \/>\n<meta property=\"og:type\" content=\"article\" \/>\n<meta property=\"og:title\" content=\"20Bet Bejelentkez\u00e9s: K\u00f6nny\u0171 hozz\u00e1f\u00e9r\u00e9s a fi\u00f3khoz\" \/>\n<meta property=\"og:description\" content=\"20Bet bejelentkez\u00e9s: tudd meg, milyen egyszer\u0171 bejelentkezni a weboldalra vagy az alkalmaz\u00e1sba. Utas\u00edt\u00e1sok az enged\u00e9lyez\u00e9shez, az egyenleg szinkroniz\u00e1l\u00e1s\u00e1hoz \u00e9s a b\u00f3nuszokhoz.\" \/>\n<meta property=\"og:url\" content=\"https:\/\/20bet.cafe\/hu\/login\/\" \/>\n<meta property=\"og:site_name\" content=\"20Bet Cafe hu\" \/>\n<meta property=\"article:modified_time\" content=\"2025-10-18T19:20:34+00:00\" \/>\n<meta name=\"twitter:card\" content=\"summary_large_image\" \/>\n<script type=\"application\/ld+json\" class=\"yoast-schema-graph\">{\"@context\":\"https:\/\/schema.org\",\"@graph\":[{\"@type\":\"WebPage\",\"@id\":\"https:\/\/20bet.cafe\/hu\/login\/\",\"url\":\"https:\/\/20bet.cafe\/hu\/login\/\",\"name\":\"20Bet Bejelentkez\u00e9s: K\u00f6nny\u0171 hozz\u00e1f\u00e9r\u00e9s a fi\u00f3khoz\",\"isPartOf\":{\"@id\":\"https:\/\/20bet.cafe\/hu\/#website\"},\"datePublished\":\"2025-08-08T09:15:07+00:00\",\"dateModified\":\"2025-10-18T19:20:34+00:00\",\"description\":\"20Bet bejelentkez\u00e9s: tudd meg, milyen egyszer\u0171 bejelentkezni a weboldalra vagy az alkalmaz\u00e1sba. Utas\u00edt\u00e1sok az enged\u00e9lyez\u00e9shez, az egyenleg szinkroniz\u00e1l\u00e1s\u00e1hoz \u00e9s a b\u00f3nuszokhoz.\",\"breadcrumb\":{\"@id\":\"https:\/\/20bet.cafe\/hu\/login\/#breadcrumb\"},\"inLanguage\":\"hu\",\"potentialAction\":[{\"@type\":\"ReadAction\",\"target\":[\"https:\/\/20bet.cafe\/hu\/login\/\"]}]},{\"@type\":\"BreadcrumbList\",\"@id\":\"https:\/\/20bet.cafe\/hu\/login\/#breadcrumb\",\"itemListElement\":[{\"@type\":\"ListItem\",\"position\":1,\"name\":\"Home\",\"item\":\"https:\/\/20bet.cafe\/hu\/\"},{\"@type\":\"ListItem\",\"position\":2,\"name\":\"Bejelentkez\u00e9s\"}]},{\"@type\":\"WebSite\",\"@id\":\"https:\/\/20bet.cafe\/hu\/#website\",\"url\":\"https:\/\/20bet.cafe\/hu\/\",\"name\":\"20Bet Cafe hu\",\"description\":\"My WordPress Blog\",\"potentialAction\":[{\"@type\":\"SearchAction\",\"target\":{\"@type\":\"EntryPoint\",\"urlTemplate\":\"https:\/\/20bet.cafe\/hu\/?s={search_term_string}\"},\"query-input\":{\"@type\":\"PropertyValueSpecification\",\"valueRequired\":true,\"valueName\":\"search_term_string\"}}],\"inLanguage\":\"hu\"}]}<\/script>\n<!-- \/ Yoast SEO plugin. -->","yoast_head_json":{"title":"20Bet Bejelentkez\u00e9s: K\u00f6nny\u0171 hozz\u00e1f\u00e9r\u00e9s a fi\u00f3khoz","description":"20Bet bejelentkez\u00e9s: tudd meg, milyen egyszer\u0171 bejelentkezni a weboldalra vagy az alkalmaz\u00e1sba. Utas\u00edt\u00e1sok az enged\u00e9lyez\u00e9shez, az egyenleg szinkroniz\u00e1l\u00e1s\u00e1hoz \u00e9s a b\u00f3nuszokhoz.","robots":{"index":"index","follow":"follow","max-snippet":"max-snippet:-1","max-image-preview":"max-image-preview:large","max-video-preview":"max-video-preview:-1"},"og_locale":"hu_HU","og_type":"article","og_title":"20Bet Bejelentkez\u00e9s: K\u00f6nny\u0171 hozz\u00e1f\u00e9r\u00e9s a fi\u00f3khoz","og_description":"20Bet bejelentkez\u00e9s: tudd meg, milyen egyszer\u0171 bejelentkezni a weboldalra vagy az alkalmaz\u00e1sba. Utas\u00edt\u00e1sok az enged\u00e9lyez\u00e9shez, az egyenleg szinkroniz\u00e1l\u00e1s\u00e1hoz \u00e9s a b\u00f3nuszokhoz.","og_url":"https:\/\/20bet.cafe\/hu\/login\/","og_site_name":"20Bet Cafe hu","article_modified_time":"2025-10-18T19:20:34+00:00","twitter_card":"summary_large_image","schema":{"@context":"https:\/\/schema.org","@graph":[{"@type":"WebPage","@id":"https:\/\/20bet.cafe\/hu\/login\/","url":"https:\/\/20bet.cafe\/hu\/login\/","name":"20Bet Bejelentkez\u00e9s: K\u00f6nny\u0171 hozz\u00e1f\u00e9r\u00e9s a fi\u00f3khoz","isPartOf":{"@id":"https:\/\/20bet.cafe\/hu\/#website"},"datePublished":"2025-08-08T09:15:07+00:00","dateModified":"2025-10-18T19:20:34+00:00","description":"20Bet bejelentkez\u00e9s: tudd meg, milyen egyszer\u0171 bejelentkezni a weboldalra vagy az alkalmaz\u00e1sba. Utas\u00edt\u00e1sok az enged\u00e9lyez\u00e9shez, az egyenleg szinkroniz\u00e1l\u00e1s\u00e1hoz \u00e9s a b\u00f3nuszokhoz.","breadcrumb":{"@id":"https:\/\/20bet.cafe\/hu\/login\/#breadcrumb"},"inLanguage":"hu","potentialAction":[{"@type":"ReadAction","target":["https:\/\/20bet.cafe\/hu\/login\/"]}]},{"@type":"BreadcrumbList","@id":"https:\/\/20bet.cafe\/hu\/login\/#breadcrumb","itemListElement":[{"@type":"ListItem","position":1,"name":"Home","item":"https:\/\/20bet.cafe\/hu\/"},{"@type":"ListItem","position":2,"name":"Bejelentkez\u00e9s"}]},{"@type":"WebSite","@id":"https:\/\/20bet.cafe\/hu\/#website","url":"https:\/\/20bet.cafe\/hu\/","name":"20Bet Cafe hu","description":"My WordPress Blog","potentialAction":[{"@type":"SearchAction","target":{"@type":"EntryPoint","urlTemplate":"https:\/\/20bet.cafe\/hu\/?s={search_term_string}"},"query-input":{"@type":"PropertyValueSpecification","valueRequired":true,"valueName":"search_term_string"}}],"inLanguage":"hu"}]}},"_links":{"self":[{"href":"https:\/\/20bet.cafe\/hu\/wp-json\/wp\/v2\/pages\/245","targetHints":{"allow":["GET"]}}],"collection":[{"href":"https:\/\/20bet.cafe\/hu\/wp-json\/wp\/v2\/pages"}],"about":[{"href":"https:\/\/20bet.cafe\/hu\/wp-json\/wp\/v2\/types\/page"}],"author":[{"embeddable":true,"href":"https:\/\/20bet.cafe\/hu\/wp-json\/wp\/v2\/users\/1"}],"replies":[{"embeddable":true,"href":"https:\/\/20bet.cafe\/hu\/wp-json\/wp\/v2\/comments?post=245"}],"version-history":[{"count":8,"href":"https:\/\/20bet.cafe\/hu\/wp-json\/wp\/v2\/pages\/245\/revisions"}],"predecessor-version":[{"id":509,"href":"https:\/\/20bet.cafe\/hu\/wp-json\/wp\/v2\/pages\/245\/revisions\/509"}],"wp:attachment":[{"href":"https:\/\/20bet.cafe\/hu\/wp-json\/wp\/v2\/media?parent=245"}],"curies":[{"name":"wp","href":"https:\/\/api.w.org\/{rel}","templated":true}]}}