{"id":258,"date":"2025-08-10T14:22:35","date_gmt":"2025-08-10T14:22:35","guid":{"rendered":"https:\/\/20bet.cafe\/hu\/?page_id=258"},"modified":"2025-10-18T19:21:50","modified_gmt":"2025-10-18T19:21:50","slug":"registration","status":"publish","type":"page","link":"https:\/\/20bet.cafe\/hu\/registration\/","title":{"rendered":"Regisztr\u00e1ci\u00f3"},"content":{"rendered":"","protected":false},"excerpt":{"rendered":"","protected":false},"author":1,"featured_media":0,"parent":0,"menu_order":0,"comment_status":"closed","ping_status":"closed","template":"","meta":{"footnotes":""},"class_list":["post-258","page","type-page","status-publish","hentry"],"yoast_head":"<!-- This site is optimized with the Yoast SEO plugin v26.6 - https:\/\/yoast.com\/wordpress\/plugins\/seo\/ -->\n<title>20Bet regisztr\u00e1ci\u00f3 | Hogyan hozzunk l\u00e9tre egy fi\u00f3kot<\/title>\n<meta name=\"description\" content=\"Gyors \u00e9s egyszer\u0171 regisztr\u00e1ci\u00f3 a 20Bet-en! \u2705 Ismerje meg, hogyan hozhat l\u00e9tre fi\u00f3kot, hogy hozz\u00e1f\u00e9rjen t\u00f6bb sz\u00e1z szerencsej\u00e1t\u00e9khoz, b\u00f3nuszokhoz \u00e9s gyors kifizet\u00e9sekhez.\" \/>\n<meta name=\"robots\" content=\"index, follow, max-snippet:-1, max-image-preview:large, max-video-preview:-1\" \/>\n<meta property=\"og:locale\" content=\"hu_HU\" \/>\n<meta property=\"og:type\" content=\"article\" \/>\n<meta property=\"og:title\" content=\"20Bet regisztr\u00e1ci\u00f3 | Hogyan hozzunk l\u00e9tre egy fi\u00f3kot\" \/>\n<meta property=\"og:description\" content=\"Gyors \u00e9s egyszer\u0171 regisztr\u00e1ci\u00f3 a 20Bet-en! \u2705 Ismerje meg, hogyan hozhat l\u00e9tre fi\u00f3kot, hogy hozz\u00e1f\u00e9rjen t\u00f6bb sz\u00e1z szerencsej\u00e1t\u00e9khoz, b\u00f3nuszokhoz \u00e9s gyors kifizet\u00e9sekhez.\" \/>\n<meta property=\"og:url\" content=\"https:\/\/20bet.cafe\/hu\/registration\/\" \/>\n<meta property=\"og:site_name\" content=\"20Bet Cafe hu\" \/>\n<meta property=\"article:modified_time\" content=\"2025-10-18T19:21:50+00:00\" \/>\n<meta name=\"twitter:card\" content=\"summary_large_image\" \/>\n<script type=\"application\/ld+json\" class=\"yoast-schema-graph\">{\"@context\":\"https:\/\/schema.org\",\"@graph\":[{\"@type\":\"WebPage\",\"@id\":\"https:\/\/20bet.cafe\/hu\/registration\/\",\"url\":\"https:\/\/20bet.cafe\/hu\/registration\/\",\"name\":\"20Bet regisztr\u00e1ci\u00f3 | Hogyan hozzunk l\u00e9tre egy fi\u00f3kot\",\"isPartOf\":{\"@id\":\"https:\/\/20bet.cafe\/hu\/#website\"},\"datePublished\":\"2025-08-10T14:22:35+00:00\",\"dateModified\":\"2025-10-18T19:21:50+00:00\",\"description\":\"Gyors \u00e9s egyszer\u0171 regisztr\u00e1ci\u00f3 a 20Bet-en! \u2705 Ismerje meg, hogyan hozhat l\u00e9tre fi\u00f3kot, hogy hozz\u00e1f\u00e9rjen t\u00f6bb sz\u00e1z szerencsej\u00e1t\u00e9khoz, b\u00f3nuszokhoz \u00e9s gyors kifizet\u00e9sekhez.\",\"breadcrumb\":{\"@id\":\"https:\/\/20bet.cafe\/hu\/registration\/#breadcrumb\"},\"inLanguage\":\"hu\",\"potentialAction\":[{\"@type\":\"ReadAction\",\"target\":[\"https:\/\/20bet.cafe\/hu\/registration\/\"]}]},{\"@type\":\"BreadcrumbList\",\"@id\":\"https:\/\/20bet.cafe\/hu\/registration\/#breadcrumb\",\"itemListElement\":[{\"@type\":\"ListItem\",\"position\":1,\"name\":\"Home\",\"item\":\"https:\/\/20bet.cafe\/hu\/\"},{\"@type\":\"ListItem\",\"position\":2,\"name\":\"Regisztr\u00e1ci\u00f3\"}]},{\"@type\":\"WebSite\",\"@id\":\"https:\/\/20bet.cafe\/hu\/#website\",\"url\":\"https:\/\/20bet.cafe\/hu\/\",\"name\":\"20Bet Cafe hu\",\"description\":\"My WordPress Blog\",\"potentialAction\":[{\"@type\":\"SearchAction\",\"target\":{\"@type\":\"EntryPoint\",\"urlTemplate\":\"https:\/\/20bet.cafe\/hu\/?s={search_term_string}\"},\"query-input\":{\"@type\":\"PropertyValueSpecification\",\"valueRequired\":true,\"valueName\":\"search_term_string\"}}],\"inLanguage\":\"hu\"}]}<\/script>\n<!-- \/ Yoast SEO plugin. -->","yoast_head_json":{"title":"20Bet regisztr\u00e1ci\u00f3 | Hogyan hozzunk l\u00e9tre egy fi\u00f3kot","description":"Gyors \u00e9s egyszer\u0171 regisztr\u00e1ci\u00f3 a 20Bet-en! \u2705 Ismerje meg, hogyan hozhat l\u00e9tre fi\u00f3kot, hogy hozz\u00e1f\u00e9rjen t\u00f6bb sz\u00e1z szerencsej\u00e1t\u00e9khoz, b\u00f3nuszokhoz \u00e9s gyors kifizet\u00e9sekhez.","robots":{"index":"index","follow":"follow","max-snippet":"max-snippet:-1","max-image-preview":"max-image-preview:large","max-video-preview":"max-video-preview:-1"},"og_locale":"hu_HU","og_type":"article","og_title":"20Bet regisztr\u00e1ci\u00f3 | Hogyan hozzunk l\u00e9tre egy fi\u00f3kot","og_description":"Gyors \u00e9s egyszer\u0171 regisztr\u00e1ci\u00f3 a 20Bet-en! \u2705 Ismerje meg, hogyan hozhat l\u00e9tre fi\u00f3kot, hogy hozz\u00e1f\u00e9rjen t\u00f6bb sz\u00e1z szerencsej\u00e1t\u00e9khoz, b\u00f3nuszokhoz \u00e9s gyors kifizet\u00e9sekhez.","og_url":"https:\/\/20bet.cafe\/hu\/registration\/","og_site_name":"20Bet Cafe hu","article_modified_time":"2025-10-18T19:21:50+00:00","twitter_card":"summary_large_image","schema":{"@context":"https:\/\/schema.org","@graph":[{"@type":"WebPage","@id":"https:\/\/20bet.cafe\/hu\/registration\/","url":"https:\/\/20bet.cafe\/hu\/registration\/","name":"20Bet regisztr\u00e1ci\u00f3 | Hogyan hozzunk l\u00e9tre egy fi\u00f3kot","isPartOf":{"@id":"https:\/\/20bet.cafe\/hu\/#website"},"datePublished":"2025-08-10T14:22:35+00:00","dateModified":"2025-10-18T19:21:50+00:00","description":"Gyors \u00e9s egyszer\u0171 regisztr\u00e1ci\u00f3 a 20Bet-en! \u2705 Ismerje meg, hogyan hozhat l\u00e9tre fi\u00f3kot, hogy hozz\u00e1f\u00e9rjen t\u00f6bb sz\u00e1z szerencsej\u00e1t\u00e9khoz, b\u00f3nuszokhoz \u00e9s gyors kifizet\u00e9sekhez.","breadcrumb":{"@id":"https:\/\/20bet.cafe\/hu\/registration\/#breadcrumb"},"inLanguage":"hu","potentialAction":[{"@type":"ReadAction","target":["https:\/\/20bet.cafe\/hu\/registration\/"]}]},{"@type":"BreadcrumbList","@id":"https:\/\/20bet.cafe\/hu\/registration\/#breadcrumb","itemListElement":[{"@type":"ListItem","position":1,"name":"Home","item":"https:\/\/20bet.cafe\/hu\/"},{"@type":"ListItem","position":2,"name":"Regisztr\u00e1ci\u00f3"}]},{"@type":"WebSite","@id":"https:\/\/20bet.cafe\/hu\/#website","url":"https:\/\/20bet.cafe\/hu\/","name":"20Bet Cafe hu","description":"My WordPress Blog","potentialAction":[{"@type":"SearchAction","target":{"@type":"EntryPoint","urlTemplate":"https:\/\/20bet.cafe\/hu\/?s={search_term_string}"},"query-input":{"@type":"PropertyValueSpecification","valueRequired":true,"valueName":"search_term_string"}}],"inLanguage":"hu"}]}},"_links":{"self":[{"href":"https:\/\/20bet.cafe\/hu\/wp-json\/wp\/v2\/pages\/258","targetHints":{"allow":["GET"]}}],"collection":[{"href":"https:\/\/20bet.cafe\/hu\/wp-json\/wp\/v2\/pages"}],"about":[{"href":"https:\/\/20bet.cafe\/hu\/wp-json\/wp\/v2\/types\/page"}],"author":[{"embeddable":true,"href":"https:\/\/20bet.cafe\/hu\/wp-json\/wp\/v2\/users\/1"}],"replies":[{"embeddable":true,"href":"https:\/\/20bet.cafe\/hu\/wp-json\/wp\/v2\/comments?post=258"}],"version-history":[{"count":10,"href":"https:\/\/20bet.cafe\/hu\/wp-json\/wp\/v2\/pages\/258\/revisions"}],"predecessor-version":[{"id":505,"href":"https:\/\/20bet.cafe\/hu\/wp-json\/wp\/v2\/pages\/258\/revisions\/505"}],"wp:attachment":[{"href":"https:\/\/20bet.cafe\/hu\/wp-json\/wp\/v2\/media?parent=258"}],"curies":[{"name":"wp","href":"https:\/\/api.w.org\/{rel}","templated":true}]}}