{"id":270,"date":"2025-08-11T06:57:10","date_gmt":"2025-08-11T06:57:10","guid":{"rendered":"https:\/\/20bet.cafe\/hu\/?page_id=270"},"modified":"2025-10-18T19:18:37","modified_gmt":"2025-10-18T19:18:37","slug":"promo-code","status":"publish","type":"page","link":"https:\/\/20bet.cafe\/hu\/promo-code\/","title":{"rendered":"Prom\u00f3ci\u00f3s k\u00f3d"},"content":{"rendered":"","protected":false},"excerpt":{"rendered":"","protected":false},"author":1,"featured_media":0,"parent":0,"menu_order":0,"comment_status":"closed","ping_status":"closed","template":"","meta":{"footnotes":""},"class_list":["post-270","page","type-page","status-publish","hentry"],"yoast_head":"<!-- This site is optimized with the Yoast SEO plugin v26.6 - https:\/\/yoast.com\/wordpress\/plugins\/seo\/ -->\n<title>20Bet prom\u00f3ci\u00f3s k\u00f3d | B\u00f3nuszok fogad\u00e1sokhoz \u00e9s kaszin\u00f3hoz<\/title>\n<meta name=\"description\" content=\"Tudja meg, hogyan haszn\u00e1lhatja a 20Bet prom\u00f3ci\u00f3s k\u00f3dot, hogy exkluz\u00edv b\u00f3nuszokat kapjon a fogad\u00e1sokhoz \u00e9s a kaszin\u00f3hoz. Haszn\u00e1lja ki a legjobban speci\u00e1lis k\u00f3djainkat 2025-ben!\" \/>\n<meta name=\"robots\" content=\"index, follow, max-snippet:-1, max-image-preview:large, max-video-preview:-1\" \/>\n<meta property=\"og:locale\" content=\"hu_HU\" \/>\n<meta property=\"og:type\" content=\"article\" \/>\n<meta property=\"og:title\" content=\"20Bet prom\u00f3ci\u00f3s k\u00f3d | B\u00f3nuszok fogad\u00e1sokhoz \u00e9s kaszin\u00f3hoz\" \/>\n<meta property=\"og:description\" content=\"Tudja meg, hogyan haszn\u00e1lhatja a 20Bet prom\u00f3ci\u00f3s k\u00f3dot, hogy exkluz\u00edv b\u00f3nuszokat kapjon a fogad\u00e1sokhoz \u00e9s a kaszin\u00f3hoz. Haszn\u00e1lja ki a legjobban speci\u00e1lis k\u00f3djainkat 2025-ben!\" \/>\n<meta property=\"og:url\" content=\"https:\/\/20bet.cafe\/hu\/promo-code\/\" \/>\n<meta property=\"og:site_name\" content=\"20Bet Cafe hu\" \/>\n<meta property=\"article:modified_time\" content=\"2025-10-18T19:18:37+00:00\" \/>\n<meta name=\"twitter:card\" content=\"summary_large_image\" \/>\n<script type=\"application\/ld+json\" class=\"yoast-schema-graph\">{\"@context\":\"https:\/\/schema.org\",\"@graph\":[{\"@type\":\"WebPage\",\"@id\":\"https:\/\/20bet.cafe\/hu\/promo-code\/\",\"url\":\"https:\/\/20bet.cafe\/hu\/promo-code\/\",\"name\":\"20Bet prom\u00f3ci\u00f3s k\u00f3d | B\u00f3nuszok fogad\u00e1sokhoz \u00e9s kaszin\u00f3hoz\",\"isPartOf\":{\"@id\":\"https:\/\/20bet.cafe\/hu\/#website\"},\"datePublished\":\"2025-08-11T06:57:10+00:00\",\"dateModified\":\"2025-10-18T19:18:37+00:00\",\"description\":\"Tudja meg, hogyan haszn\u00e1lhatja a 20Bet prom\u00f3ci\u00f3s k\u00f3dot, hogy exkluz\u00edv b\u00f3nuszokat kapjon a fogad\u00e1sokhoz \u00e9s a kaszin\u00f3hoz. Haszn\u00e1lja ki a legjobban speci\u00e1lis k\u00f3djainkat 2025-ben!\",\"breadcrumb\":{\"@id\":\"https:\/\/20bet.cafe\/hu\/promo-code\/#breadcrumb\"},\"inLanguage\":\"hu\",\"potentialAction\":[{\"@type\":\"ReadAction\",\"target\":[\"https:\/\/20bet.cafe\/hu\/promo-code\/\"]}]},{\"@type\":\"BreadcrumbList\",\"@id\":\"https:\/\/20bet.cafe\/hu\/promo-code\/#breadcrumb\",\"itemListElement\":[{\"@type\":\"ListItem\",\"position\":1,\"name\":\"Home\",\"item\":\"https:\/\/20bet.cafe\/hu\/\"},{\"@type\":\"ListItem\",\"position\":2,\"name\":\"Prom\u00f3ci\u00f3s k\u00f3d\"}]},{\"@type\":\"WebSite\",\"@id\":\"https:\/\/20bet.cafe\/hu\/#website\",\"url\":\"https:\/\/20bet.cafe\/hu\/\",\"name\":\"20Bet Cafe hu\",\"description\":\"My WordPress Blog\",\"potentialAction\":[{\"@type\":\"SearchAction\",\"target\":{\"@type\":\"EntryPoint\",\"urlTemplate\":\"https:\/\/20bet.cafe\/hu\/?s={search_term_string}\"},\"query-input\":{\"@type\":\"PropertyValueSpecification\",\"valueRequired\":true,\"valueName\":\"search_term_string\"}}],\"inLanguage\":\"hu\"}]}<\/script>\n<!-- \/ Yoast SEO plugin. -->","yoast_head_json":{"title":"20Bet prom\u00f3ci\u00f3s k\u00f3d | B\u00f3nuszok fogad\u00e1sokhoz \u00e9s kaszin\u00f3hoz","description":"Tudja meg, hogyan haszn\u00e1lhatja a 20Bet prom\u00f3ci\u00f3s k\u00f3dot, hogy exkluz\u00edv b\u00f3nuszokat kapjon a fogad\u00e1sokhoz \u00e9s a kaszin\u00f3hoz. Haszn\u00e1lja ki a legjobban speci\u00e1lis k\u00f3djainkat 2025-ben!","robots":{"index":"index","follow":"follow","max-snippet":"max-snippet:-1","max-image-preview":"max-image-preview:large","max-video-preview":"max-video-preview:-1"},"og_locale":"hu_HU","og_type":"article","og_title":"20Bet prom\u00f3ci\u00f3s k\u00f3d | B\u00f3nuszok fogad\u00e1sokhoz \u00e9s kaszin\u00f3hoz","og_description":"Tudja meg, hogyan haszn\u00e1lhatja a 20Bet prom\u00f3ci\u00f3s k\u00f3dot, hogy exkluz\u00edv b\u00f3nuszokat kapjon a fogad\u00e1sokhoz \u00e9s a kaszin\u00f3hoz. Haszn\u00e1lja ki a legjobban speci\u00e1lis k\u00f3djainkat 2025-ben!","og_url":"https:\/\/20bet.cafe\/hu\/promo-code\/","og_site_name":"20Bet Cafe hu","article_modified_time":"2025-10-18T19:18:37+00:00","twitter_card":"summary_large_image","schema":{"@context":"https:\/\/schema.org","@graph":[{"@type":"WebPage","@id":"https:\/\/20bet.cafe\/hu\/promo-code\/","url":"https:\/\/20bet.cafe\/hu\/promo-code\/","name":"20Bet prom\u00f3ci\u00f3s k\u00f3d | B\u00f3nuszok fogad\u00e1sokhoz \u00e9s kaszin\u00f3hoz","isPartOf":{"@id":"https:\/\/20bet.cafe\/hu\/#website"},"datePublished":"2025-08-11T06:57:10+00:00","dateModified":"2025-10-18T19:18:37+00:00","description":"Tudja meg, hogyan haszn\u00e1lhatja a 20Bet prom\u00f3ci\u00f3s k\u00f3dot, hogy exkluz\u00edv b\u00f3nuszokat kapjon a fogad\u00e1sokhoz \u00e9s a kaszin\u00f3hoz. Haszn\u00e1lja ki a legjobban speci\u00e1lis k\u00f3djainkat 2025-ben!","breadcrumb":{"@id":"https:\/\/20bet.cafe\/hu\/promo-code\/#breadcrumb"},"inLanguage":"hu","potentialAction":[{"@type":"ReadAction","target":["https:\/\/20bet.cafe\/hu\/promo-code\/"]}]},{"@type":"BreadcrumbList","@id":"https:\/\/20bet.cafe\/hu\/promo-code\/#breadcrumb","itemListElement":[{"@type":"ListItem","position":1,"name":"Home","item":"https:\/\/20bet.cafe\/hu\/"},{"@type":"ListItem","position":2,"name":"Prom\u00f3ci\u00f3s k\u00f3d"}]},{"@type":"WebSite","@id":"https:\/\/20bet.cafe\/hu\/#website","url":"https:\/\/20bet.cafe\/hu\/","name":"20Bet Cafe hu","description":"My WordPress Blog","potentialAction":[{"@type":"SearchAction","target":{"@type":"EntryPoint","urlTemplate":"https:\/\/20bet.cafe\/hu\/?s={search_term_string}"},"query-input":{"@type":"PropertyValueSpecification","valueRequired":true,"valueName":"search_term_string"}}],"inLanguage":"hu"}]}},"_links":{"self":[{"href":"https:\/\/20bet.cafe\/hu\/wp-json\/wp\/v2\/pages\/270","targetHints":{"allow":["GET"]}}],"collection":[{"href":"https:\/\/20bet.cafe\/hu\/wp-json\/wp\/v2\/pages"}],"about":[{"href":"https:\/\/20bet.cafe\/hu\/wp-json\/wp\/v2\/types\/page"}],"author":[{"embeddable":true,"href":"https:\/\/20bet.cafe\/hu\/wp-json\/wp\/v2\/users\/1"}],"replies":[{"embeddable":true,"href":"https:\/\/20bet.cafe\/hu\/wp-json\/wp\/v2\/comments?post=270"}],"version-history":[{"count":9,"href":"https:\/\/20bet.cafe\/hu\/wp-json\/wp\/v2\/pages\/270\/revisions"}],"predecessor-version":[{"id":503,"href":"https:\/\/20bet.cafe\/hu\/wp-json\/wp\/v2\/pages\/270\/revisions\/503"}],"wp:attachment":[{"href":"https:\/\/20bet.cafe\/hu\/wp-json\/wp\/v2\/media?parent=270"}],"curies":[{"name":"wp","href":"https:\/\/api.w.org\/{rel}","templated":true}]}}