{"id":279,"date":"2025-08-11T17:21:58","date_gmt":"2025-08-11T17:21:58","guid":{"rendered":"https:\/\/20bet.cafe\/hu\/?page_id=279"},"modified":"2025-09-25T17:54:31","modified_gmt":"2025-09-25T17:54:31","slug":"sport","status":"publish","type":"page","link":"https:\/\/20bet.cafe\/hu\/sport\/","title":{"rendered":"Sport"},"content":{"rendered":"","protected":false},"excerpt":{"rendered":"","protected":false},"author":1,"featured_media":0,"parent":0,"menu_order":0,"comment_status":"closed","ping_status":"closed","template":"","meta":{"footnotes":""},"class_list":["post-279","page","type-page","status-publish","hentry"],"yoast_head":"<!-- This site is optimized with the Yoast SEO plugin v26.6 - https:\/\/yoast.com\/wordpress\/plugins\/seo\/ -->\n<title>20Bet sportfogad\u00e1s | Tegyen sportfogad\u00e1sokat \u00e9s nyerjen!<\/title>\n<meta name=\"description\" content=\"Fedezze fel a sportfogad\u00e1st a 20Bet-tel \u2013 tippeljen sportesem\u00e9nyekre, nyerjen b\u00f3nuszokat \u00e9s \u00e9lvezze a m\u00e9rk\u0151z\u00e9sek izgalm\u00e1t a weboldalon vagy az alkalmaz\u00e1sban!\" \/>\n<meta name=\"robots\" content=\"index, follow, max-snippet:-1, max-image-preview:large, max-video-preview:-1\" \/>\n<meta property=\"og:locale\" content=\"hu_HU\" \/>\n<meta property=\"og:type\" content=\"article\" \/>\n<meta property=\"og:title\" content=\"20Bet sportfogad\u00e1s | Tegyen sportfogad\u00e1sokat \u00e9s nyerjen!\" \/>\n<meta property=\"og:description\" content=\"Fedezze fel a sportfogad\u00e1st a 20Bet-tel \u2013 tippeljen sportesem\u00e9nyekre, nyerjen b\u00f3nuszokat \u00e9s \u00e9lvezze a m\u00e9rk\u0151z\u00e9sek izgalm\u00e1t a weboldalon vagy az alkalmaz\u00e1sban!\" \/>\n<meta property=\"og:url\" content=\"https:\/\/20bet.cafe\/hu\/sport\/\" \/>\n<meta property=\"og:site_name\" content=\"20Bet Cafe hu\" \/>\n<meta property=\"article:modified_time\" content=\"2025-09-25T17:54:31+00:00\" \/>\n<meta name=\"twitter:card\" content=\"summary_large_image\" \/>\n<script type=\"application\/ld+json\" class=\"yoast-schema-graph\">{\"@context\":\"https:\/\/schema.org\",\"@graph\":[{\"@type\":\"WebPage\",\"@id\":\"https:\/\/20bet.cafe\/hu\/sport\/\",\"url\":\"https:\/\/20bet.cafe\/hu\/sport\/\",\"name\":\"20Bet sportfogad\u00e1s | Tegyen sportfogad\u00e1sokat \u00e9s nyerjen!\",\"isPartOf\":{\"@id\":\"https:\/\/20bet.cafe\/hu\/#website\"},\"datePublished\":\"2025-08-11T17:21:58+00:00\",\"dateModified\":\"2025-09-25T17:54:31+00:00\",\"description\":\"Fedezze fel a sportfogad\u00e1st a 20Bet-tel \u2013 tippeljen sportesem\u00e9nyekre, nyerjen b\u00f3nuszokat \u00e9s \u00e9lvezze a m\u00e9rk\u0151z\u00e9sek izgalm\u00e1t a weboldalon vagy az alkalmaz\u00e1sban!\",\"breadcrumb\":{\"@id\":\"https:\/\/20bet.cafe\/hu\/sport\/#breadcrumb\"},\"inLanguage\":\"hu\",\"potentialAction\":[{\"@type\":\"ReadAction\",\"target\":[\"https:\/\/20bet.cafe\/hu\/sport\/\"]}]},{\"@type\":\"BreadcrumbList\",\"@id\":\"https:\/\/20bet.cafe\/hu\/sport\/#breadcrumb\",\"itemListElement\":[{\"@type\":\"ListItem\",\"position\":1,\"name\":\"Home\",\"item\":\"https:\/\/20bet.cafe\/hu\/\"},{\"@type\":\"ListItem\",\"position\":2,\"name\":\"Sport\"}]},{\"@type\":\"WebSite\",\"@id\":\"https:\/\/20bet.cafe\/hu\/#website\",\"url\":\"https:\/\/20bet.cafe\/hu\/\",\"name\":\"20Bet Cafe hu\",\"description\":\"My WordPress Blog\",\"potentialAction\":[{\"@type\":\"SearchAction\",\"target\":{\"@type\":\"EntryPoint\",\"urlTemplate\":\"https:\/\/20bet.cafe\/hu\/?s={search_term_string}\"},\"query-input\":{\"@type\":\"PropertyValueSpecification\",\"valueRequired\":true,\"valueName\":\"search_term_string\"}}],\"inLanguage\":\"hu\"}]}<\/script>\n<!-- \/ Yoast SEO plugin. -->","yoast_head_json":{"title":"20Bet sportfogad\u00e1s | Tegyen sportfogad\u00e1sokat \u00e9s nyerjen!","description":"Fedezze fel a sportfogad\u00e1st a 20Bet-tel \u2013 tippeljen sportesem\u00e9nyekre, nyerjen b\u00f3nuszokat \u00e9s \u00e9lvezze a m\u00e9rk\u0151z\u00e9sek izgalm\u00e1t a weboldalon vagy az alkalmaz\u00e1sban!","robots":{"index":"index","follow":"follow","max-snippet":"max-snippet:-1","max-image-preview":"max-image-preview:large","max-video-preview":"max-video-preview:-1"},"og_locale":"hu_HU","og_type":"article","og_title":"20Bet sportfogad\u00e1s | Tegyen sportfogad\u00e1sokat \u00e9s nyerjen!","og_description":"Fedezze fel a sportfogad\u00e1st a 20Bet-tel \u2013 tippeljen sportesem\u00e9nyekre, nyerjen b\u00f3nuszokat \u00e9s \u00e9lvezze a m\u00e9rk\u0151z\u00e9sek izgalm\u00e1t a weboldalon vagy az alkalmaz\u00e1sban!","og_url":"https:\/\/20bet.cafe\/hu\/sport\/","og_site_name":"20Bet Cafe hu","article_modified_time":"2025-09-25T17:54:31+00:00","twitter_card":"summary_large_image","schema":{"@context":"https:\/\/schema.org","@graph":[{"@type":"WebPage","@id":"https:\/\/20bet.cafe\/hu\/sport\/","url":"https:\/\/20bet.cafe\/hu\/sport\/","name":"20Bet sportfogad\u00e1s | Tegyen sportfogad\u00e1sokat \u00e9s nyerjen!","isPartOf":{"@id":"https:\/\/20bet.cafe\/hu\/#website"},"datePublished":"2025-08-11T17:21:58+00:00","dateModified":"2025-09-25T17:54:31+00:00","description":"Fedezze fel a sportfogad\u00e1st a 20Bet-tel \u2013 tippeljen sportesem\u00e9nyekre, nyerjen b\u00f3nuszokat \u00e9s \u00e9lvezze a m\u00e9rk\u0151z\u00e9sek izgalm\u00e1t a weboldalon vagy az alkalmaz\u00e1sban!","breadcrumb":{"@id":"https:\/\/20bet.cafe\/hu\/sport\/#breadcrumb"},"inLanguage":"hu","potentialAction":[{"@type":"ReadAction","target":["https:\/\/20bet.cafe\/hu\/sport\/"]}]},{"@type":"BreadcrumbList","@id":"https:\/\/20bet.cafe\/hu\/sport\/#breadcrumb","itemListElement":[{"@type":"ListItem","position":1,"name":"Home","item":"https:\/\/20bet.cafe\/hu\/"},{"@type":"ListItem","position":2,"name":"Sport"}]},{"@type":"WebSite","@id":"https:\/\/20bet.cafe\/hu\/#website","url":"https:\/\/20bet.cafe\/hu\/","name":"20Bet Cafe hu","description":"My WordPress Blog","potentialAction":[{"@type":"SearchAction","target":{"@type":"EntryPoint","urlTemplate":"https:\/\/20bet.cafe\/hu\/?s={search_term_string}"},"query-input":{"@type":"PropertyValueSpecification","valueRequired":true,"valueName":"search_term_string"}}],"inLanguage":"hu"}]}},"_links":{"self":[{"href":"https:\/\/20bet.cafe\/hu\/wp-json\/wp\/v2\/pages\/279","targetHints":{"allow":["GET"]}}],"collection":[{"href":"https:\/\/20bet.cafe\/hu\/wp-json\/wp\/v2\/pages"}],"about":[{"href":"https:\/\/20bet.cafe\/hu\/wp-json\/wp\/v2\/types\/page"}],"author":[{"embeddable":true,"href":"https:\/\/20bet.cafe\/hu\/wp-json\/wp\/v2\/users\/1"}],"replies":[{"embeddable":true,"href":"https:\/\/20bet.cafe\/hu\/wp-json\/wp\/v2\/comments?post=279"}],"version-history":[{"count":8,"href":"https:\/\/20bet.cafe\/hu\/wp-json\/wp\/v2\/pages\/279\/revisions"}],"predecessor-version":[{"id":506,"href":"https:\/\/20bet.cafe\/hu\/wp-json\/wp\/v2\/pages\/279\/revisions\/506"}],"wp:attachment":[{"href":"https:\/\/20bet.cafe\/hu\/wp-json\/wp\/v2\/media?parent=279"}],"curies":[{"name":"wp","href":"https:\/\/api.w.org\/{rel}","templated":true}]}}