{"id":415,"date":"2025-09-03T15:13:18","date_gmt":"2025-09-03T15:13:18","guid":{"rendered":"https:\/\/20bet.cafe\/hu\/?page_id=415"},"modified":"2025-10-18T19:22:18","modified_gmt":"2025-10-18T19:22:18","slug":"affiliate","status":"publish","type":"page","link":"https:\/\/20bet.cafe\/hu\/affiliate\/","title":{"rendered":"Partner"},"content":{"rendered":"","protected":false},"excerpt":{"rendered":"","protected":false},"author":1,"featured_media":0,"parent":0,"menu_order":0,"comment_status":"closed","ping_status":"closed","template":"","meta":{"footnotes":""},"class_list":["post-415","page","type-page","status-publish","hentry"],"yoast_head":"<!-- This site is optimized with the Yoast SEO plugin v26.6 - https:\/\/yoast.com\/wordpress\/plugins\/seo\/ -->\n<title>20Bet partnerprogram | Keress p\u00e9nzt fogad\u00e1sokkal \u00e9s kaszin\u00f3kkal<\/title>\n<meta name=\"description\" content=\"20Bet partnerprogram: kedvez\u0151 egy\u00fcttm\u0171k\u00f6d\u00e9si felt\u00e9telek, stabil kifizet\u00e9sek \u00e9s hozz\u00e1f\u00e9r\u00e9s hat\u00e9kony eszk\u00f6z\u00f6kh\u00f6z, amelyekkel j\u00e1t\u00e9kosokat vonzhat online kaszin\u00f3kba. Kezdjen el ma p\u00e9nzt keresni a 20Bet-tel!\" \/>\n<meta name=\"robots\" content=\"index, follow, max-snippet:-1, max-image-preview:large, max-video-preview:-1\" \/>\n<meta property=\"og:locale\" content=\"hu_HU\" \/>\n<meta property=\"og:type\" content=\"article\" \/>\n<meta property=\"og:title\" content=\"20Bet partnerprogram | Keress p\u00e9nzt fogad\u00e1sokkal \u00e9s kaszin\u00f3kkal\" \/>\n<meta property=\"og:description\" content=\"20Bet partnerprogram: kedvez\u0151 egy\u00fcttm\u0171k\u00f6d\u00e9si felt\u00e9telek, stabil kifizet\u00e9sek \u00e9s hozz\u00e1f\u00e9r\u00e9s hat\u00e9kony eszk\u00f6z\u00f6kh\u00f6z, amelyekkel j\u00e1t\u00e9kosokat vonzhat online kaszin\u00f3kba. Kezdjen el ma p\u00e9nzt keresni a 20Bet-tel!\" \/>\n<meta property=\"og:url\" content=\"https:\/\/20bet.cafe\/hu\/affiliate\/\" \/>\n<meta property=\"og:site_name\" content=\"20Bet Cafe hu\" \/>\n<meta property=\"article:modified_time\" content=\"2025-10-18T19:22:18+00:00\" \/>\n<meta name=\"twitter:card\" content=\"summary_large_image\" \/>\n<script type=\"application\/ld+json\" class=\"yoast-schema-graph\">{\"@context\":\"https:\/\/schema.org\",\"@graph\":[{\"@type\":\"WebPage\",\"@id\":\"https:\/\/20bet.cafe\/hu\/affiliate\/\",\"url\":\"https:\/\/20bet.cafe\/hu\/affiliate\/\",\"name\":\"20Bet partnerprogram | Keress p\u00e9nzt fogad\u00e1sokkal \u00e9s kaszin\u00f3kkal\",\"isPartOf\":{\"@id\":\"https:\/\/20bet.cafe\/hu\/#website\"},\"datePublished\":\"2025-09-03T15:13:18+00:00\",\"dateModified\":\"2025-10-18T19:22:18+00:00\",\"description\":\"20Bet partnerprogram: kedvez\u0151 egy\u00fcttm\u0171k\u00f6d\u00e9si felt\u00e9telek, stabil kifizet\u00e9sek \u00e9s hozz\u00e1f\u00e9r\u00e9s hat\u00e9kony eszk\u00f6z\u00f6kh\u00f6z, amelyekkel j\u00e1t\u00e9kosokat vonzhat online kaszin\u00f3kba. Kezdjen el ma p\u00e9nzt keresni a 20Bet-tel!\",\"breadcrumb\":{\"@id\":\"https:\/\/20bet.cafe\/hu\/affiliate\/#breadcrumb\"},\"inLanguage\":\"hu\",\"potentialAction\":[{\"@type\":\"ReadAction\",\"target\":[\"https:\/\/20bet.cafe\/hu\/affiliate\/\"]}]},{\"@type\":\"BreadcrumbList\",\"@id\":\"https:\/\/20bet.cafe\/hu\/affiliate\/#breadcrumb\",\"itemListElement\":[{\"@type\":\"ListItem\",\"position\":1,\"name\":\"Home\",\"item\":\"https:\/\/20bet.cafe\/hu\/\"},{\"@type\":\"ListItem\",\"position\":2,\"name\":\"Partner\"}]},{\"@type\":\"WebSite\",\"@id\":\"https:\/\/20bet.cafe\/hu\/#website\",\"url\":\"https:\/\/20bet.cafe\/hu\/\",\"name\":\"20Bet Cafe hu\",\"description\":\"My WordPress Blog\",\"potentialAction\":[{\"@type\":\"SearchAction\",\"target\":{\"@type\":\"EntryPoint\",\"urlTemplate\":\"https:\/\/20bet.cafe\/hu\/?s={search_term_string}\"},\"query-input\":{\"@type\":\"PropertyValueSpecification\",\"valueRequired\":true,\"valueName\":\"search_term_string\"}}],\"inLanguage\":\"hu\"}]}<\/script>\n<!-- \/ Yoast SEO plugin. -->","yoast_head_json":{"title":"20Bet partnerprogram | Keress p\u00e9nzt fogad\u00e1sokkal \u00e9s kaszin\u00f3kkal","description":"20Bet partnerprogram: kedvez\u0151 egy\u00fcttm\u0171k\u00f6d\u00e9si felt\u00e9telek, stabil kifizet\u00e9sek \u00e9s hozz\u00e1f\u00e9r\u00e9s hat\u00e9kony eszk\u00f6z\u00f6kh\u00f6z, amelyekkel j\u00e1t\u00e9kosokat vonzhat online kaszin\u00f3kba. Kezdjen el ma p\u00e9nzt keresni a 20Bet-tel!","robots":{"index":"index","follow":"follow","max-snippet":"max-snippet:-1","max-image-preview":"max-image-preview:large","max-video-preview":"max-video-preview:-1"},"og_locale":"hu_HU","og_type":"article","og_title":"20Bet partnerprogram | Keress p\u00e9nzt fogad\u00e1sokkal \u00e9s kaszin\u00f3kkal","og_description":"20Bet partnerprogram: kedvez\u0151 egy\u00fcttm\u0171k\u00f6d\u00e9si felt\u00e9telek, stabil kifizet\u00e9sek \u00e9s hozz\u00e1f\u00e9r\u00e9s hat\u00e9kony eszk\u00f6z\u00f6kh\u00f6z, amelyekkel j\u00e1t\u00e9kosokat vonzhat online kaszin\u00f3kba. Kezdjen el ma p\u00e9nzt keresni a 20Bet-tel!","og_url":"https:\/\/20bet.cafe\/hu\/affiliate\/","og_site_name":"20Bet Cafe hu","article_modified_time":"2025-10-18T19:22:18+00:00","twitter_card":"summary_large_image","schema":{"@context":"https:\/\/schema.org","@graph":[{"@type":"WebPage","@id":"https:\/\/20bet.cafe\/hu\/affiliate\/","url":"https:\/\/20bet.cafe\/hu\/affiliate\/","name":"20Bet partnerprogram | Keress p\u00e9nzt fogad\u00e1sokkal \u00e9s kaszin\u00f3kkal","isPartOf":{"@id":"https:\/\/20bet.cafe\/hu\/#website"},"datePublished":"2025-09-03T15:13:18+00:00","dateModified":"2025-10-18T19:22:18+00:00","description":"20Bet partnerprogram: kedvez\u0151 egy\u00fcttm\u0171k\u00f6d\u00e9si felt\u00e9telek, stabil kifizet\u00e9sek \u00e9s hozz\u00e1f\u00e9r\u00e9s hat\u00e9kony eszk\u00f6z\u00f6kh\u00f6z, amelyekkel j\u00e1t\u00e9kosokat vonzhat online kaszin\u00f3kba. Kezdjen el ma p\u00e9nzt keresni a 20Bet-tel!","breadcrumb":{"@id":"https:\/\/20bet.cafe\/hu\/affiliate\/#breadcrumb"},"inLanguage":"hu","potentialAction":[{"@type":"ReadAction","target":["https:\/\/20bet.cafe\/hu\/affiliate\/"]}]},{"@type":"BreadcrumbList","@id":"https:\/\/20bet.cafe\/hu\/affiliate\/#breadcrumb","itemListElement":[{"@type":"ListItem","position":1,"name":"Home","item":"https:\/\/20bet.cafe\/hu\/"},{"@type":"ListItem","position":2,"name":"Partner"}]},{"@type":"WebSite","@id":"https:\/\/20bet.cafe\/hu\/#website","url":"https:\/\/20bet.cafe\/hu\/","name":"20Bet Cafe hu","description":"My WordPress Blog","potentialAction":[{"@type":"SearchAction","target":{"@type":"EntryPoint","urlTemplate":"https:\/\/20bet.cafe\/hu\/?s={search_term_string}"},"query-input":{"@type":"PropertyValueSpecification","valueRequired":true,"valueName":"search_term_string"}}],"inLanguage":"hu"}]}},"_links":{"self":[{"href":"https:\/\/20bet.cafe\/hu\/wp-json\/wp\/v2\/pages\/415","targetHints":{"allow":["GET"]}}],"collection":[{"href":"https:\/\/20bet.cafe\/hu\/wp-json\/wp\/v2\/pages"}],"about":[{"href":"https:\/\/20bet.cafe\/hu\/wp-json\/wp\/v2\/types\/page"}],"author":[{"embeddable":true,"href":"https:\/\/20bet.cafe\/hu\/wp-json\/wp\/v2\/users\/1"}],"replies":[{"embeddable":true,"href":"https:\/\/20bet.cafe\/hu\/wp-json\/wp\/v2\/comments?post=415"}],"version-history":[{"count":5,"href":"https:\/\/20bet.cafe\/hu\/wp-json\/wp\/v2\/pages\/415\/revisions"}],"predecessor-version":[{"id":510,"href":"https:\/\/20bet.cafe\/hu\/wp-json\/wp\/v2\/pages\/415\/revisions\/510"}],"wp:attachment":[{"href":"https:\/\/20bet.cafe\/hu\/wp-json\/wp\/v2\/media?parent=415"}],"curies":[{"name":"wp","href":"https:\/\/api.w.org\/{rel}","templated":true}]}}