{"id":429,"date":"2025-09-04T13:00:13","date_gmt":"2025-09-04T13:00:13","guid":{"rendered":"https:\/\/20bet.cafe\/hu\/?page_id=429"},"modified":"2025-09-25T13:36:47","modified_gmt":"2025-09-25T13:36:47","slug":"first-deposit-casino","status":"publish","type":"page","link":"https:\/\/20bet.cafe\/hu\/bonus\/first-deposit-casino\/","title":{"rendered":"Els\u0151 befizet\u00e9s kaszin\u00f3 b\u00f3nusz"},"content":{"rendered":"","protected":false},"excerpt":{"rendered":"","protected":false},"author":1,"featured_media":0,"parent":225,"menu_order":0,"comment_status":"closed","ping_status":"closed","template":"","meta":{"footnotes":""},"class_list":["post-429","page","type-page","status-publish","hentry"],"yoast_head":"<!-- This site is optimized with the Yoast SEO plugin v26.6 - https:\/\/yoast.com\/wordpress\/plugins\/seo\/ -->\n<title>20Bet Casino \u00fcdv\u00f6zl\u0151 b\u00f3nusz \u1409 100% az els\u0151 befizet\u00e9s ut\u00e1n<\/title>\n<meta name=\"description\" content=\"Szerezzen 100% b\u00f3nuszt az els\u0151 befizet\u00e9s\u00e9n\u00e9l, maximum 47,000 HUF \u00e9rt\u00e9kben + 120 ingyenes p\u00f6rget\u00e9st a 20Bet Kaszin\u00f3ban! Tudja meg, hogyan lehet befizetni, \u00e9s vegye ig\u00e9nybe az \u00faj j\u00e1t\u00e9kosoknak sz\u00f3l\u00f3 exkluz\u00edv aj\u00e1nlatokat.\" \/>\n<meta name=\"robots\" content=\"index, follow, max-snippet:-1, max-image-preview:large, max-video-preview:-1\" \/>\n<meta property=\"og:locale\" content=\"hu_HU\" \/>\n<meta property=\"og:type\" content=\"article\" \/>\n<meta property=\"og:title\" content=\"20Bet Casino \u00fcdv\u00f6zl\u0151 b\u00f3nusz \u1409 100% az els\u0151 befizet\u00e9s ut\u00e1n\" \/>\n<meta property=\"og:description\" content=\"Szerezzen 100% b\u00f3nuszt az els\u0151 befizet\u00e9s\u00e9n\u00e9l, maximum 47,000 HUF \u00e9rt\u00e9kben + 120 ingyenes p\u00f6rget\u00e9st a 20Bet Kaszin\u00f3ban! Tudja meg, hogyan lehet befizetni, \u00e9s vegye ig\u00e9nybe az \u00faj j\u00e1t\u00e9kosoknak sz\u00f3l\u00f3 exkluz\u00edv aj\u00e1nlatokat.\" \/>\n<meta property=\"og:url\" content=\"https:\/\/20bet.cafe\/hu\/bonus\/first-deposit-casino\/\" \/>\n<meta property=\"og:site_name\" content=\"20Bet Cafe hu\" \/>\n<meta property=\"article:modified_time\" content=\"2025-09-25T13:36:47+00:00\" \/>\n<meta name=\"twitter:card\" content=\"summary_large_image\" \/>\n<script type=\"application\/ld+json\" class=\"yoast-schema-graph\">{\"@context\":\"https:\/\/schema.org\",\"@graph\":[{\"@type\":\"WebPage\",\"@id\":\"https:\/\/20bet.cafe\/hu\/bonus\/first-deposit-casino\/\",\"url\":\"https:\/\/20bet.cafe\/hu\/bonus\/first-deposit-casino\/\",\"name\":\"20Bet Casino \u00fcdv\u00f6zl\u0151 b\u00f3nusz \u1409 100% az els\u0151 befizet\u00e9s ut\u00e1n\",\"isPartOf\":{\"@id\":\"https:\/\/20bet.cafe\/hu\/#website\"},\"datePublished\":\"2025-09-04T13:00:13+00:00\",\"dateModified\":\"2025-09-25T13:36:47+00:00\",\"description\":\"Szerezzen 100% b\u00f3nuszt az els\u0151 befizet\u00e9s\u00e9n\u00e9l, maximum 47,000 HUF \u00e9rt\u00e9kben + 120 ingyenes p\u00f6rget\u00e9st a 20Bet Kaszin\u00f3ban! Tudja meg, hogyan lehet befizetni, \u00e9s vegye ig\u00e9nybe az \u00faj j\u00e1t\u00e9kosoknak sz\u00f3l\u00f3 exkluz\u00edv aj\u00e1nlatokat.\",\"breadcrumb\":{\"@id\":\"https:\/\/20bet.cafe\/hu\/bonus\/first-deposit-casino\/#breadcrumb\"},\"inLanguage\":\"hu\",\"potentialAction\":[{\"@type\":\"ReadAction\",\"target\":[\"https:\/\/20bet.cafe\/hu\/bonus\/first-deposit-casino\/\"]}]},{\"@type\":\"BreadcrumbList\",\"@id\":\"https:\/\/20bet.cafe\/hu\/bonus\/first-deposit-casino\/#breadcrumb\",\"itemListElement\":[{\"@type\":\"ListItem\",\"position\":1,\"name\":\"Home\",\"item\":\"https:\/\/20bet.cafe\/hu\/\"},{\"@type\":\"ListItem\",\"position\":2,\"name\":\"B\u00f3nusz\",\"item\":\"https:\/\/20bet.cafe\/hu\/bonus\/\"},{\"@type\":\"ListItem\",\"position\":3,\"name\":\"Els\u0151 befizet\u00e9s kaszin\u00f3 b\u00f3nusz\"}]},{\"@type\":\"WebSite\",\"@id\":\"https:\/\/20bet.cafe\/hu\/#website\",\"url\":\"https:\/\/20bet.cafe\/hu\/\",\"name\":\"20Bet Cafe hu\",\"description\":\"My WordPress Blog\",\"potentialAction\":[{\"@type\":\"SearchAction\",\"target\":{\"@type\":\"EntryPoint\",\"urlTemplate\":\"https:\/\/20bet.cafe\/hu\/?s={search_term_string}\"},\"query-input\":{\"@type\":\"PropertyValueSpecification\",\"valueRequired\":true,\"valueName\":\"search_term_string\"}}],\"inLanguage\":\"hu\"}]}<\/script>\n<!-- \/ Yoast SEO plugin. -->","yoast_head_json":{"title":"20Bet Casino \u00fcdv\u00f6zl\u0151 b\u00f3nusz \u1409 100% az els\u0151 befizet\u00e9s ut\u00e1n","description":"Szerezzen 100% b\u00f3nuszt az els\u0151 befizet\u00e9s\u00e9n\u00e9l, maximum 47,000 HUF \u00e9rt\u00e9kben + 120 ingyenes p\u00f6rget\u00e9st a 20Bet Kaszin\u00f3ban! Tudja meg, hogyan lehet befizetni, \u00e9s vegye ig\u00e9nybe az \u00faj j\u00e1t\u00e9kosoknak sz\u00f3l\u00f3 exkluz\u00edv aj\u00e1nlatokat.","robots":{"index":"index","follow":"follow","max-snippet":"max-snippet:-1","max-image-preview":"max-image-preview:large","max-video-preview":"max-video-preview:-1"},"og_locale":"hu_HU","og_type":"article","og_title":"20Bet Casino \u00fcdv\u00f6zl\u0151 b\u00f3nusz \u1409 100% az els\u0151 befizet\u00e9s ut\u00e1n","og_description":"Szerezzen 100% b\u00f3nuszt az els\u0151 befizet\u00e9s\u00e9n\u00e9l, maximum 47,000 HUF \u00e9rt\u00e9kben + 120 ingyenes p\u00f6rget\u00e9st a 20Bet Kaszin\u00f3ban! Tudja meg, hogyan lehet befizetni, \u00e9s vegye ig\u00e9nybe az \u00faj j\u00e1t\u00e9kosoknak sz\u00f3l\u00f3 exkluz\u00edv aj\u00e1nlatokat.","og_url":"https:\/\/20bet.cafe\/hu\/bonus\/first-deposit-casino\/","og_site_name":"20Bet Cafe hu","article_modified_time":"2025-09-25T13:36:47+00:00","twitter_card":"summary_large_image","schema":{"@context":"https:\/\/schema.org","@graph":[{"@type":"WebPage","@id":"https:\/\/20bet.cafe\/hu\/bonus\/first-deposit-casino\/","url":"https:\/\/20bet.cafe\/hu\/bonus\/first-deposit-casino\/","name":"20Bet Casino \u00fcdv\u00f6zl\u0151 b\u00f3nusz \u1409 100% az els\u0151 befizet\u00e9s ut\u00e1n","isPartOf":{"@id":"https:\/\/20bet.cafe\/hu\/#website"},"datePublished":"2025-09-04T13:00:13+00:00","dateModified":"2025-09-25T13:36:47+00:00","description":"Szerezzen 100% b\u00f3nuszt az els\u0151 befizet\u00e9s\u00e9n\u00e9l, maximum 47,000 HUF \u00e9rt\u00e9kben + 120 ingyenes p\u00f6rget\u00e9st a 20Bet Kaszin\u00f3ban! Tudja meg, hogyan lehet befizetni, \u00e9s vegye ig\u00e9nybe az \u00faj j\u00e1t\u00e9kosoknak sz\u00f3l\u00f3 exkluz\u00edv aj\u00e1nlatokat.","breadcrumb":{"@id":"https:\/\/20bet.cafe\/hu\/bonus\/first-deposit-casino\/#breadcrumb"},"inLanguage":"hu","potentialAction":[{"@type":"ReadAction","target":["https:\/\/20bet.cafe\/hu\/bonus\/first-deposit-casino\/"]}]},{"@type":"BreadcrumbList","@id":"https:\/\/20bet.cafe\/hu\/bonus\/first-deposit-casino\/#breadcrumb","itemListElement":[{"@type":"ListItem","position":1,"name":"Home","item":"https:\/\/20bet.cafe\/hu\/"},{"@type":"ListItem","position":2,"name":"B\u00f3nusz","item":"https:\/\/20bet.cafe\/hu\/bonus\/"},{"@type":"ListItem","position":3,"name":"Els\u0151 befizet\u00e9s kaszin\u00f3 b\u00f3nusz"}]},{"@type":"WebSite","@id":"https:\/\/20bet.cafe\/hu\/#website","url":"https:\/\/20bet.cafe\/hu\/","name":"20Bet Cafe hu","description":"My WordPress Blog","potentialAction":[{"@type":"SearchAction","target":{"@type":"EntryPoint","urlTemplate":"https:\/\/20bet.cafe\/hu\/?s={search_term_string}"},"query-input":{"@type":"PropertyValueSpecification","valueRequired":true,"valueName":"search_term_string"}}],"inLanguage":"hu"}]}},"_links":{"self":[{"href":"https:\/\/20bet.cafe\/hu\/wp-json\/wp\/v2\/pages\/429","targetHints":{"allow":["GET"]}}],"collection":[{"href":"https:\/\/20bet.cafe\/hu\/wp-json\/wp\/v2\/pages"}],"about":[{"href":"https:\/\/20bet.cafe\/hu\/wp-json\/wp\/v2\/types\/page"}],"author":[{"embeddable":true,"href":"https:\/\/20bet.cafe\/hu\/wp-json\/wp\/v2\/users\/1"}],"replies":[{"embeddable":true,"href":"https:\/\/20bet.cafe\/hu\/wp-json\/wp\/v2\/comments?post=429"}],"version-history":[{"count":6,"href":"https:\/\/20bet.cafe\/hu\/wp-json\/wp\/v2\/pages\/429\/revisions"}],"predecessor-version":[{"id":498,"href":"https:\/\/20bet.cafe\/hu\/wp-json\/wp\/v2\/pages\/429\/revisions\/498"}],"up":[{"embeddable":true,"href":"https:\/\/20bet.cafe\/hu\/wp-json\/wp\/v2\/pages\/225"}],"wp:attachment":[{"href":"https:\/\/20bet.cafe\/hu\/wp-json\/wp\/v2\/media?parent=429"}],"curies":[{"name":"wp","href":"https:\/\/api.w.org\/{rel}","templated":true}]}}