{"id":441,"date":"2025-09-04T13:41:50","date_gmt":"2025-09-04T13:41:50","guid":{"rendered":"https:\/\/20bet.cafe\/hu\/?page_id=441"},"modified":"2025-10-18T19:15:54","modified_gmt":"2025-10-18T19:15:54","slug":"first-deposit-sport","status":"publish","type":"page","link":"https:\/\/20bet.cafe\/hu\/bonus\/first-deposit-sport\/","title":{"rendered":"Els\u0151 befizet\u00e9s sport b\u00f3nusz"},"content":{"rendered":"","protected":false},"excerpt":{"rendered":"","protected":false},"author":1,"featured_media":0,"parent":225,"menu_order":0,"comment_status":"closed","ping_status":"closed","template":"","meta":{"footnotes":""},"class_list":["post-441","page","type-page","status-publish","hentry"],"yoast_head":"<!-- This site is optimized with the Yoast SEO plugin v26.6 - https:\/\/yoast.com\/wordpress\/plugins\/seo\/ -->\n<title>20Bet Sports els\u0151 befizet\u00e9si b\u00f3nusz \u1409 Szerezzen 100% b\u00f3nuszt<\/title>\n<meta name=\"description\" content=\"Szerezzen 100% b\u00f3nuszt az els\u0151 befizet\u00e9s\u00e9re, maximum 40 000 HUF \u00e9rt\u00e9kben a 20Bet sportfogad\u00e1si oldal\u00e1n! Tudja meg, hogyan aktiv\u00e1lhatja az aj\u00e1nlatot, hogy elindulhasson a sportfogad\u00e1s vil\u00e1g\u00e1ban. Csatlakozzon \u00fatmutat\u00f3nkhoz, \u00e9s sok szerencs\u00e9t a fogad\u00e1sokhoz!\" \/>\n<meta name=\"robots\" content=\"index, follow, max-snippet:-1, max-image-preview:large, max-video-preview:-1\" \/>\n<meta property=\"og:locale\" content=\"hu_HU\" \/>\n<meta property=\"og:type\" content=\"article\" \/>\n<meta property=\"og:title\" content=\"20Bet Sports els\u0151 befizet\u00e9si b\u00f3nusz \u1409 Szerezzen 100% b\u00f3nuszt\" \/>\n<meta property=\"og:description\" content=\"Szerezzen 100% b\u00f3nuszt az els\u0151 befizet\u00e9s\u00e9re, maximum 40 000 HUF \u00e9rt\u00e9kben a 20Bet sportfogad\u00e1si oldal\u00e1n! Tudja meg, hogyan aktiv\u00e1lhatja az aj\u00e1nlatot, hogy elindulhasson a sportfogad\u00e1s vil\u00e1g\u00e1ban. Csatlakozzon \u00fatmutat\u00f3nkhoz, \u00e9s sok szerencs\u00e9t a fogad\u00e1sokhoz!\" \/>\n<meta property=\"og:url\" content=\"https:\/\/20bet.cafe\/hu\/bonus\/first-deposit-sport\/\" \/>\n<meta property=\"og:site_name\" content=\"20Bet Cafe hu\" \/>\n<meta property=\"article:modified_time\" content=\"2025-10-18T19:15:54+00:00\" \/>\n<meta name=\"twitter:card\" content=\"summary_large_image\" \/>\n<script type=\"application\/ld+json\" class=\"yoast-schema-graph\">{\"@context\":\"https:\/\/schema.org\",\"@graph\":[{\"@type\":\"WebPage\",\"@id\":\"https:\/\/20bet.cafe\/hu\/bonus\/first-deposit-sport\/\",\"url\":\"https:\/\/20bet.cafe\/hu\/bonus\/first-deposit-sport\/\",\"name\":\"20Bet Sports els\u0151 befizet\u00e9si b\u00f3nusz \u1409 Szerezzen 100% b\u00f3nuszt\",\"isPartOf\":{\"@id\":\"https:\/\/20bet.cafe\/hu\/#website\"},\"datePublished\":\"2025-09-04T13:41:50+00:00\",\"dateModified\":\"2025-10-18T19:15:54+00:00\",\"description\":\"Szerezzen 100% b\u00f3nuszt az els\u0151 befizet\u00e9s\u00e9re, maximum 40 000 HUF \u00e9rt\u00e9kben a 20Bet sportfogad\u00e1si oldal\u00e1n! Tudja meg, hogyan aktiv\u00e1lhatja az aj\u00e1nlatot, hogy elindulhasson a sportfogad\u00e1s vil\u00e1g\u00e1ban. Csatlakozzon \u00fatmutat\u00f3nkhoz, \u00e9s sok szerencs\u00e9t a fogad\u00e1sokhoz!\",\"breadcrumb\":{\"@id\":\"https:\/\/20bet.cafe\/hu\/bonus\/first-deposit-sport\/#breadcrumb\"},\"inLanguage\":\"hu\",\"potentialAction\":[{\"@type\":\"ReadAction\",\"target\":[\"https:\/\/20bet.cafe\/hu\/bonus\/first-deposit-sport\/\"]}]},{\"@type\":\"BreadcrumbList\",\"@id\":\"https:\/\/20bet.cafe\/hu\/bonus\/first-deposit-sport\/#breadcrumb\",\"itemListElement\":[{\"@type\":\"ListItem\",\"position\":1,\"name\":\"Home\",\"item\":\"https:\/\/20bet.cafe\/hu\/\"},{\"@type\":\"ListItem\",\"position\":2,\"name\":\"B\u00f3nusz\",\"item\":\"https:\/\/20bet.cafe\/hu\/bonus\/\"},{\"@type\":\"ListItem\",\"position\":3,\"name\":\"Els\u0151 befizet\u00e9s sport b\u00f3nusz\"}]},{\"@type\":\"WebSite\",\"@id\":\"https:\/\/20bet.cafe\/hu\/#website\",\"url\":\"https:\/\/20bet.cafe\/hu\/\",\"name\":\"20Bet Cafe hu\",\"description\":\"My WordPress Blog\",\"potentialAction\":[{\"@type\":\"SearchAction\",\"target\":{\"@type\":\"EntryPoint\",\"urlTemplate\":\"https:\/\/20bet.cafe\/hu\/?s={search_term_string}\"},\"query-input\":{\"@type\":\"PropertyValueSpecification\",\"valueRequired\":true,\"valueName\":\"search_term_string\"}}],\"inLanguage\":\"hu\"}]}<\/script>\n<!-- \/ Yoast SEO plugin. -->","yoast_head_json":{"title":"20Bet Sports els\u0151 befizet\u00e9si b\u00f3nusz \u1409 Szerezzen 100% b\u00f3nuszt","description":"Szerezzen 100% b\u00f3nuszt az els\u0151 befizet\u00e9s\u00e9re, maximum 40 000 HUF \u00e9rt\u00e9kben a 20Bet sportfogad\u00e1si oldal\u00e1n! Tudja meg, hogyan aktiv\u00e1lhatja az aj\u00e1nlatot, hogy elindulhasson a sportfogad\u00e1s vil\u00e1g\u00e1ban. Csatlakozzon \u00fatmutat\u00f3nkhoz, \u00e9s sok szerencs\u00e9t a fogad\u00e1sokhoz!","robots":{"index":"index","follow":"follow","max-snippet":"max-snippet:-1","max-image-preview":"max-image-preview:large","max-video-preview":"max-video-preview:-1"},"og_locale":"hu_HU","og_type":"article","og_title":"20Bet Sports els\u0151 befizet\u00e9si b\u00f3nusz \u1409 Szerezzen 100% b\u00f3nuszt","og_description":"Szerezzen 100% b\u00f3nuszt az els\u0151 befizet\u00e9s\u00e9re, maximum 40 000 HUF \u00e9rt\u00e9kben a 20Bet sportfogad\u00e1si oldal\u00e1n! Tudja meg, hogyan aktiv\u00e1lhatja az aj\u00e1nlatot, hogy elindulhasson a sportfogad\u00e1s vil\u00e1g\u00e1ban. Csatlakozzon \u00fatmutat\u00f3nkhoz, \u00e9s sok szerencs\u00e9t a fogad\u00e1sokhoz!","og_url":"https:\/\/20bet.cafe\/hu\/bonus\/first-deposit-sport\/","og_site_name":"20Bet Cafe hu","article_modified_time":"2025-10-18T19:15:54+00:00","twitter_card":"summary_large_image","schema":{"@context":"https:\/\/schema.org","@graph":[{"@type":"WebPage","@id":"https:\/\/20bet.cafe\/hu\/bonus\/first-deposit-sport\/","url":"https:\/\/20bet.cafe\/hu\/bonus\/first-deposit-sport\/","name":"20Bet Sports els\u0151 befizet\u00e9si b\u00f3nusz \u1409 Szerezzen 100% b\u00f3nuszt","isPartOf":{"@id":"https:\/\/20bet.cafe\/hu\/#website"},"datePublished":"2025-09-04T13:41:50+00:00","dateModified":"2025-10-18T19:15:54+00:00","description":"Szerezzen 100% b\u00f3nuszt az els\u0151 befizet\u00e9s\u00e9re, maximum 40 000 HUF \u00e9rt\u00e9kben a 20Bet sportfogad\u00e1si oldal\u00e1n! Tudja meg, hogyan aktiv\u00e1lhatja az aj\u00e1nlatot, hogy elindulhasson a sportfogad\u00e1s vil\u00e1g\u00e1ban. Csatlakozzon \u00fatmutat\u00f3nkhoz, \u00e9s sok szerencs\u00e9t a fogad\u00e1sokhoz!","breadcrumb":{"@id":"https:\/\/20bet.cafe\/hu\/bonus\/first-deposit-sport\/#breadcrumb"},"inLanguage":"hu","potentialAction":[{"@type":"ReadAction","target":["https:\/\/20bet.cafe\/hu\/bonus\/first-deposit-sport\/"]}]},{"@type":"BreadcrumbList","@id":"https:\/\/20bet.cafe\/hu\/bonus\/first-deposit-sport\/#breadcrumb","itemListElement":[{"@type":"ListItem","position":1,"name":"Home","item":"https:\/\/20bet.cafe\/hu\/"},{"@type":"ListItem","position":2,"name":"B\u00f3nusz","item":"https:\/\/20bet.cafe\/hu\/bonus\/"},{"@type":"ListItem","position":3,"name":"Els\u0151 befizet\u00e9s sport b\u00f3nusz"}]},{"@type":"WebSite","@id":"https:\/\/20bet.cafe\/hu\/#website","url":"https:\/\/20bet.cafe\/hu\/","name":"20Bet Cafe hu","description":"My WordPress Blog","potentialAction":[{"@type":"SearchAction","target":{"@type":"EntryPoint","urlTemplate":"https:\/\/20bet.cafe\/hu\/?s={search_term_string}"},"query-input":{"@type":"PropertyValueSpecification","valueRequired":true,"valueName":"search_term_string"}}],"inLanguage":"hu"}]}},"_links":{"self":[{"href":"https:\/\/20bet.cafe\/hu\/wp-json\/wp\/v2\/pages\/441","targetHints":{"allow":["GET"]}}],"collection":[{"href":"https:\/\/20bet.cafe\/hu\/wp-json\/wp\/v2\/pages"}],"about":[{"href":"https:\/\/20bet.cafe\/hu\/wp-json\/wp\/v2\/types\/page"}],"author":[{"embeddable":true,"href":"https:\/\/20bet.cafe\/hu\/wp-json\/wp\/v2\/users\/1"}],"replies":[{"embeddable":true,"href":"https:\/\/20bet.cafe\/hu\/wp-json\/wp\/v2\/comments?post=441"}],"version-history":[{"count":5,"href":"https:\/\/20bet.cafe\/hu\/wp-json\/wp\/v2\/pages\/441\/revisions"}],"predecessor-version":[{"id":493,"href":"https:\/\/20bet.cafe\/hu\/wp-json\/wp\/v2\/pages\/441\/revisions\/493"}],"up":[{"embeddable":true,"href":"https:\/\/20bet.cafe\/hu\/wp-json\/wp\/v2\/pages\/225"}],"wp:attachment":[{"href":"https:\/\/20bet.cafe\/hu\/wp-json\/wp\/v2\/media?parent=441"}],"curies":[{"name":"wp","href":"https:\/\/api.w.org\/{rel}","templated":true}]}}