{"id":225,"date":"2025-08-07T10:04:01","date_gmt":"2025-08-07T10:04:01","guid":{"rendered":"https:\/\/20bet.cafe\/sl\/?page_id=225"},"modified":"2025-10-19T13:52:22","modified_gmt":"2025-10-19T13:52:22","slug":"bonus","status":"publish","type":"page","link":"https:\/\/20bet.cafe\/sl\/bonus\/","title":{"rendered":"Bonus"},"content":{"rendered":"","protected":false},"excerpt":{"rendered":"","protected":false},"author":1,"featured_media":0,"parent":0,"menu_order":0,"comment_status":"closed","ping_status":"closed","template":"","meta":{"footnotes":""},"class_list":["post-225","page","type-page","status-publish","hentry"],"yoast_head":"<!-- This site is optimized with the Yoast SEO plugin v26.6 - https:\/\/yoast.com\/wordpress\/plugins\/seo\/ -->\n<title>Pridobite bonus 20Bet | Trenutne promocije in promocijske kode<\/title>\n<meta name=\"description\" content=\"Izvedite vse o bonusih 20Bet v letu 2025! Dobrodo\u0161le promocije, promocijske kode, brezpla\u010dne stave. Izkoristite ugodnosti in pove\u010dajte svoje mo\u017enosti za zmago!\" \/>\n<meta name=\"robots\" content=\"index, follow, max-snippet:-1, max-image-preview:large, max-video-preview:-1\" \/>\n<meta property=\"og:locale\" content=\"sl_SI\" \/>\n<meta property=\"og:type\" content=\"article\" \/>\n<meta property=\"og:title\" content=\"Pridobite bonus 20Bet | Trenutne promocije in promocijske kode\" \/>\n<meta property=\"og:description\" content=\"Izvedite vse o bonusih 20Bet v letu 2025! Dobrodo\u0161le promocije, promocijske kode, brezpla\u010dne stave. Izkoristite ugodnosti in pove\u010dajte svoje mo\u017enosti za zmago!\" \/>\n<meta property=\"og:url\" content=\"https:\/\/20bet.cafe\/sl\/bonus\/\" \/>\n<meta property=\"og:site_name\" content=\"20Bet Cafe sl\" \/>\n<meta property=\"article:modified_time\" content=\"2025-10-19T13:52:22+00:00\" \/>\n<meta name=\"twitter:card\" content=\"summary_large_image\" \/>\n<script type=\"application\/ld+json\" class=\"yoast-schema-graph\">{\"@context\":\"https:\/\/schema.org\",\"@graph\":[{\"@type\":\"WebPage\",\"@id\":\"https:\/\/20bet.cafe\/sl\/bonus\/\",\"url\":\"https:\/\/20bet.cafe\/sl\/bonus\/\",\"name\":\"Pridobite bonus 20Bet | Trenutne promocije in promocijske kode\",\"isPartOf\":{\"@id\":\"https:\/\/20bet.cafe\/sl\/#website\"},\"datePublished\":\"2025-08-07T10:04:01+00:00\",\"dateModified\":\"2025-10-19T13:52:22+00:00\",\"description\":\"Izvedite vse o bonusih 20Bet v letu 2025! Dobrodo\u0161le promocije, promocijske kode, brezpla\u010dne stave. Izkoristite ugodnosti in pove\u010dajte svoje mo\u017enosti za zmago!\",\"breadcrumb\":{\"@id\":\"https:\/\/20bet.cafe\/sl\/bonus\/#breadcrumb\"},\"inLanguage\":\"sl-SI\",\"potentialAction\":[{\"@type\":\"ReadAction\",\"target\":[\"https:\/\/20bet.cafe\/sl\/bonus\/\"]}]},{\"@type\":\"BreadcrumbList\",\"@id\":\"https:\/\/20bet.cafe\/sl\/bonus\/#breadcrumb\",\"itemListElement\":[{\"@type\":\"ListItem\",\"position\":1,\"name\":\"Home\",\"item\":\"https:\/\/20bet.cafe\/sl\/\"},{\"@type\":\"ListItem\",\"position\":2,\"name\":\"Bonus\"}]},{\"@type\":\"WebSite\",\"@id\":\"https:\/\/20bet.cafe\/sl\/#website\",\"url\":\"https:\/\/20bet.cafe\/sl\/\",\"name\":\"20Bet Cafe sl\",\"description\":\"My WordPress Blog\",\"potentialAction\":[{\"@type\":\"SearchAction\",\"target\":{\"@type\":\"EntryPoint\",\"urlTemplate\":\"https:\/\/20bet.cafe\/sl\/?s={search_term_string}\"},\"query-input\":{\"@type\":\"PropertyValueSpecification\",\"valueRequired\":true,\"valueName\":\"search_term_string\"}}],\"inLanguage\":\"sl-SI\"}]}<\/script>\n<!-- \/ Yoast SEO plugin. -->","yoast_head_json":{"title":"Pridobite bonus 20Bet | Trenutne promocije in promocijske kode","description":"Izvedite vse o bonusih 20Bet v letu 2025! Dobrodo\u0161le promocije, promocijske kode, brezpla\u010dne stave. Izkoristite ugodnosti in pove\u010dajte svoje mo\u017enosti za zmago!","robots":{"index":"index","follow":"follow","max-snippet":"max-snippet:-1","max-image-preview":"max-image-preview:large","max-video-preview":"max-video-preview:-1"},"og_locale":"sl_SI","og_type":"article","og_title":"Pridobite bonus 20Bet | Trenutne promocije in promocijske kode","og_description":"Izvedite vse o bonusih 20Bet v letu 2025! Dobrodo\u0161le promocije, promocijske kode, brezpla\u010dne stave. Izkoristite ugodnosti in pove\u010dajte svoje mo\u017enosti za zmago!","og_url":"https:\/\/20bet.cafe\/sl\/bonus\/","og_site_name":"20Bet Cafe sl","article_modified_time":"2025-10-19T13:52:22+00:00","twitter_card":"summary_large_image","schema":{"@context":"https:\/\/schema.org","@graph":[{"@type":"WebPage","@id":"https:\/\/20bet.cafe\/sl\/bonus\/","url":"https:\/\/20bet.cafe\/sl\/bonus\/","name":"Pridobite bonus 20Bet | Trenutne promocije in promocijske kode","isPartOf":{"@id":"https:\/\/20bet.cafe\/sl\/#website"},"datePublished":"2025-08-07T10:04:01+00:00","dateModified":"2025-10-19T13:52:22+00:00","description":"Izvedite vse o bonusih 20Bet v letu 2025! Dobrodo\u0161le promocije, promocijske kode, brezpla\u010dne stave. Izkoristite ugodnosti in pove\u010dajte svoje mo\u017enosti za zmago!","breadcrumb":{"@id":"https:\/\/20bet.cafe\/sl\/bonus\/#breadcrumb"},"inLanguage":"sl-SI","potentialAction":[{"@type":"ReadAction","target":["https:\/\/20bet.cafe\/sl\/bonus\/"]}]},{"@type":"BreadcrumbList","@id":"https:\/\/20bet.cafe\/sl\/bonus\/#breadcrumb","itemListElement":[{"@type":"ListItem","position":1,"name":"Home","item":"https:\/\/20bet.cafe\/sl\/"},{"@type":"ListItem","position":2,"name":"Bonus"}]},{"@type":"WebSite","@id":"https:\/\/20bet.cafe\/sl\/#website","url":"https:\/\/20bet.cafe\/sl\/","name":"20Bet Cafe sl","description":"My WordPress Blog","potentialAction":[{"@type":"SearchAction","target":{"@type":"EntryPoint","urlTemplate":"https:\/\/20bet.cafe\/sl\/?s={search_term_string}"},"query-input":{"@type":"PropertyValueSpecification","valueRequired":true,"valueName":"search_term_string"}}],"inLanguage":"sl-SI"}]}},"_links":{"self":[{"href":"https:\/\/20bet.cafe\/sl\/wp-json\/wp\/v2\/pages\/225","targetHints":{"allow":["GET"]}}],"collection":[{"href":"https:\/\/20bet.cafe\/sl\/wp-json\/wp\/v2\/pages"}],"about":[{"href":"https:\/\/20bet.cafe\/sl\/wp-json\/wp\/v2\/types\/page"}],"author":[{"embeddable":true,"href":"https:\/\/20bet.cafe\/sl\/wp-json\/wp\/v2\/users\/1"}],"replies":[{"embeddable":true,"href":"https:\/\/20bet.cafe\/sl\/wp-json\/wp\/v2\/comments?post=225"}],"version-history":[{"count":15,"href":"https:\/\/20bet.cafe\/sl\/wp-json\/wp\/v2\/pages\/225\/revisions"}],"predecessor-version":[{"id":511,"href":"https:\/\/20bet.cafe\/sl\/wp-json\/wp\/v2\/pages\/225\/revisions\/511"}],"wp:attachment":[{"href":"https:\/\/20bet.cafe\/sl\/wp-json\/wp\/v2\/media?parent=225"}],"curies":[{"name":"wp","href":"https:\/\/api.w.org\/{rel}","templated":true}]}}