{"id":279,"date":"2025-08-11T17:21:58","date_gmt":"2025-08-11T17:21:58","guid":{"rendered":"https:\/\/20bet.cafe\/sl\/?page_id=279"},"modified":"2025-10-19T12:49:13","modified_gmt":"2025-10-19T12:49:13","slug":"sport","status":"publish","type":"page","link":"https:\/\/20bet.cafe\/sl\/sport\/","title":{"rendered":"\u0160port"},"content":{"rendered":"","protected":false},"excerpt":{"rendered":"","protected":false},"author":1,"featured_media":0,"parent":0,"menu_order":0,"comment_status":"closed","ping_status":"closed","template":"","meta":{"footnotes":""},"class_list":["post-279","page","type-page","status-publish","hentry"],"yoast_head":"<!-- This site is optimized with the Yoast SEO plugin v26.6 - https:\/\/yoast.com\/wordpress\/plugins\/seo\/ -->\n<title>20Bet \u0161portne stave | Napovedujte \u0161portne dogodke<\/title>\n<meta name=\"description\" content=\"Odkrijte \u0161portne stave z 20Bet \u2013 napovedujte \u0161portne rezultate, osvojite bonuse in u\u017eivajte v napetih tekmah na spletni strani ali v aplikaciji!\" \/>\n<meta name=\"robots\" content=\"index, follow, max-snippet:-1, max-image-preview:large, max-video-preview:-1\" \/>\n<meta property=\"og:locale\" content=\"sl_SI\" \/>\n<meta property=\"og:type\" content=\"article\" \/>\n<meta property=\"og:title\" content=\"20Bet \u0161portne stave | Napovedujte \u0161portne dogodke\" \/>\n<meta property=\"og:description\" content=\"Odkrijte \u0161portne stave z 20Bet \u2013 napovedujte \u0161portne rezultate, osvojite bonuse in u\u017eivajte v napetih tekmah na spletni strani ali v aplikaciji!\" \/>\n<meta property=\"og:url\" content=\"https:\/\/20bet.cafe\/sl\/sport\/\" \/>\n<meta property=\"og:site_name\" content=\"20Bet Cafe sl\" \/>\n<meta property=\"article:modified_time\" content=\"2025-10-19T12:49:13+00:00\" \/>\n<meta name=\"twitter:card\" content=\"summary_large_image\" \/>\n<script type=\"application\/ld+json\" class=\"yoast-schema-graph\">{\"@context\":\"https:\/\/schema.org\",\"@graph\":[{\"@type\":\"WebPage\",\"@id\":\"https:\/\/20bet.cafe\/sl\/sport\/\",\"url\":\"https:\/\/20bet.cafe\/sl\/sport\/\",\"name\":\"20Bet \u0161portne stave | Napovedujte \u0161portne dogodke\",\"isPartOf\":{\"@id\":\"https:\/\/20bet.cafe\/sl\/#website\"},\"datePublished\":\"2025-08-11T17:21:58+00:00\",\"dateModified\":\"2025-10-19T12:49:13+00:00\",\"description\":\"Odkrijte \u0161portne stave z 20Bet \u2013 napovedujte \u0161portne rezultate, osvojite bonuse in u\u017eivajte v napetih tekmah na spletni strani ali v aplikaciji!\",\"breadcrumb\":{\"@id\":\"https:\/\/20bet.cafe\/sl\/sport\/#breadcrumb\"},\"inLanguage\":\"sl-SI\",\"potentialAction\":[{\"@type\":\"ReadAction\",\"target\":[\"https:\/\/20bet.cafe\/sl\/sport\/\"]}]},{\"@type\":\"BreadcrumbList\",\"@id\":\"https:\/\/20bet.cafe\/sl\/sport\/#breadcrumb\",\"itemListElement\":[{\"@type\":\"ListItem\",\"position\":1,\"name\":\"Home\",\"item\":\"https:\/\/20bet.cafe\/sl\/\"},{\"@type\":\"ListItem\",\"position\":2,\"name\":\"\u0160port\"}]},{\"@type\":\"WebSite\",\"@id\":\"https:\/\/20bet.cafe\/sl\/#website\",\"url\":\"https:\/\/20bet.cafe\/sl\/\",\"name\":\"20Bet Cafe sl\",\"description\":\"My WordPress Blog\",\"potentialAction\":[{\"@type\":\"SearchAction\",\"target\":{\"@type\":\"EntryPoint\",\"urlTemplate\":\"https:\/\/20bet.cafe\/sl\/?s={search_term_string}\"},\"query-input\":{\"@type\":\"PropertyValueSpecification\",\"valueRequired\":true,\"valueName\":\"search_term_string\"}}],\"inLanguage\":\"sl-SI\"}]}<\/script>\n<!-- \/ Yoast SEO plugin. -->","yoast_head_json":{"title":"20Bet \u0161portne stave | Napovedujte \u0161portne dogodke","description":"Odkrijte \u0161portne stave z 20Bet \u2013 napovedujte \u0161portne rezultate, osvojite bonuse in u\u017eivajte v napetih tekmah na spletni strani ali v aplikaciji!","robots":{"index":"index","follow":"follow","max-snippet":"max-snippet:-1","max-image-preview":"max-image-preview:large","max-video-preview":"max-video-preview:-1"},"og_locale":"sl_SI","og_type":"article","og_title":"20Bet \u0161portne stave | Napovedujte \u0161portne dogodke","og_description":"Odkrijte \u0161portne stave z 20Bet \u2013 napovedujte \u0161portne rezultate, osvojite bonuse in u\u017eivajte v napetih tekmah na spletni strani ali v aplikaciji!","og_url":"https:\/\/20bet.cafe\/sl\/sport\/","og_site_name":"20Bet Cafe sl","article_modified_time":"2025-10-19T12:49:13+00:00","twitter_card":"summary_large_image","schema":{"@context":"https:\/\/schema.org","@graph":[{"@type":"WebPage","@id":"https:\/\/20bet.cafe\/sl\/sport\/","url":"https:\/\/20bet.cafe\/sl\/sport\/","name":"20Bet \u0161portne stave | Napovedujte \u0161portne dogodke","isPartOf":{"@id":"https:\/\/20bet.cafe\/sl\/#website"},"datePublished":"2025-08-11T17:21:58+00:00","dateModified":"2025-10-19T12:49:13+00:00","description":"Odkrijte \u0161portne stave z 20Bet \u2013 napovedujte \u0161portne rezultate, osvojite bonuse in u\u017eivajte v napetih tekmah na spletni strani ali v aplikaciji!","breadcrumb":{"@id":"https:\/\/20bet.cafe\/sl\/sport\/#breadcrumb"},"inLanguage":"sl-SI","potentialAction":[{"@type":"ReadAction","target":["https:\/\/20bet.cafe\/sl\/sport\/"]}]},{"@type":"BreadcrumbList","@id":"https:\/\/20bet.cafe\/sl\/sport\/#breadcrumb","itemListElement":[{"@type":"ListItem","position":1,"name":"Home","item":"https:\/\/20bet.cafe\/sl\/"},{"@type":"ListItem","position":2,"name":"\u0160port"}]},{"@type":"WebSite","@id":"https:\/\/20bet.cafe\/sl\/#website","url":"https:\/\/20bet.cafe\/sl\/","name":"20Bet Cafe sl","description":"My WordPress Blog","potentialAction":[{"@type":"SearchAction","target":{"@type":"EntryPoint","urlTemplate":"https:\/\/20bet.cafe\/sl\/?s={search_term_string}"},"query-input":{"@type":"PropertyValueSpecification","valueRequired":true,"valueName":"search_term_string"}}],"inLanguage":"sl-SI"}]}},"_links":{"self":[{"href":"https:\/\/20bet.cafe\/sl\/wp-json\/wp\/v2\/pages\/279","targetHints":{"allow":["GET"]}}],"collection":[{"href":"https:\/\/20bet.cafe\/sl\/wp-json\/wp\/v2\/pages"}],"about":[{"href":"https:\/\/20bet.cafe\/sl\/wp-json\/wp\/v2\/types\/page"}],"author":[{"embeddable":true,"href":"https:\/\/20bet.cafe\/sl\/wp-json\/wp\/v2\/users\/1"}],"replies":[{"embeddable":true,"href":"https:\/\/20bet.cafe\/sl\/wp-json\/wp\/v2\/comments?post=279"}],"version-history":[{"count":9,"href":"https:\/\/20bet.cafe\/sl\/wp-json\/wp\/v2\/pages\/279\/revisions"}],"predecessor-version":[{"id":505,"href":"https:\/\/20bet.cafe\/sl\/wp-json\/wp\/v2\/pages\/279\/revisions\/505"}],"wp:attachment":[{"href":"https:\/\/20bet.cafe\/sl\/wp-json\/wp\/v2\/media?parent=279"}],"curies":[{"name":"wp","href":"https:\/\/api.w.org\/{rel}","templated":true}]}}