{"id":441,"date":"2025-09-04T13:41:50","date_gmt":"2025-09-04T13:41:50","guid":{"rendered":"https:\/\/20bet.cafe\/sl\/?page_id=441"},"modified":"2025-09-28T18:19:43","modified_gmt":"2025-09-28T18:19:43","slug":"first-deposit-sport","status":"publish","type":"page","link":"https:\/\/20bet.cafe\/sl\/bonus\/first-deposit-sport\/","title":{"rendered":"Prvi depozit \u0161portni bonus"},"content":{"rendered":"","protected":false},"excerpt":{"rendered":"","protected":false},"author":1,"featured_media":0,"parent":225,"menu_order":0,"comment_status":"closed","ping_status":"closed","template":"","meta":{"footnotes":""},"class_list":["post-441","page","type-page","status-publish","hentry"],"yoast_head":"<!-- This site is optimized with the Yoast SEO plugin v26.6 - https:\/\/yoast.com\/wordpress\/plugins\/seo\/ -->\n<title>20Bet Sports bonus za prvi depozit \u1409 Prejmi 100 % do 100 \u20ac!<\/title>\n<meta name=\"description\" content=\"Prejmite 100 % bonus na svoj prvi depozit do 100 \u20ac na 20Bet za \u0161portne stave! Izvedite, kako aktivirati ponudbo, da za\u010dnete svojo pot v svetu \u0161portnih stav. Pridru\u017eite se na\u0161emu vodniku in veliko sre\u010de pri stavah!\" \/>\n<meta name=\"robots\" content=\"index, follow, max-snippet:-1, max-image-preview:large, max-video-preview:-1\" \/>\n<meta property=\"og:locale\" content=\"sl_SI\" \/>\n<meta property=\"og:type\" content=\"article\" \/>\n<meta property=\"og:title\" content=\"20Bet Sports bonus za prvi depozit \u1409 Prejmi 100 % do 100 \u20ac!\" \/>\n<meta property=\"og:description\" content=\"Prejmite 100 % bonus na svoj prvi depozit do 100 \u20ac na 20Bet za \u0161portne stave! Izvedite, kako aktivirati ponudbo, da za\u010dnete svojo pot v svetu \u0161portnih stav. Pridru\u017eite se na\u0161emu vodniku in veliko sre\u010de pri stavah!\" \/>\n<meta property=\"og:url\" content=\"https:\/\/20bet.cafe\/sl\/bonus\/first-deposit-sport\/\" \/>\n<meta property=\"og:site_name\" content=\"20Bet Cafe sl\" \/>\n<meta property=\"article:modified_time\" content=\"2025-09-28T18:19:43+00:00\" \/>\n<meta name=\"twitter:card\" content=\"summary_large_image\" \/>\n<script type=\"application\/ld+json\" class=\"yoast-schema-graph\">{\"@context\":\"https:\/\/schema.org\",\"@graph\":[{\"@type\":\"WebPage\",\"@id\":\"https:\/\/20bet.cafe\/sl\/bonus\/first-deposit-sport\/\",\"url\":\"https:\/\/20bet.cafe\/sl\/bonus\/first-deposit-sport\/\",\"name\":\"20Bet Sports bonus za prvi depozit \u1409 Prejmi 100 % do 100 \u20ac!\",\"isPartOf\":{\"@id\":\"https:\/\/20bet.cafe\/sl\/#website\"},\"datePublished\":\"2025-09-04T13:41:50+00:00\",\"dateModified\":\"2025-09-28T18:19:43+00:00\",\"description\":\"Prejmite 100 % bonus na svoj prvi depozit do 100 \u20ac na 20Bet za \u0161portne stave! Izvedite, kako aktivirati ponudbo, da za\u010dnete svojo pot v svetu \u0161portnih stav. Pridru\u017eite se na\u0161emu vodniku in veliko sre\u010de pri stavah!\",\"breadcrumb\":{\"@id\":\"https:\/\/20bet.cafe\/sl\/bonus\/first-deposit-sport\/#breadcrumb\"},\"inLanguage\":\"sl-SI\",\"potentialAction\":[{\"@type\":\"ReadAction\",\"target\":[\"https:\/\/20bet.cafe\/sl\/bonus\/first-deposit-sport\/\"]}]},{\"@type\":\"BreadcrumbList\",\"@id\":\"https:\/\/20bet.cafe\/sl\/bonus\/first-deposit-sport\/#breadcrumb\",\"itemListElement\":[{\"@type\":\"ListItem\",\"position\":1,\"name\":\"Home\",\"item\":\"https:\/\/20bet.cafe\/sl\/\"},{\"@type\":\"ListItem\",\"position\":2,\"name\":\"Bonus\",\"item\":\"https:\/\/20bet.cafe\/sl\/bonus\/\"},{\"@type\":\"ListItem\",\"position\":3,\"name\":\"Prvi depozit \u0161portni bonus\"}]},{\"@type\":\"WebSite\",\"@id\":\"https:\/\/20bet.cafe\/sl\/#website\",\"url\":\"https:\/\/20bet.cafe\/sl\/\",\"name\":\"20Bet Cafe sl\",\"description\":\"My WordPress Blog\",\"potentialAction\":[{\"@type\":\"SearchAction\",\"target\":{\"@type\":\"EntryPoint\",\"urlTemplate\":\"https:\/\/20bet.cafe\/sl\/?s={search_term_string}\"},\"query-input\":{\"@type\":\"PropertyValueSpecification\",\"valueRequired\":true,\"valueName\":\"search_term_string\"}}],\"inLanguage\":\"sl-SI\"}]}<\/script>\n<!-- \/ Yoast SEO plugin. -->","yoast_head_json":{"title":"20Bet Sports bonus za prvi depozit \u1409 Prejmi 100 % do 100 \u20ac!","description":"Prejmite 100 % bonus na svoj prvi depozit do 100 \u20ac na 20Bet za \u0161portne stave! Izvedite, kako aktivirati ponudbo, da za\u010dnete svojo pot v svetu \u0161portnih stav. Pridru\u017eite se na\u0161emu vodniku in veliko sre\u010de pri stavah!","robots":{"index":"index","follow":"follow","max-snippet":"max-snippet:-1","max-image-preview":"max-image-preview:large","max-video-preview":"max-video-preview:-1"},"og_locale":"sl_SI","og_type":"article","og_title":"20Bet Sports bonus za prvi depozit \u1409 Prejmi 100 % do 100 \u20ac!","og_description":"Prejmite 100 % bonus na svoj prvi depozit do 100 \u20ac na 20Bet za \u0161portne stave! Izvedite, kako aktivirati ponudbo, da za\u010dnete svojo pot v svetu \u0161portnih stav. Pridru\u017eite se na\u0161emu vodniku in veliko sre\u010de pri stavah!","og_url":"https:\/\/20bet.cafe\/sl\/bonus\/first-deposit-sport\/","og_site_name":"20Bet Cafe sl","article_modified_time":"2025-09-28T18:19:43+00:00","twitter_card":"summary_large_image","schema":{"@context":"https:\/\/schema.org","@graph":[{"@type":"WebPage","@id":"https:\/\/20bet.cafe\/sl\/bonus\/first-deposit-sport\/","url":"https:\/\/20bet.cafe\/sl\/bonus\/first-deposit-sport\/","name":"20Bet Sports bonus za prvi depozit \u1409 Prejmi 100 % do 100 \u20ac!","isPartOf":{"@id":"https:\/\/20bet.cafe\/sl\/#website"},"datePublished":"2025-09-04T13:41:50+00:00","dateModified":"2025-09-28T18:19:43+00:00","description":"Prejmite 100 % bonus na svoj prvi depozit do 100 \u20ac na 20Bet za \u0161portne stave! Izvedite, kako aktivirati ponudbo, da za\u010dnete svojo pot v svetu \u0161portnih stav. Pridru\u017eite se na\u0161emu vodniku in veliko sre\u010de pri stavah!","breadcrumb":{"@id":"https:\/\/20bet.cafe\/sl\/bonus\/first-deposit-sport\/#breadcrumb"},"inLanguage":"sl-SI","potentialAction":[{"@type":"ReadAction","target":["https:\/\/20bet.cafe\/sl\/bonus\/first-deposit-sport\/"]}]},{"@type":"BreadcrumbList","@id":"https:\/\/20bet.cafe\/sl\/bonus\/first-deposit-sport\/#breadcrumb","itemListElement":[{"@type":"ListItem","position":1,"name":"Home","item":"https:\/\/20bet.cafe\/sl\/"},{"@type":"ListItem","position":2,"name":"Bonus","item":"https:\/\/20bet.cafe\/sl\/bonus\/"},{"@type":"ListItem","position":3,"name":"Prvi depozit \u0161portni bonus"}]},{"@type":"WebSite","@id":"https:\/\/20bet.cafe\/sl\/#website","url":"https:\/\/20bet.cafe\/sl\/","name":"20Bet Cafe sl","description":"My WordPress Blog","potentialAction":[{"@type":"SearchAction","target":{"@type":"EntryPoint","urlTemplate":"https:\/\/20bet.cafe\/sl\/?s={search_term_string}"},"query-input":{"@type":"PropertyValueSpecification","valueRequired":true,"valueName":"search_term_string"}}],"inLanguage":"sl-SI"}]}},"_links":{"self":[{"href":"https:\/\/20bet.cafe\/sl\/wp-json\/wp\/v2\/pages\/441","targetHints":{"allow":["GET"]}}],"collection":[{"href":"https:\/\/20bet.cafe\/sl\/wp-json\/wp\/v2\/pages"}],"about":[{"href":"https:\/\/20bet.cafe\/sl\/wp-json\/wp\/v2\/types\/page"}],"author":[{"embeddable":true,"href":"https:\/\/20bet.cafe\/sl\/wp-json\/wp\/v2\/users\/1"}],"replies":[{"embeddable":true,"href":"https:\/\/20bet.cafe\/sl\/wp-json\/wp\/v2\/comments?post=441"}],"version-history":[{"count":5,"href":"https:\/\/20bet.cafe\/sl\/wp-json\/wp\/v2\/pages\/441\/revisions"}],"predecessor-version":[{"id":492,"href":"https:\/\/20bet.cafe\/sl\/wp-json\/wp\/v2\/pages\/441\/revisions\/492"}],"up":[{"embeddable":true,"href":"https:\/\/20bet.cafe\/sl\/wp-json\/wp\/v2\/pages\/225"}],"wp:attachment":[{"href":"https:\/\/20bet.cafe\/sl\/wp-json\/wp\/v2\/media?parent=441"}],"curies":[{"name":"wp","href":"https:\/\/api.w.org\/{rel}","templated":true}]}}