{"id":448,"date":"2025-09-04T14:22:49","date_gmt":"2025-09-04T14:22:49","guid":{"rendered":"https:\/\/20bet.cafe\/sl\/?page_id=448"},"modified":"2025-10-19T12:44:04","modified_gmt":"2025-10-19T12:44:04","slug":"saturday-reload","status":"publish","type":"page","link":"https:\/\/20bet.cafe\/sl\/bonus\/saturday-reload\/","title":{"rendered":"Sobotno polnjenje"},"content":{"rendered":"","protected":false},"excerpt":{"rendered":"","protected":false},"author":1,"featured_media":0,"parent":225,"menu_order":0,"comment_status":"closed","ping_status":"closed","template":"","meta":{"footnotes":""},"class_list":["post-448","page","type-page","status-publish","hentry"],"yoast_head":"<!-- This site is optimized with the Yoast SEO plugin v26.6 - https:\/\/yoast.com\/wordpress\/plugins\/seo\/ -->\n<title>20Bet Sobotni \u0161portni bonus za ponovno polnjenje \u1409 100 %<\/title>\n<meta name=\"description\" content=\"Vsako soboto na 20Bet prejmite 100 % bonus za ponovno polnjenje na va\u0161 depozit! Izvedite, kako aktivirati ponudbo in pove\u010dati svoje mo\u017enosti za zmago pri \u0161portnih stavah.\" \/>\n<meta name=\"robots\" content=\"index, follow, max-snippet:-1, max-image-preview:large, max-video-preview:-1\" \/>\n<meta property=\"og:locale\" content=\"sl_SI\" \/>\n<meta property=\"og:type\" content=\"article\" \/>\n<meta property=\"og:title\" content=\"20Bet Sobotni \u0161portni bonus za ponovno polnjenje \u1409 100 %\" \/>\n<meta property=\"og:description\" content=\"Vsako soboto na 20Bet prejmite 100 % bonus za ponovno polnjenje na va\u0161 depozit! Izvedite, kako aktivirati ponudbo in pove\u010dati svoje mo\u017enosti za zmago pri \u0161portnih stavah.\" \/>\n<meta property=\"og:url\" content=\"https:\/\/20bet.cafe\/sl\/bonus\/saturday-reload\/\" \/>\n<meta property=\"og:site_name\" content=\"20Bet Cafe sl\" \/>\n<meta property=\"article:modified_time\" content=\"2025-10-19T12:44:04+00:00\" \/>\n<meta name=\"twitter:card\" content=\"summary_large_image\" \/>\n<script type=\"application\/ld+json\" class=\"yoast-schema-graph\">{\"@context\":\"https:\/\/schema.org\",\"@graph\":[{\"@type\":\"WebPage\",\"@id\":\"https:\/\/20bet.cafe\/sl\/bonus\/saturday-reload\/\",\"url\":\"https:\/\/20bet.cafe\/sl\/bonus\/saturday-reload\/\",\"name\":\"20Bet Sobotni \u0161portni bonus za ponovno polnjenje \u1409 100 %\",\"isPartOf\":{\"@id\":\"https:\/\/20bet.cafe\/sl\/#website\"},\"datePublished\":\"2025-09-04T14:22:49+00:00\",\"dateModified\":\"2025-10-19T12:44:04+00:00\",\"description\":\"Vsako soboto na 20Bet prejmite 100 % bonus za ponovno polnjenje na va\u0161 depozit! Izvedite, kako aktivirati ponudbo in pove\u010dati svoje mo\u017enosti za zmago pri \u0161portnih stavah.\",\"breadcrumb\":{\"@id\":\"https:\/\/20bet.cafe\/sl\/bonus\/saturday-reload\/#breadcrumb\"},\"inLanguage\":\"sl-SI\",\"potentialAction\":[{\"@type\":\"ReadAction\",\"target\":[\"https:\/\/20bet.cafe\/sl\/bonus\/saturday-reload\/\"]}]},{\"@type\":\"BreadcrumbList\",\"@id\":\"https:\/\/20bet.cafe\/sl\/bonus\/saturday-reload\/#breadcrumb\",\"itemListElement\":[{\"@type\":\"ListItem\",\"position\":1,\"name\":\"Home\",\"item\":\"https:\/\/20bet.cafe\/sl\/\"},{\"@type\":\"ListItem\",\"position\":2,\"name\":\"Bonus\",\"item\":\"https:\/\/20bet.cafe\/sl\/bonus\/\"},{\"@type\":\"ListItem\",\"position\":3,\"name\":\"Sobotno polnjenje\"}]},{\"@type\":\"WebSite\",\"@id\":\"https:\/\/20bet.cafe\/sl\/#website\",\"url\":\"https:\/\/20bet.cafe\/sl\/\",\"name\":\"20Bet Cafe sl\",\"description\":\"My WordPress Blog\",\"potentialAction\":[{\"@type\":\"SearchAction\",\"target\":{\"@type\":\"EntryPoint\",\"urlTemplate\":\"https:\/\/20bet.cafe\/sl\/?s={search_term_string}\"},\"query-input\":{\"@type\":\"PropertyValueSpecification\",\"valueRequired\":true,\"valueName\":\"search_term_string\"}}],\"inLanguage\":\"sl-SI\"}]}<\/script>\n<!-- \/ Yoast SEO plugin. -->","yoast_head_json":{"title":"20Bet Sobotni \u0161portni bonus za ponovno polnjenje \u1409 100 %","description":"Vsako soboto na 20Bet prejmite 100 % bonus za ponovno polnjenje na va\u0161 depozit! Izvedite, kako aktivirati ponudbo in pove\u010dati svoje mo\u017enosti za zmago pri \u0161portnih stavah.","robots":{"index":"index","follow":"follow","max-snippet":"max-snippet:-1","max-image-preview":"max-image-preview:large","max-video-preview":"max-video-preview:-1"},"og_locale":"sl_SI","og_type":"article","og_title":"20Bet Sobotni \u0161portni bonus za ponovno polnjenje \u1409 100 %","og_description":"Vsako soboto na 20Bet prejmite 100 % bonus za ponovno polnjenje na va\u0161 depozit! Izvedite, kako aktivirati ponudbo in pove\u010dati svoje mo\u017enosti za zmago pri \u0161portnih stavah.","og_url":"https:\/\/20bet.cafe\/sl\/bonus\/saturday-reload\/","og_site_name":"20Bet Cafe sl","article_modified_time":"2025-10-19T12:44:04+00:00","twitter_card":"summary_large_image","schema":{"@context":"https:\/\/schema.org","@graph":[{"@type":"WebPage","@id":"https:\/\/20bet.cafe\/sl\/bonus\/saturday-reload\/","url":"https:\/\/20bet.cafe\/sl\/bonus\/saturday-reload\/","name":"20Bet Sobotni \u0161portni bonus za ponovno polnjenje \u1409 100 %","isPartOf":{"@id":"https:\/\/20bet.cafe\/sl\/#website"},"datePublished":"2025-09-04T14:22:49+00:00","dateModified":"2025-10-19T12:44:04+00:00","description":"Vsako soboto na 20Bet prejmite 100 % bonus za ponovno polnjenje na va\u0161 depozit! Izvedite, kako aktivirati ponudbo in pove\u010dati svoje mo\u017enosti za zmago pri \u0161portnih stavah.","breadcrumb":{"@id":"https:\/\/20bet.cafe\/sl\/bonus\/saturday-reload\/#breadcrumb"},"inLanguage":"sl-SI","potentialAction":[{"@type":"ReadAction","target":["https:\/\/20bet.cafe\/sl\/bonus\/saturday-reload\/"]}]},{"@type":"BreadcrumbList","@id":"https:\/\/20bet.cafe\/sl\/bonus\/saturday-reload\/#breadcrumb","itemListElement":[{"@type":"ListItem","position":1,"name":"Home","item":"https:\/\/20bet.cafe\/sl\/"},{"@type":"ListItem","position":2,"name":"Bonus","item":"https:\/\/20bet.cafe\/sl\/bonus\/"},{"@type":"ListItem","position":3,"name":"Sobotno polnjenje"}]},{"@type":"WebSite","@id":"https:\/\/20bet.cafe\/sl\/#website","url":"https:\/\/20bet.cafe\/sl\/","name":"20Bet Cafe sl","description":"My WordPress Blog","potentialAction":[{"@type":"SearchAction","target":{"@type":"EntryPoint","urlTemplate":"https:\/\/20bet.cafe\/sl\/?s={search_term_string}"},"query-input":{"@type":"PropertyValueSpecification","valueRequired":true,"valueName":"search_term_string"}}],"inLanguage":"sl-SI"}]}},"_links":{"self":[{"href":"https:\/\/20bet.cafe\/sl\/wp-json\/wp\/v2\/pages\/448","targetHints":{"allow":["GET"]}}],"collection":[{"href":"https:\/\/20bet.cafe\/sl\/wp-json\/wp\/v2\/pages"}],"about":[{"href":"https:\/\/20bet.cafe\/sl\/wp-json\/wp\/v2\/types\/page"}],"author":[{"embeddable":true,"href":"https:\/\/20bet.cafe\/sl\/wp-json\/wp\/v2\/users\/1"}],"replies":[{"embeddable":true,"href":"https:\/\/20bet.cafe\/sl\/wp-json\/wp\/v2\/comments?post=448"}],"version-history":[{"count":5,"href":"https:\/\/20bet.cafe\/sl\/wp-json\/wp\/v2\/pages\/448\/revisions"}],"predecessor-version":[{"id":496,"href":"https:\/\/20bet.cafe\/sl\/wp-json\/wp\/v2\/pages\/448\/revisions\/496"}],"up":[{"embeddable":true,"href":"https:\/\/20bet.cafe\/sl\/wp-json\/wp\/v2\/pages\/225"}],"wp:attachment":[{"href":"https:\/\/20bet.cafe\/sl\/wp-json\/wp\/v2\/media?parent=448"}],"curies":[{"name":"wp","href":"https:\/\/api.w.org\/{rel}","templated":true}]}}