{"id":189,"date":"2025-08-05T07:28:59","date_gmt":"2025-08-05T07:28:59","guid":{"rendered":"https:\/\/20bet.cafe\/sq\/?page_id=189"},"modified":"2025-10-06T08:03:30","modified_gmt":"2025-10-06T08:03:30","slug":"casino","status":"publish","type":"page","link":"https:\/\/20bet.cafe\/sq\/casino\/","title":{"rendered":"Kazino"},"content":{"rendered":"","protected":false},"excerpt":{"rendered":"","protected":false},"author":1,"featured_media":0,"parent":0,"menu_order":0,"comment_status":"closed","ping_status":"closed","template":"","meta":{"footnotes":""},"class_list":["post-189","page","type-page","status-publish","hentry"],"yoast_head":"<!-- This site is optimized with the Yoast SEO plugin v26.6 - https:\/\/yoast.com\/wordpress\/plugins\/seo\/ -->\n<title>Kazinoja 20Bet | Loj\u00ebra bixhozi online dhe emocione t\u00eb gjalla<\/title>\n<meta name=\"description\" content=\"Duke k\u00ebrkuar emocione dhe emocione n\u00eb loj\u00ebrat e fatit online? Shikoni vler\u00ebsimin ton\u00eb t\u00eb 20Bet Casino: zbuloni loj\u00ebrat m\u00eb t\u00eb mira me slote dhe loj\u00ebrat e tavolin\u00ebs.\" \/>\n<meta name=\"robots\" content=\"index, follow, max-snippet:-1, max-image-preview:large, max-video-preview:-1\" \/>\n<meta property=\"og:locale\" content=\"sq_AL\" \/>\n<meta property=\"og:type\" content=\"article\" \/>\n<meta property=\"og:title\" content=\"Kazinoja 20Bet | Loj\u00ebra bixhozi online dhe emocione t\u00eb gjalla\" \/>\n<meta property=\"og:description\" content=\"Duke k\u00ebrkuar emocione dhe emocione n\u00eb loj\u00ebrat e fatit online? Shikoni vler\u00ebsimin ton\u00eb t\u00eb 20Bet Casino: zbuloni loj\u00ebrat m\u00eb t\u00eb mira me slote dhe loj\u00ebrat e tavolin\u00ebs.\" \/>\n<meta property=\"og:url\" content=\"https:\/\/20bet.cafe\/sq\/casino\/\" \/>\n<meta property=\"og:site_name\" content=\"20bet Cafe sq\" \/>\n<meta property=\"article:modified_time\" content=\"2025-10-06T08:03:30+00:00\" \/>\n<meta name=\"twitter:card\" content=\"summary_large_image\" \/>\n<script type=\"application\/ld+json\" class=\"yoast-schema-graph\">{\"@context\":\"https:\/\/schema.org\",\"@graph\":[{\"@type\":\"WebPage\",\"@id\":\"https:\/\/20bet.cafe\/sq\/casino\/\",\"url\":\"https:\/\/20bet.cafe\/sq\/casino\/\",\"name\":\"Kazinoja 20Bet | Loj\u00ebra bixhozi online dhe emocione t\u00eb gjalla\",\"isPartOf\":{\"@id\":\"https:\/\/20bet.cafe\/sq\/#website\"},\"datePublished\":\"2025-08-05T07:28:59+00:00\",\"dateModified\":\"2025-10-06T08:03:30+00:00\",\"description\":\"Duke k\u00ebrkuar emocione dhe emocione n\u00eb loj\u00ebrat e fatit online? Shikoni vler\u00ebsimin ton\u00eb t\u00eb 20Bet Casino: zbuloni loj\u00ebrat m\u00eb t\u00eb mira me slote dhe loj\u00ebrat e tavolin\u00ebs.\",\"breadcrumb\":{\"@id\":\"https:\/\/20bet.cafe\/sq\/casino\/#breadcrumb\"},\"inLanguage\":\"sq\",\"potentialAction\":[{\"@type\":\"ReadAction\",\"target\":[\"https:\/\/20bet.cafe\/sq\/casino\/\"]}]},{\"@type\":\"BreadcrumbList\",\"@id\":\"https:\/\/20bet.cafe\/sq\/casino\/#breadcrumb\",\"itemListElement\":[{\"@type\":\"ListItem\",\"position\":1,\"name\":\"Home\",\"item\":\"https:\/\/20bet.cafe\/sq\/\"},{\"@type\":\"ListItem\",\"position\":2,\"name\":\"Kazino\"}]},{\"@type\":\"WebSite\",\"@id\":\"https:\/\/20bet.cafe\/sq\/#website\",\"url\":\"https:\/\/20bet.cafe\/sq\/\",\"name\":\"20bet Cafe sq\",\"description\":\"My WordPress Blog\",\"potentialAction\":[{\"@type\":\"SearchAction\",\"target\":{\"@type\":\"EntryPoint\",\"urlTemplate\":\"https:\/\/20bet.cafe\/sq\/?s={search_term_string}\"},\"query-input\":{\"@type\":\"PropertyValueSpecification\",\"valueRequired\":true,\"valueName\":\"search_term_string\"}}],\"inLanguage\":\"sq\"}]}<\/script>\n<!-- \/ Yoast SEO plugin. -->","yoast_head_json":{"title":"Kazinoja 20Bet | Loj\u00ebra bixhozi online dhe emocione t\u00eb gjalla","description":"Duke k\u00ebrkuar emocione dhe emocione n\u00eb loj\u00ebrat e fatit online? Shikoni vler\u00ebsimin ton\u00eb t\u00eb 20Bet Casino: zbuloni loj\u00ebrat m\u00eb t\u00eb mira me slote dhe loj\u00ebrat e tavolin\u00ebs.","robots":{"index":"index","follow":"follow","max-snippet":"max-snippet:-1","max-image-preview":"max-image-preview:large","max-video-preview":"max-video-preview:-1"},"og_locale":"sq_AL","og_type":"article","og_title":"Kazinoja 20Bet | Loj\u00ebra bixhozi online dhe emocione t\u00eb gjalla","og_description":"Duke k\u00ebrkuar emocione dhe emocione n\u00eb loj\u00ebrat e fatit online? Shikoni vler\u00ebsimin ton\u00eb t\u00eb 20Bet Casino: zbuloni loj\u00ebrat m\u00eb t\u00eb mira me slote dhe loj\u00ebrat e tavolin\u00ebs.","og_url":"https:\/\/20bet.cafe\/sq\/casino\/","og_site_name":"20bet Cafe sq","article_modified_time":"2025-10-06T08:03:30+00:00","twitter_card":"summary_large_image","schema":{"@context":"https:\/\/schema.org","@graph":[{"@type":"WebPage","@id":"https:\/\/20bet.cafe\/sq\/casino\/","url":"https:\/\/20bet.cafe\/sq\/casino\/","name":"Kazinoja 20Bet | Loj\u00ebra bixhozi online dhe emocione t\u00eb gjalla","isPartOf":{"@id":"https:\/\/20bet.cafe\/sq\/#website"},"datePublished":"2025-08-05T07:28:59+00:00","dateModified":"2025-10-06T08:03:30+00:00","description":"Duke k\u00ebrkuar emocione dhe emocione n\u00eb loj\u00ebrat e fatit online? Shikoni vler\u00ebsimin ton\u00eb t\u00eb 20Bet Casino: zbuloni loj\u00ebrat m\u00eb t\u00eb mira me slote dhe loj\u00ebrat e tavolin\u00ebs.","breadcrumb":{"@id":"https:\/\/20bet.cafe\/sq\/casino\/#breadcrumb"},"inLanguage":"sq","potentialAction":[{"@type":"ReadAction","target":["https:\/\/20bet.cafe\/sq\/casino\/"]}]},{"@type":"BreadcrumbList","@id":"https:\/\/20bet.cafe\/sq\/casino\/#breadcrumb","itemListElement":[{"@type":"ListItem","position":1,"name":"Home","item":"https:\/\/20bet.cafe\/sq\/"},{"@type":"ListItem","position":2,"name":"Kazino"}]},{"@type":"WebSite","@id":"https:\/\/20bet.cafe\/sq\/#website","url":"https:\/\/20bet.cafe\/sq\/","name":"20bet Cafe sq","description":"My WordPress Blog","potentialAction":[{"@type":"SearchAction","target":{"@type":"EntryPoint","urlTemplate":"https:\/\/20bet.cafe\/sq\/?s={search_term_string}"},"query-input":{"@type":"PropertyValueSpecification","valueRequired":true,"valueName":"search_term_string"}}],"inLanguage":"sq"}]}},"_links":{"self":[{"href":"https:\/\/20bet.cafe\/sq\/wp-json\/wp\/v2\/pages\/189","targetHints":{"allow":["GET"]}}],"collection":[{"href":"https:\/\/20bet.cafe\/sq\/wp-json\/wp\/v2\/pages"}],"about":[{"href":"https:\/\/20bet.cafe\/sq\/wp-json\/wp\/v2\/types\/page"}],"author":[{"embeddable":true,"href":"https:\/\/20bet.cafe\/sq\/wp-json\/wp\/v2\/users\/1"}],"replies":[{"embeddable":true,"href":"https:\/\/20bet.cafe\/sq\/wp-json\/wp\/v2\/comments?post=189"}],"version-history":[{"count":12,"href":"https:\/\/20bet.cafe\/sq\/wp-json\/wp\/v2\/pages\/189\/revisions"}],"predecessor-version":[{"id":500,"href":"https:\/\/20bet.cafe\/sq\/wp-json\/wp\/v2\/pages\/189\/revisions\/500"}],"wp:attachment":[{"href":"https:\/\/20bet.cafe\/sq\/wp-json\/wp\/v2\/media?parent=189"}],"curies":[{"name":"wp","href":"https:\/\/api.w.org\/{rel}","templated":true}]}}