{"id":207,"date":"2025-08-06T05:08:23","date_gmt":"2025-08-06T05:08:23","guid":{"rendered":"https:\/\/20bet.cafe\/sq\/?page_id=207"},"modified":"2025-11-20T18:55:20","modified_gmt":"2025-11-20T18:55:20","slug":"app","status":"publish","type":"page","link":"https:\/\/20bet.cafe\/sq\/app\/","title":{"rendered":"Aplikacion"},"content":{"rendered":"","protected":false},"excerpt":{"rendered":"","protected":false},"author":1,"featured_media":0,"parent":0,"menu_order":0,"comment_status":"closed","ping_status":"closed","template":"","meta":{"footnotes":""},"class_list":["post-207","page","type-page","status-publish","hentry"],"yoast_head":"<!-- This site is optimized with the Yoast SEO plugin v26.6 - https:\/\/yoast.com\/wordpress\/plugins\/seo\/ -->\n<title>20Bet: Shkarkoni aplikacionin p\u00ebr Android dhe iOS<\/title>\n<meta name=\"description\" content=\"\ud83d\udcf1 M\u00ebsoni si t\u00eb shkarkoni dhe instaloni aplikacionin zyrtar 20Bet n\u00eb Android dhe iOS. Shijoni liri t\u00eb plot\u00eb nga telefoni juaj celular.\" \/>\n<meta name=\"robots\" content=\"index, follow, max-snippet:-1, max-image-preview:large, max-video-preview:-1\" \/>\n<meta property=\"og:locale\" content=\"sq_AL\" \/>\n<meta property=\"og:type\" content=\"article\" \/>\n<meta property=\"og:title\" content=\"20Bet: Shkarkoni aplikacionin p\u00ebr Android dhe iOS\" \/>\n<meta property=\"og:description\" content=\"\ud83d\udcf1 M\u00ebsoni si t\u00eb shkarkoni dhe instaloni aplikacionin zyrtar 20Bet n\u00eb Android dhe iOS. Shijoni liri t\u00eb plot\u00eb nga telefoni juaj celular.\" \/>\n<meta property=\"og:url\" content=\"https:\/\/20bet.cafe\/sq\/app\/\" \/>\n<meta property=\"og:site_name\" content=\"20bet Cafe sq\" \/>\n<meta property=\"article:modified_time\" content=\"2025-11-20T18:55:20+00:00\" \/>\n<meta name=\"twitter:card\" content=\"summary_large_image\" \/>\n<script type=\"application\/ld+json\" class=\"yoast-schema-graph\">{\"@context\":\"https:\/\/schema.org\",\"@graph\":[{\"@type\":\"WebPage\",\"@id\":\"https:\/\/20bet.cafe\/sq\/app\/\",\"url\":\"https:\/\/20bet.cafe\/sq\/app\/\",\"name\":\"20Bet: Shkarkoni aplikacionin p\u00ebr Android dhe iOS\",\"isPartOf\":{\"@id\":\"https:\/\/20bet.cafe\/sq\/#website\"},\"datePublished\":\"2025-08-06T05:08:23+00:00\",\"dateModified\":\"2025-11-20T18:55:20+00:00\",\"description\":\"\ud83d\udcf1 M\u00ebsoni si t\u00eb shkarkoni dhe instaloni aplikacionin zyrtar 20Bet n\u00eb Android dhe iOS. Shijoni liri t\u00eb plot\u00eb nga telefoni juaj celular.\",\"breadcrumb\":{\"@id\":\"https:\/\/20bet.cafe\/sq\/app\/#breadcrumb\"},\"inLanguage\":\"sq\",\"potentialAction\":[{\"@type\":\"ReadAction\",\"target\":[\"https:\/\/20bet.cafe\/sq\/app\/\"]}]},{\"@type\":\"BreadcrumbList\",\"@id\":\"https:\/\/20bet.cafe\/sq\/app\/#breadcrumb\",\"itemListElement\":[{\"@type\":\"ListItem\",\"position\":1,\"name\":\"Home\",\"item\":\"https:\/\/20bet.cafe\/sq\/\"},{\"@type\":\"ListItem\",\"position\":2,\"name\":\"Aplikacion\"}]},{\"@type\":\"WebSite\",\"@id\":\"https:\/\/20bet.cafe\/sq\/#website\",\"url\":\"https:\/\/20bet.cafe\/sq\/\",\"name\":\"20bet Cafe sq\",\"description\":\"My WordPress Blog\",\"potentialAction\":[{\"@type\":\"SearchAction\",\"target\":{\"@type\":\"EntryPoint\",\"urlTemplate\":\"https:\/\/20bet.cafe\/sq\/?s={search_term_string}\"},\"query-input\":{\"@type\":\"PropertyValueSpecification\",\"valueRequired\":true,\"valueName\":\"search_term_string\"}}],\"inLanguage\":\"sq\"}]}<\/script>\n<!-- \/ Yoast SEO plugin. -->","yoast_head_json":{"title":"20Bet: Shkarkoni aplikacionin p\u00ebr Android dhe iOS","description":"\ud83d\udcf1 M\u00ebsoni si t\u00eb shkarkoni dhe instaloni aplikacionin zyrtar 20Bet n\u00eb Android dhe iOS. Shijoni liri t\u00eb plot\u00eb nga telefoni juaj celular.","robots":{"index":"index","follow":"follow","max-snippet":"max-snippet:-1","max-image-preview":"max-image-preview:large","max-video-preview":"max-video-preview:-1"},"og_locale":"sq_AL","og_type":"article","og_title":"20Bet: Shkarkoni aplikacionin p\u00ebr Android dhe iOS","og_description":"\ud83d\udcf1 M\u00ebsoni si t\u00eb shkarkoni dhe instaloni aplikacionin zyrtar 20Bet n\u00eb Android dhe iOS. Shijoni liri t\u00eb plot\u00eb nga telefoni juaj celular.","og_url":"https:\/\/20bet.cafe\/sq\/app\/","og_site_name":"20bet Cafe sq","article_modified_time":"2025-11-20T18:55:20+00:00","twitter_card":"summary_large_image","schema":{"@context":"https:\/\/schema.org","@graph":[{"@type":"WebPage","@id":"https:\/\/20bet.cafe\/sq\/app\/","url":"https:\/\/20bet.cafe\/sq\/app\/","name":"20Bet: Shkarkoni aplikacionin p\u00ebr Android dhe iOS","isPartOf":{"@id":"https:\/\/20bet.cafe\/sq\/#website"},"datePublished":"2025-08-06T05:08:23+00:00","dateModified":"2025-11-20T18:55:20+00:00","description":"\ud83d\udcf1 M\u00ebsoni si t\u00eb shkarkoni dhe instaloni aplikacionin zyrtar 20Bet n\u00eb Android dhe iOS. Shijoni liri t\u00eb plot\u00eb nga telefoni juaj celular.","breadcrumb":{"@id":"https:\/\/20bet.cafe\/sq\/app\/#breadcrumb"},"inLanguage":"sq","potentialAction":[{"@type":"ReadAction","target":["https:\/\/20bet.cafe\/sq\/app\/"]}]},{"@type":"BreadcrumbList","@id":"https:\/\/20bet.cafe\/sq\/app\/#breadcrumb","itemListElement":[{"@type":"ListItem","position":1,"name":"Home","item":"https:\/\/20bet.cafe\/sq\/"},{"@type":"ListItem","position":2,"name":"Aplikacion"}]},{"@type":"WebSite","@id":"https:\/\/20bet.cafe\/sq\/#website","url":"https:\/\/20bet.cafe\/sq\/","name":"20bet Cafe sq","description":"My WordPress Blog","potentialAction":[{"@type":"SearchAction","target":{"@type":"EntryPoint","urlTemplate":"https:\/\/20bet.cafe\/sq\/?s={search_term_string}"},"query-input":{"@type":"PropertyValueSpecification","valueRequired":true,"valueName":"search_term_string"}}],"inLanguage":"sq"}]}},"_links":{"self":[{"href":"https:\/\/20bet.cafe\/sq\/wp-json\/wp\/v2\/pages\/207","targetHints":{"allow":["GET"]}}],"collection":[{"href":"https:\/\/20bet.cafe\/sq\/wp-json\/wp\/v2\/pages"}],"about":[{"href":"https:\/\/20bet.cafe\/sq\/wp-json\/wp\/v2\/types\/page"}],"author":[{"embeddable":true,"href":"https:\/\/20bet.cafe\/sq\/wp-json\/wp\/v2\/users\/1"}],"replies":[{"embeddable":true,"href":"https:\/\/20bet.cafe\/sq\/wp-json\/wp\/v2\/comments?post=207"}],"version-history":[{"count":11,"href":"https:\/\/20bet.cafe\/sq\/wp-json\/wp\/v2\/pages\/207\/revisions"}],"predecessor-version":[{"id":513,"href":"https:\/\/20bet.cafe\/sq\/wp-json\/wp\/v2\/pages\/207\/revisions\/513"}],"wp:attachment":[{"href":"https:\/\/20bet.cafe\/sq\/wp-json\/wp\/v2\/media?parent=207"}],"curies":[{"name":"wp","href":"https:\/\/api.w.org\/{rel}","templated":true}]}}