{"id":279,"date":"2025-08-11T17:21:58","date_gmt":"2025-08-11T17:21:58","guid":{"rendered":"https:\/\/20bet.cafe\/sq\/?page_id=279"},"modified":"2025-10-06T09:36:02","modified_gmt":"2025-10-06T09:36:02","slug":"sport","status":"publish","type":"page","link":"https:\/\/20bet.cafe\/sq\/sport\/","title":{"rendered":"Sport"},"content":{"rendered":"","protected":false},"excerpt":{"rendered":"","protected":false},"author":1,"featured_media":0,"parent":0,"menu_order":0,"comment_status":"closed","ping_status":"closed","template":"","meta":{"footnotes":""},"class_list":["post-279","page","type-page","status-publish","hentry"],"yoast_head":"<!-- This site is optimized with the Yoast SEO plugin v26.6 - https:\/\/yoast.com\/wordpress\/plugins\/seo\/ -->\n<title>Baste Sportive 20Bet | B\u00ebni Parashikime p\u00ebr Sportet dhe Fitoni<\/title>\n<meta name=\"description\" content=\"Zbuloni bastet sportive me 20Bet \u2014 b\u00ebni parashikime p\u00ebr sportet, fitoni bonuse dhe merrni emocione nga ndeshjet n\u00eb faqen e internetit ose n\u00eb aplikacion!\" \/>\n<meta name=\"robots\" content=\"index, follow, max-snippet:-1, max-image-preview:large, max-video-preview:-1\" \/>\n<meta property=\"og:locale\" content=\"sq_AL\" \/>\n<meta property=\"og:type\" content=\"article\" \/>\n<meta property=\"og:title\" content=\"Baste Sportive 20Bet | B\u00ebni Parashikime p\u00ebr Sportet dhe Fitoni\" \/>\n<meta property=\"og:description\" content=\"Zbuloni bastet sportive me 20Bet \u2014 b\u00ebni parashikime p\u00ebr sportet, fitoni bonuse dhe merrni emocione nga ndeshjet n\u00eb faqen e internetit ose n\u00eb aplikacion!\" \/>\n<meta property=\"og:url\" content=\"https:\/\/20bet.cafe\/sq\/sport\/\" \/>\n<meta property=\"og:site_name\" content=\"20bet Cafe sq\" \/>\n<meta property=\"article:modified_time\" content=\"2025-10-06T09:36:02+00:00\" \/>\n<meta name=\"twitter:card\" content=\"summary_large_image\" \/>\n<script type=\"application\/ld+json\" class=\"yoast-schema-graph\">{\"@context\":\"https:\/\/schema.org\",\"@graph\":[{\"@type\":\"WebPage\",\"@id\":\"https:\/\/20bet.cafe\/sq\/sport\/\",\"url\":\"https:\/\/20bet.cafe\/sq\/sport\/\",\"name\":\"Baste Sportive 20Bet | B\u00ebni Parashikime p\u00ebr Sportet dhe Fitoni\",\"isPartOf\":{\"@id\":\"https:\/\/20bet.cafe\/sq\/#website\"},\"datePublished\":\"2025-08-11T17:21:58+00:00\",\"dateModified\":\"2025-10-06T09:36:02+00:00\",\"description\":\"Zbuloni bastet sportive me 20Bet \u2014 b\u00ebni parashikime p\u00ebr sportet, fitoni bonuse dhe merrni emocione nga ndeshjet n\u00eb faqen e internetit ose n\u00eb aplikacion!\",\"breadcrumb\":{\"@id\":\"https:\/\/20bet.cafe\/sq\/sport\/#breadcrumb\"},\"inLanguage\":\"sq\",\"potentialAction\":[{\"@type\":\"ReadAction\",\"target\":[\"https:\/\/20bet.cafe\/sq\/sport\/\"]}]},{\"@type\":\"BreadcrumbList\",\"@id\":\"https:\/\/20bet.cafe\/sq\/sport\/#breadcrumb\",\"itemListElement\":[{\"@type\":\"ListItem\",\"position\":1,\"name\":\"Home\",\"item\":\"https:\/\/20bet.cafe\/sq\/\"},{\"@type\":\"ListItem\",\"position\":2,\"name\":\"Sport\"}]},{\"@type\":\"WebSite\",\"@id\":\"https:\/\/20bet.cafe\/sq\/#website\",\"url\":\"https:\/\/20bet.cafe\/sq\/\",\"name\":\"20bet Cafe sq\",\"description\":\"My WordPress Blog\",\"potentialAction\":[{\"@type\":\"SearchAction\",\"target\":{\"@type\":\"EntryPoint\",\"urlTemplate\":\"https:\/\/20bet.cafe\/sq\/?s={search_term_string}\"},\"query-input\":{\"@type\":\"PropertyValueSpecification\",\"valueRequired\":true,\"valueName\":\"search_term_string\"}}],\"inLanguage\":\"sq\"}]}<\/script>\n<!-- \/ Yoast SEO plugin. -->","yoast_head_json":{"title":"Baste Sportive 20Bet | B\u00ebni Parashikime p\u00ebr Sportet dhe Fitoni","description":"Zbuloni bastet sportive me 20Bet \u2014 b\u00ebni parashikime p\u00ebr sportet, fitoni bonuse dhe merrni emocione nga ndeshjet n\u00eb faqen e internetit ose n\u00eb aplikacion!","robots":{"index":"index","follow":"follow","max-snippet":"max-snippet:-1","max-image-preview":"max-image-preview:large","max-video-preview":"max-video-preview:-1"},"og_locale":"sq_AL","og_type":"article","og_title":"Baste Sportive 20Bet | B\u00ebni Parashikime p\u00ebr Sportet dhe Fitoni","og_description":"Zbuloni bastet sportive me 20Bet \u2014 b\u00ebni parashikime p\u00ebr sportet, fitoni bonuse dhe merrni emocione nga ndeshjet n\u00eb faqen e internetit ose n\u00eb aplikacion!","og_url":"https:\/\/20bet.cafe\/sq\/sport\/","og_site_name":"20bet Cafe sq","article_modified_time":"2025-10-06T09:36:02+00:00","twitter_card":"summary_large_image","schema":{"@context":"https:\/\/schema.org","@graph":[{"@type":"WebPage","@id":"https:\/\/20bet.cafe\/sq\/sport\/","url":"https:\/\/20bet.cafe\/sq\/sport\/","name":"Baste Sportive 20Bet | B\u00ebni Parashikime p\u00ebr Sportet dhe Fitoni","isPartOf":{"@id":"https:\/\/20bet.cafe\/sq\/#website"},"datePublished":"2025-08-11T17:21:58+00:00","dateModified":"2025-10-06T09:36:02+00:00","description":"Zbuloni bastet sportive me 20Bet \u2014 b\u00ebni parashikime p\u00ebr sportet, fitoni bonuse dhe merrni emocione nga ndeshjet n\u00eb faqen e internetit ose n\u00eb aplikacion!","breadcrumb":{"@id":"https:\/\/20bet.cafe\/sq\/sport\/#breadcrumb"},"inLanguage":"sq","potentialAction":[{"@type":"ReadAction","target":["https:\/\/20bet.cafe\/sq\/sport\/"]}]},{"@type":"BreadcrumbList","@id":"https:\/\/20bet.cafe\/sq\/sport\/#breadcrumb","itemListElement":[{"@type":"ListItem","position":1,"name":"Home","item":"https:\/\/20bet.cafe\/sq\/"},{"@type":"ListItem","position":2,"name":"Sport"}]},{"@type":"WebSite","@id":"https:\/\/20bet.cafe\/sq\/#website","url":"https:\/\/20bet.cafe\/sq\/","name":"20bet Cafe sq","description":"My WordPress Blog","potentialAction":[{"@type":"SearchAction","target":{"@type":"EntryPoint","urlTemplate":"https:\/\/20bet.cafe\/sq\/?s={search_term_string}"},"query-input":{"@type":"PropertyValueSpecification","valueRequired":true,"valueName":"search_term_string"}}],"inLanguage":"sq"}]}},"_links":{"self":[{"href":"https:\/\/20bet.cafe\/sq\/wp-json\/wp\/v2\/pages\/279","targetHints":{"allow":["GET"]}}],"collection":[{"href":"https:\/\/20bet.cafe\/sq\/wp-json\/wp\/v2\/pages"}],"about":[{"href":"https:\/\/20bet.cafe\/sq\/wp-json\/wp\/v2\/types\/page"}],"author":[{"embeddable":true,"href":"https:\/\/20bet.cafe\/sq\/wp-json\/wp\/v2\/users\/1"}],"replies":[{"embeddable":true,"href":"https:\/\/20bet.cafe\/sq\/wp-json\/wp\/v2\/comments?post=279"}],"version-history":[{"count":8,"href":"https:\/\/20bet.cafe\/sq\/wp-json\/wp\/v2\/pages\/279\/revisions"}],"predecessor-version":[{"id":508,"href":"https:\/\/20bet.cafe\/sq\/wp-json\/wp\/v2\/pages\/279\/revisions\/508"}],"wp:attachment":[{"href":"https:\/\/20bet.cafe\/sq\/wp-json\/wp\/v2\/media?parent=279"}],"curies":[{"name":"wp","href":"https:\/\/api.w.org\/{rel}","templated":true}]}}