{"id":429,"date":"2025-09-04T13:00:13","date_gmt":"2025-09-04T13:00:13","guid":{"rendered":"https:\/\/20bet.cafe\/sq\/?page_id=429"},"modified":"2025-11-20T18:47:36","modified_gmt":"2025-11-20T18:47:36","slug":"first-deposit-casino","status":"publish","type":"page","link":"https:\/\/20bet.cafe\/sq\/bonus\/first-deposit-casino\/","title":{"rendered":"Bonusi i kazinos\u00eb p\u00ebr depozit\u00ebn e par\u00eb"},"content":{"rendered":"","protected":false},"excerpt":{"rendered":"","protected":false},"author":1,"featured_media":0,"parent":225,"menu_order":0,"comment_status":"closed","ping_status":"closed","template":"","meta":{"footnotes":""},"class_list":["post-429","page","type-page","status-publish","hentry"],"yoast_head":"<!-- This site is optimized with the Yoast SEO plugin v26.6 - https:\/\/yoast.com\/wordpress\/plugins\/seo\/ -->\n<title>20Bet Bonusi i Mir\u00ebseardhjes n\u00eb Kazinon\u00eb \u1409 100% n\u00eb Depozit\u00ebn<\/title>\n<meta name=\"description\" content=\"Merrni nj\u00eb bonus 100% n\u00eb depozit\u00ebn tuaj t\u00eb par\u00eb deri n\u00eb 11.500 lek\u00eb + 120 rrotullime falas n\u00eb Kazinon\u00eb 20Bet! Zbuloni se si t\u00eb b\u00ebni nj\u00eb depozit\u00eb dhe t\u00eb p\u00ebrfitoni nga ofertat ekskluzive p\u00ebr lojtar\u00ebt e rinj.\" \/>\n<meta name=\"robots\" content=\"index, follow, max-snippet:-1, max-image-preview:large, max-video-preview:-1\" \/>\n<meta property=\"og:locale\" content=\"sq_AL\" \/>\n<meta property=\"og:type\" content=\"article\" \/>\n<meta property=\"og:title\" content=\"20Bet Bonusi i Mir\u00ebseardhjes n\u00eb Kazinon\u00eb \u1409 100% n\u00eb Depozit\u00ebn\" \/>\n<meta property=\"og:description\" content=\"Merrni nj\u00eb bonus 100% n\u00eb depozit\u00ebn tuaj t\u00eb par\u00eb deri n\u00eb 11.500 lek\u00eb + 120 rrotullime falas n\u00eb Kazinon\u00eb 20Bet! Zbuloni se si t\u00eb b\u00ebni nj\u00eb depozit\u00eb dhe t\u00eb p\u00ebrfitoni nga ofertat ekskluzive p\u00ebr lojtar\u00ebt e rinj.\" \/>\n<meta property=\"og:url\" content=\"https:\/\/20bet.cafe\/sq\/bonus\/first-deposit-casino\/\" \/>\n<meta property=\"og:site_name\" content=\"20bet Cafe sq\" \/>\n<meta property=\"article:modified_time\" content=\"2025-11-20T18:47:36+00:00\" \/>\n<meta name=\"twitter:card\" content=\"summary_large_image\" \/>\n<script type=\"application\/ld+json\" class=\"yoast-schema-graph\">{\"@context\":\"https:\/\/schema.org\",\"@graph\":[{\"@type\":\"WebPage\",\"@id\":\"https:\/\/20bet.cafe\/sq\/bonus\/first-deposit-casino\/\",\"url\":\"https:\/\/20bet.cafe\/sq\/bonus\/first-deposit-casino\/\",\"name\":\"20Bet Bonusi i Mir\u00ebseardhjes n\u00eb Kazinon\u00eb \u1409 100% n\u00eb Depozit\u00ebn\",\"isPartOf\":{\"@id\":\"https:\/\/20bet.cafe\/sq\/#website\"},\"datePublished\":\"2025-09-04T13:00:13+00:00\",\"dateModified\":\"2025-11-20T18:47:36+00:00\",\"description\":\"Merrni nj\u00eb bonus 100% n\u00eb depozit\u00ebn tuaj t\u00eb par\u00eb deri n\u00eb 11.500 lek\u00eb + 120 rrotullime falas n\u00eb Kazinon\u00eb 20Bet! Zbuloni se si t\u00eb b\u00ebni nj\u00eb depozit\u00eb dhe t\u00eb p\u00ebrfitoni nga ofertat ekskluzive p\u00ebr lojtar\u00ebt e rinj.\",\"breadcrumb\":{\"@id\":\"https:\/\/20bet.cafe\/sq\/bonus\/first-deposit-casino\/#breadcrumb\"},\"inLanguage\":\"sq\",\"potentialAction\":[{\"@type\":\"ReadAction\",\"target\":[\"https:\/\/20bet.cafe\/sq\/bonus\/first-deposit-casino\/\"]}]},{\"@type\":\"BreadcrumbList\",\"@id\":\"https:\/\/20bet.cafe\/sq\/bonus\/first-deposit-casino\/#breadcrumb\",\"itemListElement\":[{\"@type\":\"ListItem\",\"position\":1,\"name\":\"Home\",\"item\":\"https:\/\/20bet.cafe\/sq\/\"},{\"@type\":\"ListItem\",\"position\":2,\"name\":\"Bonus\",\"item\":\"https:\/\/20bet.cafe\/sq\/bonus\/\"},{\"@type\":\"ListItem\",\"position\":3,\"name\":\"Bonusi i kazinos\u00eb p\u00ebr depozit\u00ebn e par\u00eb\"}]},{\"@type\":\"WebSite\",\"@id\":\"https:\/\/20bet.cafe\/sq\/#website\",\"url\":\"https:\/\/20bet.cafe\/sq\/\",\"name\":\"20bet Cafe sq\",\"description\":\"My WordPress Blog\",\"potentialAction\":[{\"@type\":\"SearchAction\",\"target\":{\"@type\":\"EntryPoint\",\"urlTemplate\":\"https:\/\/20bet.cafe\/sq\/?s={search_term_string}\"},\"query-input\":{\"@type\":\"PropertyValueSpecification\",\"valueRequired\":true,\"valueName\":\"search_term_string\"}}],\"inLanguage\":\"sq\"}]}<\/script>\n<!-- \/ Yoast SEO plugin. -->","yoast_head_json":{"title":"20Bet Bonusi i Mir\u00ebseardhjes n\u00eb Kazinon\u00eb \u1409 100% n\u00eb Depozit\u00ebn","description":"Merrni nj\u00eb bonus 100% n\u00eb depozit\u00ebn tuaj t\u00eb par\u00eb deri n\u00eb 11.500 lek\u00eb + 120 rrotullime falas n\u00eb Kazinon\u00eb 20Bet! Zbuloni se si t\u00eb b\u00ebni nj\u00eb depozit\u00eb dhe t\u00eb p\u00ebrfitoni nga ofertat ekskluzive p\u00ebr lojtar\u00ebt e rinj.","robots":{"index":"index","follow":"follow","max-snippet":"max-snippet:-1","max-image-preview":"max-image-preview:large","max-video-preview":"max-video-preview:-1"},"og_locale":"sq_AL","og_type":"article","og_title":"20Bet Bonusi i Mir\u00ebseardhjes n\u00eb Kazinon\u00eb \u1409 100% n\u00eb Depozit\u00ebn","og_description":"Merrni nj\u00eb bonus 100% n\u00eb depozit\u00ebn tuaj t\u00eb par\u00eb deri n\u00eb 11.500 lek\u00eb + 120 rrotullime falas n\u00eb Kazinon\u00eb 20Bet! Zbuloni se si t\u00eb b\u00ebni nj\u00eb depozit\u00eb dhe t\u00eb p\u00ebrfitoni nga ofertat ekskluzive p\u00ebr lojtar\u00ebt e rinj.","og_url":"https:\/\/20bet.cafe\/sq\/bonus\/first-deposit-casino\/","og_site_name":"20bet Cafe sq","article_modified_time":"2025-11-20T18:47:36+00:00","twitter_card":"summary_large_image","schema":{"@context":"https:\/\/schema.org","@graph":[{"@type":"WebPage","@id":"https:\/\/20bet.cafe\/sq\/bonus\/first-deposit-casino\/","url":"https:\/\/20bet.cafe\/sq\/bonus\/first-deposit-casino\/","name":"20Bet Bonusi i Mir\u00ebseardhjes n\u00eb Kazinon\u00eb \u1409 100% n\u00eb Depozit\u00ebn","isPartOf":{"@id":"https:\/\/20bet.cafe\/sq\/#website"},"datePublished":"2025-09-04T13:00:13+00:00","dateModified":"2025-11-20T18:47:36+00:00","description":"Merrni nj\u00eb bonus 100% n\u00eb depozit\u00ebn tuaj t\u00eb par\u00eb deri n\u00eb 11.500 lek\u00eb + 120 rrotullime falas n\u00eb Kazinon\u00eb 20Bet! Zbuloni se si t\u00eb b\u00ebni nj\u00eb depozit\u00eb dhe t\u00eb p\u00ebrfitoni nga ofertat ekskluzive p\u00ebr lojtar\u00ebt e rinj.","breadcrumb":{"@id":"https:\/\/20bet.cafe\/sq\/bonus\/first-deposit-casino\/#breadcrumb"},"inLanguage":"sq","potentialAction":[{"@type":"ReadAction","target":["https:\/\/20bet.cafe\/sq\/bonus\/first-deposit-casino\/"]}]},{"@type":"BreadcrumbList","@id":"https:\/\/20bet.cafe\/sq\/bonus\/first-deposit-casino\/#breadcrumb","itemListElement":[{"@type":"ListItem","position":1,"name":"Home","item":"https:\/\/20bet.cafe\/sq\/"},{"@type":"ListItem","position":2,"name":"Bonus","item":"https:\/\/20bet.cafe\/sq\/bonus\/"},{"@type":"ListItem","position":3,"name":"Bonusi i kazinos\u00eb p\u00ebr depozit\u00ebn e par\u00eb"}]},{"@type":"WebSite","@id":"https:\/\/20bet.cafe\/sq\/#website","url":"https:\/\/20bet.cafe\/sq\/","name":"20bet Cafe sq","description":"My WordPress Blog","potentialAction":[{"@type":"SearchAction","target":{"@type":"EntryPoint","urlTemplate":"https:\/\/20bet.cafe\/sq\/?s={search_term_string}"},"query-input":{"@type":"PropertyValueSpecification","valueRequired":true,"valueName":"search_term_string"}}],"inLanguage":"sq"}]}},"_links":{"self":[{"href":"https:\/\/20bet.cafe\/sq\/wp-json\/wp\/v2\/pages\/429","targetHints":{"allow":["GET"]}}],"collection":[{"href":"https:\/\/20bet.cafe\/sq\/wp-json\/wp\/v2\/pages"}],"about":[{"href":"https:\/\/20bet.cafe\/sq\/wp-json\/wp\/v2\/types\/page"}],"author":[{"embeddable":true,"href":"https:\/\/20bet.cafe\/sq\/wp-json\/wp\/v2\/users\/1"}],"replies":[{"embeddable":true,"href":"https:\/\/20bet.cafe\/sq\/wp-json\/wp\/v2\/comments?post=429"}],"version-history":[{"count":5,"href":"https:\/\/20bet.cafe\/sq\/wp-json\/wp\/v2\/pages\/429\/revisions"}],"predecessor-version":[{"id":492,"href":"https:\/\/20bet.cafe\/sq\/wp-json\/wp\/v2\/pages\/429\/revisions\/492"}],"up":[{"embeddable":true,"href":"https:\/\/20bet.cafe\/sq\/wp-json\/wp\/v2\/pages\/225"}],"wp:attachment":[{"href":"https:\/\/20bet.cafe\/sq\/wp-json\/wp\/v2\/media?parent=429"}],"curies":[{"name":"wp","href":"https:\/\/api.w.org\/{rel}","templated":true}]}}