{"id":441,"date":"2025-09-04T13:41:50","date_gmt":"2025-09-04T13:41:50","guid":{"rendered":"https:\/\/20bet.cafe\/sq\/?page_id=441"},"modified":"2025-11-20T18:49:43","modified_gmt":"2025-11-20T18:49:43","slug":"first-deposit-sport","status":"publish","type":"page","link":"https:\/\/20bet.cafe\/sq\/bonus\/first-deposit-sport\/","title":{"rendered":"Bonusi sportiv i depozit\u00ebs s\u00eb par\u00eb"},"content":{"rendered":"","protected":false},"excerpt":{"rendered":"","protected":false},"author":1,"featured_media":0,"parent":225,"menu_order":0,"comment_status":"closed","ping_status":"closed","template":"","meta":{"footnotes":""},"class_list":["post-441","page","type-page","status-publish","hentry"],"yoast_head":"<!-- This site is optimized with the Yoast SEO plugin v26.6 - https:\/\/yoast.com\/wordpress\/plugins\/seo\/ -->\n<title>Bonusi i Depozit\u00ebs s\u00eb Par\u00eb n\u00eb 20Bet Sports \u1409 deri n\u00eb 9.500 lek\u00eb!<\/title>\n<meta name=\"description\" content=\"Merrni nj\u00eb bonus 100% n\u00eb depozit\u00ebn tuaj t\u00eb par\u00eb deri n\u00eb 9.500 lek\u00eb n\u00eb 20Bet p\u00ebr baste sportive! Zbuloni se si ta aktivizoni ofert\u00ebn p\u00ebr t\u00eb filluar udh\u00ebtimin tuaj n\u00eb bastet sportive. Bashkohuni me udh\u00ebzuesin ton\u00eb dhe fat t\u00eb mbar\u00eb me bastet tuaja!\" \/>\n<meta name=\"robots\" content=\"index, follow, max-snippet:-1, max-image-preview:large, max-video-preview:-1\" \/>\n<meta property=\"og:locale\" content=\"sq_AL\" \/>\n<meta property=\"og:type\" content=\"article\" \/>\n<meta property=\"og:title\" content=\"Bonusi i Depozit\u00ebs s\u00eb Par\u00eb n\u00eb 20Bet Sports \u1409 deri n\u00eb 9.500 lek\u00eb!\" \/>\n<meta property=\"og:description\" content=\"Merrni nj\u00eb bonus 100% n\u00eb depozit\u00ebn tuaj t\u00eb par\u00eb deri n\u00eb 9.500 lek\u00eb n\u00eb 20Bet p\u00ebr baste sportive! Zbuloni se si ta aktivizoni ofert\u00ebn p\u00ebr t\u00eb filluar udh\u00ebtimin tuaj n\u00eb bastet sportive. Bashkohuni me udh\u00ebzuesin ton\u00eb dhe fat t\u00eb mbar\u00eb me bastet tuaja!\" \/>\n<meta property=\"og:url\" content=\"https:\/\/20bet.cafe\/sq\/bonus\/first-deposit-sport\/\" \/>\n<meta property=\"og:site_name\" content=\"20bet Cafe sq\" \/>\n<meta property=\"article:modified_time\" content=\"2025-11-20T18:49:43+00:00\" \/>\n<meta name=\"twitter:card\" content=\"summary_large_image\" \/>\n<script type=\"application\/ld+json\" class=\"yoast-schema-graph\">{\"@context\":\"https:\/\/schema.org\",\"@graph\":[{\"@type\":\"WebPage\",\"@id\":\"https:\/\/20bet.cafe\/sq\/bonus\/first-deposit-sport\/\",\"url\":\"https:\/\/20bet.cafe\/sq\/bonus\/first-deposit-sport\/\",\"name\":\"Bonusi i Depozit\u00ebs s\u00eb Par\u00eb n\u00eb 20Bet Sports \u1409 deri n\u00eb 9.500 lek\u00eb!\",\"isPartOf\":{\"@id\":\"https:\/\/20bet.cafe\/sq\/#website\"},\"datePublished\":\"2025-09-04T13:41:50+00:00\",\"dateModified\":\"2025-11-20T18:49:43+00:00\",\"description\":\"Merrni nj\u00eb bonus 100% n\u00eb depozit\u00ebn tuaj t\u00eb par\u00eb deri n\u00eb 9.500 lek\u00eb n\u00eb 20Bet p\u00ebr baste sportive! Zbuloni se si ta aktivizoni ofert\u00ebn p\u00ebr t\u00eb filluar udh\u00ebtimin tuaj n\u00eb bastet sportive. Bashkohuni me udh\u00ebzuesin ton\u00eb dhe fat t\u00eb mbar\u00eb me bastet tuaja!\",\"breadcrumb\":{\"@id\":\"https:\/\/20bet.cafe\/sq\/bonus\/first-deposit-sport\/#breadcrumb\"},\"inLanguage\":\"sq\",\"potentialAction\":[{\"@type\":\"ReadAction\",\"target\":[\"https:\/\/20bet.cafe\/sq\/bonus\/first-deposit-sport\/\"]}]},{\"@type\":\"BreadcrumbList\",\"@id\":\"https:\/\/20bet.cafe\/sq\/bonus\/first-deposit-sport\/#breadcrumb\",\"itemListElement\":[{\"@type\":\"ListItem\",\"position\":1,\"name\":\"Home\",\"item\":\"https:\/\/20bet.cafe\/sq\/\"},{\"@type\":\"ListItem\",\"position\":2,\"name\":\"Bonus\",\"item\":\"https:\/\/20bet.cafe\/sq\/bonus\/\"},{\"@type\":\"ListItem\",\"position\":3,\"name\":\"Bonusi sportiv i depozit\u00ebs s\u00eb par\u00eb\"}]},{\"@type\":\"WebSite\",\"@id\":\"https:\/\/20bet.cafe\/sq\/#website\",\"url\":\"https:\/\/20bet.cafe\/sq\/\",\"name\":\"20bet Cafe sq\",\"description\":\"My WordPress Blog\",\"potentialAction\":[{\"@type\":\"SearchAction\",\"target\":{\"@type\":\"EntryPoint\",\"urlTemplate\":\"https:\/\/20bet.cafe\/sq\/?s={search_term_string}\"},\"query-input\":{\"@type\":\"PropertyValueSpecification\",\"valueRequired\":true,\"valueName\":\"search_term_string\"}}],\"inLanguage\":\"sq\"}]}<\/script>\n<!-- \/ Yoast SEO plugin. -->","yoast_head_json":{"title":"Bonusi i Depozit\u00ebs s\u00eb Par\u00eb n\u00eb 20Bet Sports \u1409 deri n\u00eb 9.500 lek\u00eb!","description":"Merrni nj\u00eb bonus 100% n\u00eb depozit\u00ebn tuaj t\u00eb par\u00eb deri n\u00eb 9.500 lek\u00eb n\u00eb 20Bet p\u00ebr baste sportive! Zbuloni se si ta aktivizoni ofert\u00ebn p\u00ebr t\u00eb filluar udh\u00ebtimin tuaj n\u00eb bastet sportive. Bashkohuni me udh\u00ebzuesin ton\u00eb dhe fat t\u00eb mbar\u00eb me bastet tuaja!","robots":{"index":"index","follow":"follow","max-snippet":"max-snippet:-1","max-image-preview":"max-image-preview:large","max-video-preview":"max-video-preview:-1"},"og_locale":"sq_AL","og_type":"article","og_title":"Bonusi i Depozit\u00ebs s\u00eb Par\u00eb n\u00eb 20Bet Sports \u1409 deri n\u00eb 9.500 lek\u00eb!","og_description":"Merrni nj\u00eb bonus 100% n\u00eb depozit\u00ebn tuaj t\u00eb par\u00eb deri n\u00eb 9.500 lek\u00eb n\u00eb 20Bet p\u00ebr baste sportive! Zbuloni se si ta aktivizoni ofert\u00ebn p\u00ebr t\u00eb filluar udh\u00ebtimin tuaj n\u00eb bastet sportive. Bashkohuni me udh\u00ebzuesin ton\u00eb dhe fat t\u00eb mbar\u00eb me bastet tuaja!","og_url":"https:\/\/20bet.cafe\/sq\/bonus\/first-deposit-sport\/","og_site_name":"20bet Cafe sq","article_modified_time":"2025-11-20T18:49:43+00:00","twitter_card":"summary_large_image","schema":{"@context":"https:\/\/schema.org","@graph":[{"@type":"WebPage","@id":"https:\/\/20bet.cafe\/sq\/bonus\/first-deposit-sport\/","url":"https:\/\/20bet.cafe\/sq\/bonus\/first-deposit-sport\/","name":"Bonusi i Depozit\u00ebs s\u00eb Par\u00eb n\u00eb 20Bet Sports \u1409 deri n\u00eb 9.500 lek\u00eb!","isPartOf":{"@id":"https:\/\/20bet.cafe\/sq\/#website"},"datePublished":"2025-09-04T13:41:50+00:00","dateModified":"2025-11-20T18:49:43+00:00","description":"Merrni nj\u00eb bonus 100% n\u00eb depozit\u00ebn tuaj t\u00eb par\u00eb deri n\u00eb 9.500 lek\u00eb n\u00eb 20Bet p\u00ebr baste sportive! Zbuloni se si ta aktivizoni ofert\u00ebn p\u00ebr t\u00eb filluar udh\u00ebtimin tuaj n\u00eb bastet sportive. Bashkohuni me udh\u00ebzuesin ton\u00eb dhe fat t\u00eb mbar\u00eb me bastet tuaja!","breadcrumb":{"@id":"https:\/\/20bet.cafe\/sq\/bonus\/first-deposit-sport\/#breadcrumb"},"inLanguage":"sq","potentialAction":[{"@type":"ReadAction","target":["https:\/\/20bet.cafe\/sq\/bonus\/first-deposit-sport\/"]}]},{"@type":"BreadcrumbList","@id":"https:\/\/20bet.cafe\/sq\/bonus\/first-deposit-sport\/#breadcrumb","itemListElement":[{"@type":"ListItem","position":1,"name":"Home","item":"https:\/\/20bet.cafe\/sq\/"},{"@type":"ListItem","position":2,"name":"Bonus","item":"https:\/\/20bet.cafe\/sq\/bonus\/"},{"@type":"ListItem","position":3,"name":"Bonusi sportiv i depozit\u00ebs s\u00eb par\u00eb"}]},{"@type":"WebSite","@id":"https:\/\/20bet.cafe\/sq\/#website","url":"https:\/\/20bet.cafe\/sq\/","name":"20bet Cafe sq","description":"My WordPress Blog","potentialAction":[{"@type":"SearchAction","target":{"@type":"EntryPoint","urlTemplate":"https:\/\/20bet.cafe\/sq\/?s={search_term_string}"},"query-input":{"@type":"PropertyValueSpecification","valueRequired":true,"valueName":"search_term_string"}}],"inLanguage":"sq"}]}},"_links":{"self":[{"href":"https:\/\/20bet.cafe\/sq\/wp-json\/wp\/v2\/pages\/441","targetHints":{"allow":["GET"]}}],"collection":[{"href":"https:\/\/20bet.cafe\/sq\/wp-json\/wp\/v2\/pages"}],"about":[{"href":"https:\/\/20bet.cafe\/sq\/wp-json\/wp\/v2\/types\/page"}],"author":[{"embeddable":true,"href":"https:\/\/20bet.cafe\/sq\/wp-json\/wp\/v2\/users\/1"}],"replies":[{"embeddable":true,"href":"https:\/\/20bet.cafe\/sq\/wp-json\/wp\/v2\/comments?post=441"}],"version-history":[{"count":6,"href":"https:\/\/20bet.cafe\/sq\/wp-json\/wp\/v2\/pages\/441\/revisions"}],"predecessor-version":[{"id":512,"href":"https:\/\/20bet.cafe\/sq\/wp-json\/wp\/v2\/pages\/441\/revisions\/512"}],"up":[{"embeddable":true,"href":"https:\/\/20bet.cafe\/sq\/wp-json\/wp\/v2\/pages\/225"}],"wp:attachment":[{"href":"https:\/\/20bet.cafe\/sq\/wp-json\/wp\/v2\/media?parent=441"}],"curies":[{"name":"wp","href":"https:\/\/api.w.org\/{rel}","templated":true}]}}