{"id":445,"date":"2025-09-04T14:12:51","date_gmt":"2025-09-04T14:12:51","guid":{"rendered":"https:\/\/20bet.cafe\/sq\/?page_id=445"},"modified":"2025-11-20T18:50:10","modified_gmt":"2025-11-20T18:50:10","slug":"reload-casino","status":"publish","type":"page","link":"https:\/\/20bet.cafe\/sq\/bonus\/reload-casino\/","title":{"rendered":"Rifresko kazinon\u00eb"},"content":{"rendered":"","protected":false},"excerpt":{"rendered":"","protected":false},"author":1,"featured_media":0,"parent":225,"menu_order":0,"comment_status":"closed","ping_status":"closed","template":"","meta":{"footnotes":""},"class_list":["post-445","page","type-page","status-publish","hentry"],"yoast_head":"<!-- This site is optimized with the Yoast SEO plugin v26.6 - https:\/\/yoast.com\/wordpress\/plugins\/seo\/ -->\n<title>Bonusi i Rimbushjes s\u00eb 20Bet t\u00eb Premten \u1409 deri n\u00eb 9.500 ALL!<\/title>\n<meta name=\"description\" content=\"\u00c7do t\u00eb premte n\u00eb Kazinon\u00eb 20Bet, merrni nj\u00eb bonus rimbushjeje prej 50% deri n\u00eb 9.500 lek\u00eb n\u00eb depozit\u00ebn tuaj. Zbuloni se si ta aktivizoni ofert\u00ebn dhe shijoni procesin e loj\u00ebs me fonde shtes\u00eb!\" \/>\n<meta name=\"robots\" content=\"index, follow, max-snippet:-1, max-image-preview:large, max-video-preview:-1\" \/>\n<meta property=\"og:locale\" content=\"sq_AL\" \/>\n<meta property=\"og:type\" content=\"article\" \/>\n<meta property=\"og:title\" content=\"Bonusi i Rimbushjes s\u00eb 20Bet t\u00eb Premten \u1409 deri n\u00eb 9.500 ALL!\" \/>\n<meta property=\"og:description\" content=\"\u00c7do t\u00eb premte n\u00eb Kazinon\u00eb 20Bet, merrni nj\u00eb bonus rimbushjeje prej 50% deri n\u00eb 9.500 lek\u00eb n\u00eb depozit\u00ebn tuaj. Zbuloni se si ta aktivizoni ofert\u00ebn dhe shijoni procesin e loj\u00ebs me fonde shtes\u00eb!\" \/>\n<meta property=\"og:url\" content=\"https:\/\/20bet.cafe\/sq\/bonus\/reload-casino\/\" \/>\n<meta property=\"og:site_name\" content=\"20bet Cafe sq\" \/>\n<meta property=\"article:modified_time\" content=\"2025-11-20T18:50:10+00:00\" \/>\n<meta name=\"twitter:card\" content=\"summary_large_image\" \/>\n<script type=\"application\/ld+json\" class=\"yoast-schema-graph\">{\"@context\":\"https:\/\/schema.org\",\"@graph\":[{\"@type\":\"WebPage\",\"@id\":\"https:\/\/20bet.cafe\/sq\/bonus\/reload-casino\/\",\"url\":\"https:\/\/20bet.cafe\/sq\/bonus\/reload-casino\/\",\"name\":\"Bonusi i Rimbushjes s\u00eb 20Bet t\u00eb Premten \u1409 deri n\u00eb 9.500 ALL!\",\"isPartOf\":{\"@id\":\"https:\/\/20bet.cafe\/sq\/#website\"},\"datePublished\":\"2025-09-04T14:12:51+00:00\",\"dateModified\":\"2025-11-20T18:50:10+00:00\",\"description\":\"\u00c7do t\u00eb premte n\u00eb Kazinon\u00eb 20Bet, merrni nj\u00eb bonus rimbushjeje prej 50% deri n\u00eb 9.500 lek\u00eb n\u00eb depozit\u00ebn tuaj. Zbuloni se si ta aktivizoni ofert\u00ebn dhe shijoni procesin e loj\u00ebs me fonde shtes\u00eb!\",\"breadcrumb\":{\"@id\":\"https:\/\/20bet.cafe\/sq\/bonus\/reload-casino\/#breadcrumb\"},\"inLanguage\":\"sq\",\"potentialAction\":[{\"@type\":\"ReadAction\",\"target\":[\"https:\/\/20bet.cafe\/sq\/bonus\/reload-casino\/\"]}]},{\"@type\":\"BreadcrumbList\",\"@id\":\"https:\/\/20bet.cafe\/sq\/bonus\/reload-casino\/#breadcrumb\",\"itemListElement\":[{\"@type\":\"ListItem\",\"position\":1,\"name\":\"Home\",\"item\":\"https:\/\/20bet.cafe\/sq\/\"},{\"@type\":\"ListItem\",\"position\":2,\"name\":\"Bonus\",\"item\":\"https:\/\/20bet.cafe\/sq\/bonus\/\"},{\"@type\":\"ListItem\",\"position\":3,\"name\":\"Rifresko kazinon\u00eb\"}]},{\"@type\":\"WebSite\",\"@id\":\"https:\/\/20bet.cafe\/sq\/#website\",\"url\":\"https:\/\/20bet.cafe\/sq\/\",\"name\":\"20bet Cafe sq\",\"description\":\"My WordPress Blog\",\"potentialAction\":[{\"@type\":\"SearchAction\",\"target\":{\"@type\":\"EntryPoint\",\"urlTemplate\":\"https:\/\/20bet.cafe\/sq\/?s={search_term_string}\"},\"query-input\":{\"@type\":\"PropertyValueSpecification\",\"valueRequired\":true,\"valueName\":\"search_term_string\"}}],\"inLanguage\":\"sq\"}]}<\/script>\n<!-- \/ Yoast SEO plugin. -->","yoast_head_json":{"title":"Bonusi i Rimbushjes s\u00eb 20Bet t\u00eb Premten \u1409 deri n\u00eb 9.500 ALL!","description":"\u00c7do t\u00eb premte n\u00eb Kazinon\u00eb 20Bet, merrni nj\u00eb bonus rimbushjeje prej 50% deri n\u00eb 9.500 lek\u00eb n\u00eb depozit\u00ebn tuaj. Zbuloni se si ta aktivizoni ofert\u00ebn dhe shijoni procesin e loj\u00ebs me fonde shtes\u00eb!","robots":{"index":"index","follow":"follow","max-snippet":"max-snippet:-1","max-image-preview":"max-image-preview:large","max-video-preview":"max-video-preview:-1"},"og_locale":"sq_AL","og_type":"article","og_title":"Bonusi i Rimbushjes s\u00eb 20Bet t\u00eb Premten \u1409 deri n\u00eb 9.500 ALL!","og_description":"\u00c7do t\u00eb premte n\u00eb Kazinon\u00eb 20Bet, merrni nj\u00eb bonus rimbushjeje prej 50% deri n\u00eb 9.500 lek\u00eb n\u00eb depozit\u00ebn tuaj. Zbuloni se si ta aktivizoni ofert\u00ebn dhe shijoni procesin e loj\u00ebs me fonde shtes\u00eb!","og_url":"https:\/\/20bet.cafe\/sq\/bonus\/reload-casino\/","og_site_name":"20bet Cafe sq","article_modified_time":"2025-11-20T18:50:10+00:00","twitter_card":"summary_large_image","schema":{"@context":"https:\/\/schema.org","@graph":[{"@type":"WebPage","@id":"https:\/\/20bet.cafe\/sq\/bonus\/reload-casino\/","url":"https:\/\/20bet.cafe\/sq\/bonus\/reload-casino\/","name":"Bonusi i Rimbushjes s\u00eb 20Bet t\u00eb Premten \u1409 deri n\u00eb 9.500 ALL!","isPartOf":{"@id":"https:\/\/20bet.cafe\/sq\/#website"},"datePublished":"2025-09-04T14:12:51+00:00","dateModified":"2025-11-20T18:50:10+00:00","description":"\u00c7do t\u00eb premte n\u00eb Kazinon\u00eb 20Bet, merrni nj\u00eb bonus rimbushjeje prej 50% deri n\u00eb 9.500 lek\u00eb n\u00eb depozit\u00ebn tuaj. Zbuloni se si ta aktivizoni ofert\u00ebn dhe shijoni procesin e loj\u00ebs me fonde shtes\u00eb!","breadcrumb":{"@id":"https:\/\/20bet.cafe\/sq\/bonus\/reload-casino\/#breadcrumb"},"inLanguage":"sq","potentialAction":[{"@type":"ReadAction","target":["https:\/\/20bet.cafe\/sq\/bonus\/reload-casino\/"]}]},{"@type":"BreadcrumbList","@id":"https:\/\/20bet.cafe\/sq\/bonus\/reload-casino\/#breadcrumb","itemListElement":[{"@type":"ListItem","position":1,"name":"Home","item":"https:\/\/20bet.cafe\/sq\/"},{"@type":"ListItem","position":2,"name":"Bonus","item":"https:\/\/20bet.cafe\/sq\/bonus\/"},{"@type":"ListItem","position":3,"name":"Rifresko kazinon\u00eb"}]},{"@type":"WebSite","@id":"https:\/\/20bet.cafe\/sq\/#website","url":"https:\/\/20bet.cafe\/sq\/","name":"20bet Cafe sq","description":"My WordPress Blog","potentialAction":[{"@type":"SearchAction","target":{"@type":"EntryPoint","urlTemplate":"https:\/\/20bet.cafe\/sq\/?s={search_term_string}"},"query-input":{"@type":"PropertyValueSpecification","valueRequired":true,"valueName":"search_term_string"}}],"inLanguage":"sq"}]}},"_links":{"self":[{"href":"https:\/\/20bet.cafe\/sq\/wp-json\/wp\/v2\/pages\/445","targetHints":{"allow":["GET"]}}],"collection":[{"href":"https:\/\/20bet.cafe\/sq\/wp-json\/wp\/v2\/pages"}],"about":[{"href":"https:\/\/20bet.cafe\/sq\/wp-json\/wp\/v2\/types\/page"}],"author":[{"embeddable":true,"href":"https:\/\/20bet.cafe\/sq\/wp-json\/wp\/v2\/users\/1"}],"replies":[{"embeddable":true,"href":"https:\/\/20bet.cafe\/sq\/wp-json\/wp\/v2\/comments?post=445"}],"version-history":[{"count":4,"href":"https:\/\/20bet.cafe\/sq\/wp-json\/wp\/v2\/pages\/445\/revisions"}],"predecessor-version":[{"id":496,"href":"https:\/\/20bet.cafe\/sq\/wp-json\/wp\/v2\/pages\/445\/revisions\/496"}],"up":[{"embeddable":true,"href":"https:\/\/20bet.cafe\/sq\/wp-json\/wp\/v2\/pages\/225"}],"wp:attachment":[{"href":"https:\/\/20bet.cafe\/sq\/wp-json\/wp\/v2\/media?parent=445"}],"curies":[{"name":"wp","href":"https:\/\/api.w.org\/{rel}","templated":true}]}}