{"id":2,"date":"2023-05-18T17:18:34","date_gmt":"2023-05-18T17:18:34","guid":{"rendered":"https:\/\/20bet.cafe\/sr\/?page_id=2"},"modified":"2026-01-12T14:07:54","modified_gmt":"2026-01-12T14:07:54","slug":"sample-page","status":"publish","type":"page","link":"https:\/\/20bet.cafe\/sr\/","title":{"rendered":"\u0414\u043e\u043c"},"content":{"rendered":"","protected":false},"excerpt":{"rendered":"","protected":false},"author":1,"featured_media":0,"parent":0,"menu_order":0,"comment_status":"closed","ping_status":"open","template":"","meta":{"footnotes":""},"class_list":["post-2","page","type-page","status-publish","hentry"],"yoast_head":"<!-- This site is optimized with the Yoast SEO plugin v26.6 - https:\/\/yoast.com\/wordpress\/plugins\/seo\/ -->\n<title>20Bet Srbija \u2013 Sportsko Kla\u0111enje &amp; Kvote \u2014 2026<\/title>\n<meta name=\"description\" content=\"20 Bet nudi sportsko kla\u0111enje za RS sa stabilnim kvotama, analizama me\u010deva i tipovima za iskusne igra\u010de.\" \/>\n<meta name=\"robots\" content=\"index, follow, max-snippet:-1, max-image-preview:large, max-video-preview:-1\" \/>\n<meta property=\"og:locale\" content=\"sr_RS\" \/>\n<meta property=\"og:type\" content=\"article\" \/>\n<meta property=\"og:title\" content=\"20Bet Srbija \u2013 Sportsko Kla\u0111enje &amp; Kvote \u2014 2026\" \/>\n<meta property=\"og:description\" content=\"20 Bet nudi sportsko kla\u0111enje za RS sa stabilnim kvotama, analizama me\u010deva i tipovima za iskusne igra\u010de.\" \/>\n<meta property=\"og:url\" content=\"https:\/\/20bet.cafe\/sr\/\" \/>\n<meta property=\"og:site_name\" content=\"20Bet Cafe sr\" \/>\n<meta property=\"article:modified_time\" content=\"2026-01-12T14:07:54+00:00\" \/>\n<meta name=\"twitter:card\" content=\"summary_large_image\" \/>\n<script type=\"application\/ld+json\" class=\"yoast-schema-graph\">{\"@context\":\"https:\/\/schema.org\",\"@graph\":[{\"@type\":\"WebPage\",\"@id\":\"https:\/\/20bet.cafe\/sr\/\",\"url\":\"https:\/\/20bet.cafe\/sr\/\",\"name\":\"20Bet Srbija \u2013 Sportsko Kla\u0111enje & Kvote \u2014 2026\",\"isPartOf\":{\"@id\":\"https:\/\/20bet.cafe\/sr\/#website\"},\"datePublished\":\"2023-05-18T17:18:34+00:00\",\"dateModified\":\"2026-01-12T14:07:54+00:00\",\"description\":\"20 Bet nudi sportsko kla\u0111enje za RS sa stabilnim kvotama, analizama me\u010deva i tipovima za iskusne igra\u010de.\",\"breadcrumb\":{\"@id\":\"https:\/\/20bet.cafe\/sr\/#breadcrumb\"},\"inLanguage\":\"sr-RS\",\"potentialAction\":[{\"@type\":\"ReadAction\",\"target\":[\"https:\/\/20bet.cafe\/sr\/\"]}]},{\"@type\":\"BreadcrumbList\",\"@id\":\"https:\/\/20bet.cafe\/sr\/#breadcrumb\",\"itemListElement\":[{\"@type\":\"ListItem\",\"position\":1,\"name\":\"Home\",\"item\":\"https:\/\/20bet.cafe\/sr\/\"},{\"@type\":\"ListItem\",\"position\":2,\"name\":\"\u0414\u043e\u043c\"}]},{\"@type\":\"WebSite\",\"@id\":\"https:\/\/20bet.cafe\/sr\/#website\",\"url\":\"https:\/\/20bet.cafe\/sr\/\",\"name\":\"20Bet Cafe sr\",\"description\":\"My WordPress Blog\",\"potentialAction\":[{\"@type\":\"SearchAction\",\"target\":{\"@type\":\"EntryPoint\",\"urlTemplate\":\"https:\/\/20bet.cafe\/sr\/?s={search_term_string}\"},\"query-input\":{\"@type\":\"PropertyValueSpecification\",\"valueRequired\":true,\"valueName\":\"search_term_string\"}}],\"inLanguage\":\"sr-RS\"}]}<\/script>\n<!-- \/ Yoast SEO plugin. -->","yoast_head_json":{"title":"20Bet Srbija \u2013 Sportsko Kla\u0111enje & Kvote \u2014 2026","description":"20 Bet nudi sportsko kla\u0111enje za RS sa stabilnim kvotama, analizama me\u010deva i tipovima za iskusne igra\u010de.","robots":{"index":"index","follow":"follow","max-snippet":"max-snippet:-1","max-image-preview":"max-image-preview:large","max-video-preview":"max-video-preview:-1"},"og_locale":"sr_RS","og_type":"article","og_title":"20Bet Srbija \u2013 Sportsko Kla\u0111enje & Kvote \u2014 2026","og_description":"20 Bet nudi sportsko kla\u0111enje za RS sa stabilnim kvotama, analizama me\u010deva i tipovima za iskusne igra\u010de.","og_url":"https:\/\/20bet.cafe\/sr\/","og_site_name":"20Bet Cafe sr","article_modified_time":"2026-01-12T14:07:54+00:00","twitter_card":"summary_large_image","schema":{"@context":"https:\/\/schema.org","@graph":[{"@type":"WebPage","@id":"https:\/\/20bet.cafe\/sr\/","url":"https:\/\/20bet.cafe\/sr\/","name":"20Bet Srbija \u2013 Sportsko Kla\u0111enje & Kvote \u2014 2026","isPartOf":{"@id":"https:\/\/20bet.cafe\/sr\/#website"},"datePublished":"2023-05-18T17:18:34+00:00","dateModified":"2026-01-12T14:07:54+00:00","description":"20 Bet nudi sportsko kla\u0111enje za RS sa stabilnim kvotama, analizama me\u010deva i tipovima za iskusne igra\u010de.","breadcrumb":{"@id":"https:\/\/20bet.cafe\/sr\/#breadcrumb"},"inLanguage":"sr-RS","potentialAction":[{"@type":"ReadAction","target":["https:\/\/20bet.cafe\/sr\/"]}]},{"@type":"BreadcrumbList","@id":"https:\/\/20bet.cafe\/sr\/#breadcrumb","itemListElement":[{"@type":"ListItem","position":1,"name":"Home","item":"https:\/\/20bet.cafe\/sr\/"},{"@type":"ListItem","position":2,"name":"\u0414\u043e\u043c"}]},{"@type":"WebSite","@id":"https:\/\/20bet.cafe\/sr\/#website","url":"https:\/\/20bet.cafe\/sr\/","name":"20Bet Cafe sr","description":"My WordPress Blog","potentialAction":[{"@type":"SearchAction","target":{"@type":"EntryPoint","urlTemplate":"https:\/\/20bet.cafe\/sr\/?s={search_term_string}"},"query-input":{"@type":"PropertyValueSpecification","valueRequired":true,"valueName":"search_term_string"}}],"inLanguage":"sr-RS"}]}},"_links":{"self":[{"href":"https:\/\/20bet.cafe\/sr\/wp-json\/wp\/v2\/pages\/2","targetHints":{"allow":["GET"]}}],"collection":[{"href":"https:\/\/20bet.cafe\/sr\/wp-json\/wp\/v2\/pages"}],"about":[{"href":"https:\/\/20bet.cafe\/sr\/wp-json\/wp\/v2\/types\/page"}],"author":[{"embeddable":true,"href":"https:\/\/20bet.cafe\/sr\/wp-json\/wp\/v2\/users\/1"}],"replies":[{"embeddable":true,"href":"https:\/\/20bet.cafe\/sr\/wp-json\/wp\/v2\/comments?post=2"}],"version-history":[{"count":32,"href":"https:\/\/20bet.cafe\/sr\/wp-json\/wp\/v2\/pages\/2\/revisions"}],"predecessor-version":[{"id":514,"href":"https:\/\/20bet.cafe\/sr\/wp-json\/wp\/v2\/pages\/2\/revisions\/514"}],"wp:attachment":[{"href":"https:\/\/20bet.cafe\/sr\/wp-json\/wp\/v2\/media?parent=2"}],"curies":[{"name":"wp","href":"https:\/\/api.w.org\/{rel}","templated":true}]}}